{"id":9946,"date":"2024-12-12T13:29:47","date_gmt":"2024-12-12T12:29:47","guid":{"rendered":"https:\/\/kanga.exchange\/shop\/?post_type=product&#038;p=9946"},"modified":"2025-09-19T13:15:59","modified_gmt":"2025-09-19T11:15:59","slug":"ksiaza-nielegalne","status":"publish","type":"product","link":"https:\/\/kanga.exchange\/shop\/produkt\/ksiaza-nielegalne\/","title":{"rendered":"Ksi\u0105\u017cka Joel Salatin"},"content":{"rendered":"<p><span style=\"font-weight: 400;\">Joel Salatin, ameryka\u0144ski rolnik i libertarianin, krytykuje rosn\u0105c\u0105 kontrol\u0119 rz\u0105d\u00f3w i globalnych organizacji nad rolnictwem i \u017cywno\u015bci\u0105, kt\u00f3ra zagra\u017ca lokalnym farmerom. Jego rodzinna farma, Polyface Farm, produkuje zdrow\u0105 \u017cywno\u015b\u0107, ale zmaga si\u0119 z coraz bardziej restrykcyjnymi regulacjami, kt\u00f3re utrudniaj\u0105 \u017cycie rolnikom. Salatin wskazuje na niebezpiecze\u0144stwo globalnej inwigilacji, gdzie rz\u0105dy i korporacje pr\u00f3buj\u0105 kontrolowa\u0107 ka\u017cdy aspekt produkcji \u017cywno\u015bci i ziemi. Zamiast poddawa\u0107 si\u0119 tej tyranii, nawo\u0142uje do obchodzenia przepis\u00f3w, by zachowa\u0107 wolno\u015b\u0107 i niezale\u017cno\u015b\u0107 w produkcji \u017cywno\u015bci.<\/span><\/p>\n<p><span style=\"font-weight: 400;\">Przyjemnej lektury!<\/span><\/p>\n<p><span style=\"font-weight: 400;\">Informacje o produkcie:<\/span><\/p>\n<p><span style=\"font-weight: 400;\">Tytu\u0142: Wszystko, co robi\u0119, jest nielegalne<\/span><\/p>\n<p><span style=\"font-weight: 400;\">Tytu\u0142 oryginalny: All What I Want To Do Is illegal<\/span><\/p>\n<p><span style=\"font-weight: 400;\">Autor: Joel Salatin<\/span><\/p>\n<p><span style=\"font-weight: 400;\">Przek\u0142ad z angielskiego: Daria Paulina Domachowska<\/span><\/p>\n<p><span style=\"font-weight: 400;\">Wydawnictwo: FijorPodolskiPress<\/span><\/p>\n<p><span style=\"font-weight: 400;\">J\u0119zyk wydania: polski<\/span><\/p>\n<p><span style=\"font-weight: 400;\">Ok\u0142adka: mi\u0119kka\u00a0<\/span><\/p>\n<p><span style=\"font-weight: 400;\">Liczba stron: 452<\/span><\/p>\n<p><span style=\"font-weight: 400;\">P\u0142atno\u015b\u0107 Kanga Pay daje rabat -15%.<\/span><\/p>\n","protected":false},"excerpt":{"rendered":"<p><span style=\"font-weight: 400;\">Joel Salatin<\/span><\/p>\n<p><span style=\"font-weight: 400;\">Wszystko, co robi\u0119, jest nielegalne<\/span><\/p>\n<p><span style=\"font-weight: 400;\">P\u0142atno\u015b\u0107 Kanga Pay daje rabat -15%.<\/span><\/p>\n","protected":false},"featured_media":9945,"comment_status":"open","ping_status":"closed","template":"","meta":{"inline_featured_image":false},"product_brand":[],"product_cat":[83],"product_tag":[],"class_list":{"0":"post-9946","1":"product","2":"type-product","3":"status-publish","4":"has-post-thumbnail","6":"product_cat-ksiazki","8":"first","9":"instock","10":"sale","11":"taxable","12":"shipping-taxable","13":"purchasable","14":"product-type-simple"},"_links":{"self":[{"href":"https:\/\/kanga.exchange\/shop\/wp-json\/wp\/v2\/product\/9946","targetHints":{"allow":["GET"]}}],"collection":[{"href":"https:\/\/kanga.exchange\/shop\/wp-json\/wp\/v2\/product"}],"about":[{"href":"https:\/\/kanga.exchange\/shop\/wp-json\/wp\/v2\/types\/product"}],"replies":[{"embeddable":true,"href":"https:\/\/kanga.exchange\/shop\/wp-json\/wp\/v2\/comments?post=9946"}],"wp:featuredmedia":[{"embeddable":true,"href":"https:\/\/kanga.exchange\/shop\/wp-json\/wp\/v2\/media\/9945"}],"wp:attachment":[{"href":"https:\/\/kanga.exchange\/shop\/wp-json\/wp\/v2\/media?parent=9946"}],"wp:term":[{"taxonomy":"product_brand","embeddable":true,"href":"https:\/\/kanga.exchange\/shop\/wp-json\/wp\/v2\/product_brand?post=9946"},{"taxonomy":"product_cat","embeddable":true,"href":"https:\/\/kanga.exchange\/shop\/wp-json\/wp\/v2\/product_cat?post=9946"},{"taxonomy":"product_tag","embeddable":true,"href":"https:\/\/kanga.exchange\/shop\/wp-json\/wp\/v2\/product_tag?post=9946"}],"curies":[{"name":"wp","href":"https:\/\/api.w.org\/{rel}","templated":true}]}}