{"id":9936,"date":"2024-12-12T12:57:04","date_gmt":"2024-12-12T11:57:04","guid":{"rendered":"https:\/\/kanga.exchange\/shop\/?post_type=product&#038;p=9936"},"modified":"2025-09-19T13:34:47","modified_gmt":"2025-09-19T11:34:47","slug":"ksiazka-zywnosc-dekretowa","status":"publish","type":"product","link":"https:\/\/kanga.exchange\/shop\/produkt\/ksiazka-zywnosc-dekretowa\/","title":{"rendered":"Ksi\u0105\u017cka \u017bywno\u015b\u0107 dekretowa"},"content":{"rendered":"<p><span style=\"font-weight: 400;\">&#8222;\u017bywno\u015b\u0107 dekretowa&#8221; Matthew Lysiaka i Saifedeana Ammousa demaskuje, jak polityka rz\u0105d\u00f3w zmieni\u0142a nasze nawyki \u017cywieniowe, promuj\u0105c sztuczne produkty kosztem zdrowia spo\u0142ecze\u0144stw, oraz oferuje praktyczne porady i przepisy, by odzyska\u0107 kontrol\u0119 nad diet\u0105 i zdrowiem.<\/span><\/p>\n<p><span style=\"font-weight: 400;\">Przyjemnej lektury!<\/span><\/p>\n<p><span style=\"font-weight: 400;\">Informacje o produkcie:<\/span><\/p>\n<p><span style=\"font-weight: 400;\">Tytu\u0142: \u017bywno\u015b\u0107 dekretowa &#8211; czym karmi nas rz\u0105d<\/span><\/p>\n<p><span style=\"font-weight: 400;\">Tytu\u0142 oryginalny: Fiat Food\uff1aWhy Inflation Destroyed Our Health and How Bitcoin Fixed It<\/span><\/p>\n<p><span style=\"font-weight: 400;\">Autor: Lysiak Matthew<\/span><\/p>\n<p><span style=\"font-weight: 400;\">Przek\u0142ad z angielskiego: Witold Falkowski<\/span><\/p>\n<p><span style=\"font-weight: 400;\">Wydawnictwo: FijorPodolskiPress<\/span><\/p>\n<p><span style=\"font-weight: 400;\">J\u0119zyk wydania: polski<\/span><\/p>\n<p><span style=\"font-weight: 400;\">Ok\u0142adka: mi\u0119kka\u00a0<\/span><\/p>\n<p><span style=\"font-weight: 400;\">Liczba stron: 335<\/span><\/p>\n<p><span style=\"font-weight: 400;\">P\u0142atno\u015b\u0107 Kanga Pay daje rabat -15%<\/span><\/p>\n","protected":false},"excerpt":{"rendered":"<p><span style=\"font-weight: 400;\">Lysiak Matthew<\/span><\/p>\n<p><span style=\"font-weight: 400;\">P\u0142atno\u015b\u0107 Kanga Pay daje rabat -15%<\/span><\/p>\n","protected":false},"featured_media":9935,"comment_status":"open","ping_status":"closed","template":"","meta":{"inline_featured_image":false},"product_brand":[],"product_cat":[83],"product_tag":[],"class_list":{"0":"post-9936","1":"product","2":"type-product","3":"status-publish","4":"has-post-thumbnail","6":"product_cat-ksiazki","8":"first","9":"instock","10":"sale","11":"taxable","12":"shipping-taxable","13":"purchasable","14":"product-type-simple"},"_links":{"self":[{"href":"https:\/\/kanga.exchange\/shop\/wp-json\/wp\/v2\/product\/9936","targetHints":{"allow":["GET"]}}],"collection":[{"href":"https:\/\/kanga.exchange\/shop\/wp-json\/wp\/v2\/product"}],"about":[{"href":"https:\/\/kanga.exchange\/shop\/wp-json\/wp\/v2\/types\/product"}],"replies":[{"embeddable":true,"href":"https:\/\/kanga.exchange\/shop\/wp-json\/wp\/v2\/comments?post=9936"}],"wp:featuredmedia":[{"embeddable":true,"href":"https:\/\/kanga.exchange\/shop\/wp-json\/wp\/v2\/media\/9935"}],"wp:attachment":[{"href":"https:\/\/kanga.exchange\/shop\/wp-json\/wp\/v2\/media?parent=9936"}],"wp:term":[{"taxonomy":"product_brand","embeddable":true,"href":"https:\/\/kanga.exchange\/shop\/wp-json\/wp\/v2\/product_brand?post=9936"},{"taxonomy":"product_cat","embeddable":true,"href":"https:\/\/kanga.exchange\/shop\/wp-json\/wp\/v2\/product_cat?post=9936"},{"taxonomy":"product_tag","embeddable":true,"href":"https:\/\/kanga.exchange\/shop\/wp-json\/wp\/v2\/product_tag?post=9936"}],"curies":[{"name":"wp","href":"https:\/\/api.w.org\/{rel}","templated":true}]}}