{"id":9926,"date":"2024-12-12T12:36:55","date_gmt":"2024-12-12T11:36:55","guid":{"rendered":"https:\/\/kanga.exchange\/shop\/?post_type=product&#038;p=9926"},"modified":"2026-03-03T09:05:19","modified_gmt":"2026-03-03T08:05:19","slug":"bluza-hodl-club","status":"publish","type":"product","link":"https:\/\/kanga.exchange\/shop\/produkt\/bluza-hodl-club\/","title":{"rendered":"Bluza Hodl Club"},"content":{"rendered":"<p><span style=\"font-weight: 400;\">Bluza o swobodnym kroju, wykonana z mi\u0119kkiej bawe\u0142ny.<\/span><\/p>\n<ul>\n<li style=\"font-weight: 400;\" aria-level=\"1\"><span style=\"font-weight: 400;\">Obszerny kaptur,<\/span><\/li>\n<li style=\"font-weight: 400;\" aria-level=\"1\"><span style=\"font-weight: 400;\">Obni\u017cona linia ramion i d\u0142ugie r\u0119kawy,<\/span><\/li>\n<li style=\"font-weight: 400;\" aria-level=\"1\"><span style=\"font-weight: 400;\">Dwie praktyczne kieszenie boczne,<\/span><\/li>\n<li style=\"font-weight: 400;\" aria-level=\"1\"><span style=\"font-weight: 400;\">Model zapinany na zamek,\u00a0<\/span><\/li>\n<li style=\"font-weight: 400;\" aria-level=\"1\"><span style=\"font-weight: 400;\">Na piersi znajduje si\u0119 stylowy nadruk z napisem Hodl Club.<\/span><\/li>\n<\/ul>\n<p><span style=\"font-weight: 400;\">P\u0142atno\u015b\u0107 Kanga Pay daje rabat -15%<\/span><\/p>\n","protected":false},"excerpt":{"rendered":"<p>Bluza o swobodnym kroju, wykonana z mi\u0119kkiej bawe\u0142ny. Obszerny kaptur, Obni\u017cona linia ramion i d\u0142ugie r\u0119kawy, Dwie praktyczne kieszenie boczne, Model zapinany na zamek,\u00a0 Na piersi znajduje si\u0119 stylowy nadruk z napisem Hodl Club. P\u0142atno\u015b\u0107 Kanga Pay daje rabat -15%<\/p>\n","protected":false},"featured_media":9925,"comment_status":"open","ping_status":"closed","template":"","meta":{"inline_featured_image":false},"product_brand":[],"product_cat":[153,110],"product_tag":[],"class_list":{"0":"post-9926","1":"product","2":"type-product","3":"status-publish","4":"has-post-thumbnail","6":"product_cat-odzieziakcesoria","7":"product_cat-bluzy","8":"pa_size-l-pl","9":"pa_size-m-pl","10":"pa_size-s-pl","11":"pa_size-xl-pl","13":"first","14":"instock","15":"taxable","16":"shipping-taxable","17":"purchasable","18":"product-type-variable","19":"has-default-attributes"},"_links":{"self":[{"href":"https:\/\/kanga.exchange\/shop\/wp-json\/wp\/v2\/product\/9926","targetHints":{"allow":["GET"]}}],"collection":[{"href":"https:\/\/kanga.exchange\/shop\/wp-json\/wp\/v2\/product"}],"about":[{"href":"https:\/\/kanga.exchange\/shop\/wp-json\/wp\/v2\/types\/product"}],"replies":[{"embeddable":true,"href":"https:\/\/kanga.exchange\/shop\/wp-json\/wp\/v2\/comments?post=9926"}],"wp:featuredmedia":[{"embeddable":true,"href":"https:\/\/kanga.exchange\/shop\/wp-json\/wp\/v2\/media\/9925"}],"wp:attachment":[{"href":"https:\/\/kanga.exchange\/shop\/wp-json\/wp\/v2\/media?parent=9926"}],"wp:term":[{"taxonomy":"product_brand","embeddable":true,"href":"https:\/\/kanga.exchange\/shop\/wp-json\/wp\/v2\/product_brand?post=9926"},{"taxonomy":"product_cat","embeddable":true,"href":"https:\/\/kanga.exchange\/shop\/wp-json\/wp\/v2\/product_cat?post=9926"},{"taxonomy":"product_tag","embeddable":true,"href":"https:\/\/kanga.exchange\/shop\/wp-json\/wp\/v2\/product_tag?post=9926"}],"curies":[{"name":"wp","href":"https:\/\/api.w.org\/{rel}","templated":true}]}}