{"id":9914,"date":"2024-12-12T12:25:28","date_gmt":"2024-12-12T11:25:28","guid":{"rendered":"https:\/\/kanga.exchange\/shop\/?post_type=product&#038;p=9914"},"modified":"2025-09-19T14:01:49","modified_gmt":"2025-09-19T12:01:49","slug":"bluza-bitcoin","status":"publish","type":"product","link":"https:\/\/kanga.exchange\/shop\/produkt\/bluza-bitcoin\/","title":{"rendered":"Bluza Bitcoin"},"content":{"rendered":"<p><span style=\"font-weight: 400;\">Bluza o lu\u017anym fasonie, uszyta z mi\u0119kkiej bawe\u0142ny.<\/span><\/p>\n<ul>\n<li style=\"font-weight: 400;\" aria-level=\"1\"><span style=\"font-weight: 400;\">Posiada obszerny kaptur,<\/span><\/li>\n<li style=\"font-weight: 400;\" aria-level=\"1\"><span style=\"font-weight: 400;\">Obni\u017cona linia ramion oraz d\u0142ugie r\u0119kawy,<\/span><\/li>\n<li style=\"font-weight: 400;\" aria-level=\"1\"><span style=\"font-weight: 400;\">Praktyczna kiesze\u0144 typu kangurek,<\/span><\/li>\n<li style=\"font-weight: 400;\" aria-level=\"1\"><span style=\"font-weight: 400;\">Z przodu znajduje si\u0119 nadruk z motywem znanej myszki.<\/span><\/li>\n<\/ul>\n<p><span style=\"font-weight: 400;\">P\u0142atno\u015b\u0107 Kanga Pay daje rabat -15%<\/span><\/p>\n","protected":false},"excerpt":{"rendered":"<p>Bluza o lu\u017anym fasonie, uszyta z mi\u0119kkiej bawe\u0142ny. Posiada obszerny kaptur, Obni\u017cona linia ramion oraz d\u0142ugie r\u0119kawy, Praktyczna kiesze\u0144 typu kangurek, Z przodu znajduje si\u0119 nadruk z motywem znanej myszki. P\u0142atno\u015b\u0107 Kanga Pay daje rabat -15%<\/p>\n","protected":false},"featured_media":9906,"comment_status":"open","ping_status":"closed","template":"","meta":{"inline_featured_image":false},"product_brand":[],"product_cat":[153,110],"product_tag":[],"class_list":{"0":"post-9914","1":"product","2":"type-product","3":"status-publish","4":"has-post-thumbnail","6":"product_cat-odzieziakcesoria","7":"product_cat-bluzy","8":"pa_size-l-pl","9":"pa_size-m-pl","10":"pa_size-s-pl","11":"pa_size-xl-pl","13":"first","14":"instock","15":"taxable","16":"shipping-taxable","17":"purchasable","18":"product-type-variable","19":"has-default-attributes"},"_links":{"self":[{"href":"https:\/\/kanga.exchange\/shop\/wp-json\/wp\/v2\/product\/9914","targetHints":{"allow":["GET"]}}],"collection":[{"href":"https:\/\/kanga.exchange\/shop\/wp-json\/wp\/v2\/product"}],"about":[{"href":"https:\/\/kanga.exchange\/shop\/wp-json\/wp\/v2\/types\/product"}],"replies":[{"embeddable":true,"href":"https:\/\/kanga.exchange\/shop\/wp-json\/wp\/v2\/comments?post=9914"}],"wp:featuredmedia":[{"embeddable":true,"href":"https:\/\/kanga.exchange\/shop\/wp-json\/wp\/v2\/media\/9906"}],"wp:attachment":[{"href":"https:\/\/kanga.exchange\/shop\/wp-json\/wp\/v2\/media?parent=9914"}],"wp:term":[{"taxonomy":"product_brand","embeddable":true,"href":"https:\/\/kanga.exchange\/shop\/wp-json\/wp\/v2\/product_brand?post=9914"},{"taxonomy":"product_cat","embeddable":true,"href":"https:\/\/kanga.exchange\/shop\/wp-json\/wp\/v2\/product_cat?post=9914"},{"taxonomy":"product_tag","embeddable":true,"href":"https:\/\/kanga.exchange\/shop\/wp-json\/wp\/v2\/product_tag?post=9914"}],"curies":[{"name":"wp","href":"https:\/\/api.w.org\/{rel}","templated":true}]}}