{"id":9190,"date":"2024-09-13T16:37:40","date_gmt":"2024-09-13T14:37:40","guid":{"rendered":"https:\/\/kanga.exchange\/shop\/?post_type=product&#038;p=9190"},"modified":"2026-03-15T20:03:11","modified_gmt":"2026-03-15T19:03:11","slug":"koszulka-dla-dzieci-2","status":"publish","type":"product","link":"https:\/\/kanga.exchange\/shop\/produkt\/koszulka-dla-dzieci-2\/","title":{"rendered":"Koszulka dla dzieci"},"content":{"rendered":"<p><span style=\"font-weight: 400;\">Koszulka dzieci\u0119ca ozdobiona wyj\u0105tkow\u0105 grafik\u0105 smoka trzymaj\u0105cego w \u0142apkach bitcoina. Wykonana z wysokiej jako\u015bci bawe\u0142ny, o gramaturze 150 g\/m\u00b2 w kolorze czarnym.<\/span><\/p>\n<p><span style=\"font-weight: 400;\">P\u0142atno\u015b\u0107 Kanga Pay daje rabat -15%<\/span><\/p>\n<ul>\n<li style=\"font-weight: 400;\" aria-level=\"1\"><span style=\"font-weight: 400;\">Dekolt wyko\u0144czony dwuwarstwowym \u015bci\u0105gaczem z elastanem, co zapewnia d\u0142u\u017csz\u0105 trwa\u0142o\u015b\u0107<\/span><\/li>\n<li style=\"font-weight: 400;\" aria-level=\"1\"><span style=\"font-weight: 400;\">Kark i ramiona z kontrastow\u0105 ta\u015bm\u0105 wzmacniaj\u0105c\u0105 i stabilizuj\u0105c\u0105<\/span><\/li>\n<li style=\"font-weight: 400;\" aria-level=\"1\"><span style=\"font-weight: 400;\">Boki bezszwowe, co podnosi komfort noszenia<\/span><\/li>\n<li style=\"font-weight: 400;\" aria-level=\"1\"><span style=\"font-weight: 400;\">Podw\u00f3jne g\u0119ste szwy dla wi\u0119kszej trwa\u0142o\u015bci<\/span><\/li>\n<\/ul>\n<p><span style=\"font-weight: 400;\">Dost\u0119pna w kolorze czarnym i w rozmiarach dzieci\u0119cych: 110, 132, 156.<\/span><\/p>\n","protected":false},"excerpt":{"rendered":"<p><span style=\"font-weight: 400;\">Koszulka dzieci\u0119ca ozdobiona wyj\u0105tkow\u0105 grafik\u0105 smoka trzymaj\u0105cego w \u0142apkach bitcoina. Wykonana z wysokiej jako\u015bci bawe\u0142ny, o gramaturze 150 g\/m\u00b2 w kolorze czarnym.<\/span><\/p>\n<p><span style=\"font-weight: 400;\">P\u0142atno\u015b\u0107 Kanga Pay daje rabat -15%<\/span><\/p>\n","protected":false},"featured_media":9207,"comment_status":"open","ping_status":"closed","template":"","meta":{"inline_featured_image":false},"product_brand":[],"product_cat":[153,54],"product_tag":[],"class_list":{"0":"post-9190","1":"product","2":"type-product","3":"status-publish","4":"has-post-thumbnail","6":"product_cat-odzieziakcesoria","7":"product_cat-t-shirty","9":"first","10":"instock","11":"taxable","12":"shipping-taxable","13":"purchasable","14":"product-type-variable","15":"has-default-attributes"},"_links":{"self":[{"href":"https:\/\/kanga.exchange\/shop\/wp-json\/wp\/v2\/product\/9190","targetHints":{"allow":["GET"]}}],"collection":[{"href":"https:\/\/kanga.exchange\/shop\/wp-json\/wp\/v2\/product"}],"about":[{"href":"https:\/\/kanga.exchange\/shop\/wp-json\/wp\/v2\/types\/product"}],"replies":[{"embeddable":true,"href":"https:\/\/kanga.exchange\/shop\/wp-json\/wp\/v2\/comments?post=9190"}],"wp:featuredmedia":[{"embeddable":true,"href":"https:\/\/kanga.exchange\/shop\/wp-json\/wp\/v2\/media\/9207"}],"wp:attachment":[{"href":"https:\/\/kanga.exchange\/shop\/wp-json\/wp\/v2\/media?parent=9190"}],"wp:term":[{"taxonomy":"product_brand","embeddable":true,"href":"https:\/\/kanga.exchange\/shop\/wp-json\/wp\/v2\/product_brand?post=9190"},{"taxonomy":"product_cat","embeddable":true,"href":"https:\/\/kanga.exchange\/shop\/wp-json\/wp\/v2\/product_cat?post=9190"},{"taxonomy":"product_tag","embeddable":true,"href":"https:\/\/kanga.exchange\/shop\/wp-json\/wp\/v2\/product_tag?post=9190"}],"curies":[{"name":"wp","href":"https:\/\/api.w.org\/{rel}","templated":true}]}}