{"id":9109,"date":"2024-09-09T14:04:25","date_gmt":"2024-09-09T12:04:25","guid":{"rendered":"https:\/\/kanga.exchange\/shop\/?post_type=product&#038;p=9109"},"modified":"2025-09-19T10:32:20","modified_gmt":"2025-09-19T08:32:20","slug":"plakat-hossa-night","status":"publish","type":"product","link":"https:\/\/kanga.exchange\/shop\/produkt\/plakat-hossa-night\/","title":{"rendered":"Plakat Hossa Night"},"content":{"rendered":"<p><span style=\"font-weight: 400;\">&#8222;Gwie\u017adzista Noc&#8221; jest jednym z najbardziej rozpoznawalnych dzie\u0142 w historii sztuki. To, co charakteryzuje dzie\u0142o van Gogha, to intensywno\u015b\u0107 kolor\u00f3w, grubo nak\u0142adana farba oraz emocjonalna g\u0142\u0119bia, kt\u00f3re oddaj\u0105 skomplikowane \u017cycie artysty.<\/span><\/p>\n<p><span style=\"font-weight: 400;\">Ten plakat \u0142\u0105czy w sobie unikalny styl van Gogha z elementami wsp\u00f3\u0142czesnych innowacji, tworz\u0105c niepowtarzaln\u0105 kompozycj\u0119, kt\u00f3ra odzwierciedla zar\u00f3wno historyczne, jak i wsp\u00f3\u0142czesne warto\u015bci. Motywy gwiazd (bitcoina), jako symboli wiary, przenikaj\u0105 si\u0119 tutaj z nowoczesnym \u015bwiatem kryptowalut, tworz\u0105c interesuj\u0105c\u0105 interpretacj\u0119 artystyczn\u0105, kt\u00f3ra przemawia zar\u00f3wno do mi\u0142o\u015bnik\u00f3w sztuki, jak i entuzjast\u00f3w nowych technologii.<\/span><\/p>\n<p><span style=\"font-weight: 400;\">Plakat doskonale sprawdzi si\u0119 jako stylowa dekoracja ka\u017cdego wn\u0119trza, \u0142\u0105cz\u0105c w sobie elegancj\u0119 klasyki z nowoczesnym podej\u015bciem. Jest to idealna propozycja dla tych, kt\u00f3rzy ceni\u0105 sobie zar\u00f3wno dziedzictwo kulturowe, jak i wsp\u00f3\u0142czesne trendy.<\/span><\/p>\n<p><span style=\"font-weight: 400;\">Rozmiar A3<\/span><\/p>\n<p><span style=\"font-weight: 400;\">P\u0142atno\u015b\u0107 Kanga Pay daje rabat -15%<\/span><\/p>\n","protected":false},"excerpt":{"rendered":"<p>&#8222;Gwie\u017adzista Noc&#8221; jest jednym z najbardziej rozpoznawalnych dzie\u0142 w historii sztuki. To, co charakteryzuje dzie\u0142o van Gogha, to intensywno\u015b\u0107 kolor\u00f3w, grubo nak\u0142adana farba oraz emocjonalna g\u0142\u0119bia, kt\u00f3re oddaj\u0105 skomplikowane \u017cycie artysty. Ten plakat \u0142\u0105czy w sobie unikalny styl van Gogha z elementami wsp\u00f3\u0142czesnych innowacji, tworz\u0105c niepowtarzaln\u0105 kompozycj\u0119, kt\u00f3ra odzwierciedla zar\u00f3wno historyczne, jak i wsp\u00f3\u0142czesne warto\u015bci. [&hellip;]<\/p>\n","protected":false},"featured_media":9106,"comment_status":"open","ping_status":"closed","template":"","meta":{"inline_featured_image":false},"product_brand":[],"product_cat":[232,106],"product_tag":[],"class_list":{"0":"post-9109","1":"product","2":"type-product","3":"status-publish","4":"has-post-thumbnail","6":"product_cat-decorations-2","7":"product_cat-plakaty","9":"first","10":"instock","11":"sale","12":"taxable","13":"shipping-taxable","14":"purchasable","15":"product-type-simple"},"_links":{"self":[{"href":"https:\/\/kanga.exchange\/shop\/wp-json\/wp\/v2\/product\/9109","targetHints":{"allow":["GET"]}}],"collection":[{"href":"https:\/\/kanga.exchange\/shop\/wp-json\/wp\/v2\/product"}],"about":[{"href":"https:\/\/kanga.exchange\/shop\/wp-json\/wp\/v2\/types\/product"}],"replies":[{"embeddable":true,"href":"https:\/\/kanga.exchange\/shop\/wp-json\/wp\/v2\/comments?post=9109"}],"wp:featuredmedia":[{"embeddable":true,"href":"https:\/\/kanga.exchange\/shop\/wp-json\/wp\/v2\/media\/9106"}],"wp:attachment":[{"href":"https:\/\/kanga.exchange\/shop\/wp-json\/wp\/v2\/media?parent=9109"}],"wp:term":[{"taxonomy":"product_brand","embeddable":true,"href":"https:\/\/kanga.exchange\/shop\/wp-json\/wp\/v2\/product_brand?post=9109"},{"taxonomy":"product_cat","embeddable":true,"href":"https:\/\/kanga.exchange\/shop\/wp-json\/wp\/v2\/product_cat?post=9109"},{"taxonomy":"product_tag","embeddable":true,"href":"https:\/\/kanga.exchange\/shop\/wp-json\/wp\/v2\/product_tag?post=9109"}],"curies":[{"name":"wp","href":"https:\/\/api.w.org\/{rel}","templated":true}]}}