{"id":8924,"date":"2024-09-04T13:34:46","date_gmt":"2024-09-04T11:34:46","guid":{"rendered":"https:\/\/kanga.exchange\/shop\/?post_type=product&#038;p=8924"},"modified":"2025-02-22T11:07:37","modified_gmt":"2025-02-22T10:07:37","slug":"plecak-worek","status":"publish","type":"product","link":"https:\/\/kanga.exchange\/shop\/produkt\/plecak-worek\/","title":{"rendered":"Plecak worek"},"content":{"rendered":"<p><span style=\"font-weight: 400;\">Dzi\u0119ki wodoodpornej tkaninie doskonale sprawdzi si\u0119 w ka\u017cd\u0105 pogod\u0119, chroni\u0105c zawarto\u015b\u0107 przed wilgoci\u0105. Idealny do codziennego u\u017cytku \u2013 do szko\u0142y, pracy, na trening, spacer lub wycieczk\u0119.<\/span><\/p>\n<p><span style=\"font-weight: 400;\">Modny wz\u00f3r plecaka pasuje do sportowych i casualowych stylizacji, oferuj\u0105c zar\u00f3wno styl, jak i wygod\u0119.<\/span><\/p>\n","protected":false},"excerpt":{"rendered":"<p>Plecak worek wykonany z trwa\u0142ego poliestru o wymiarach 34&#215;42 cm, w kolorze czarnym, z grafik\u0105 przedstawiaj\u0105c\u0105 najwa\u017cniejsze kryptowaluty.<\/p>\n<p><span style=\"font-weight: 400;\">P\u0142atno\u015b\u0107 Kanga Pay daje rabat -15%<\/span><\/p>\n","protected":false},"featured_media":8923,"comment_status":"open","ping_status":"closed","template":"","meta":{"inline_featured_image":false},"product_brand":[],"product_cat":[153,112],"product_tag":[],"class_list":{"0":"post-8924","1":"product","2":"type-product","3":"status-publish","4":"has-post-thumbnail","6":"product_cat-odzieziakcesoria","7":"product_cat-torbamaterialowa-plecaki-worki","9":"first","10":"instock","11":"taxable","12":"shipping-taxable","13":"purchasable","14":"product-type-simple"},"_links":{"self":[{"href":"https:\/\/kanga.exchange\/shop\/wp-json\/wp\/v2\/product\/8924","targetHints":{"allow":["GET"]}}],"collection":[{"href":"https:\/\/kanga.exchange\/shop\/wp-json\/wp\/v2\/product"}],"about":[{"href":"https:\/\/kanga.exchange\/shop\/wp-json\/wp\/v2\/types\/product"}],"replies":[{"embeddable":true,"href":"https:\/\/kanga.exchange\/shop\/wp-json\/wp\/v2\/comments?post=8924"}],"wp:featuredmedia":[{"embeddable":true,"href":"https:\/\/kanga.exchange\/shop\/wp-json\/wp\/v2\/media\/8923"}],"wp:attachment":[{"href":"https:\/\/kanga.exchange\/shop\/wp-json\/wp\/v2\/media?parent=8924"}],"wp:term":[{"taxonomy":"product_brand","embeddable":true,"href":"https:\/\/kanga.exchange\/shop\/wp-json\/wp\/v2\/product_brand?post=8924"},{"taxonomy":"product_cat","embeddable":true,"href":"https:\/\/kanga.exchange\/shop\/wp-json\/wp\/v2\/product_cat?post=8924"},{"taxonomy":"product_tag","embeddable":true,"href":"https:\/\/kanga.exchange\/shop\/wp-json\/wp\/v2\/product_tag?post=8924"}],"curies":[{"name":"wp","href":"https:\/\/api.w.org\/{rel}","templated":true}]}}