{"id":8917,"date":"2024-09-04T13:24:40","date_gmt":"2024-09-04T11:24:40","guid":{"rendered":"https:\/\/kanga.exchange\/shop\/?post_type=product&#038;p=8917"},"modified":"2026-03-30T09:21:50","modified_gmt":"2026-03-30T07:21:50","slug":"koszulka-21000000-btc-2","status":"publish","type":"product","link":"https:\/\/kanga.exchange\/shop\/produkt\/koszulka-21000000-btc-2\/","title":{"rendered":"Koszulka 21,000,000 BTC"},"content":{"rendered":"<p><span style=\"font-weight: 400;\">Wykonana w 100% z wysokiej jako\u015bci bawe\u0142ny, zapewnia komfort i przewiewno\u015b\u0107 na co dzie\u0144. Koszulka posiada gramatur\u0119 odpowiedni\u0105 dla trwa\u0142o\u015bci i komfortu noszenia.<\/span><\/p>\n<ul>\n<li style=\"font-weight: 400;\" aria-level=\"1\"><span style=\"font-weight: 400;\">Kolor: czarny<\/span><\/li>\n<li style=\"font-weight: 400;\" aria-level=\"1\"><span style=\"font-weight: 400;\">Rozmiary: M, L, XL<\/span><\/li>\n<li style=\"font-weight: 400;\" aria-level=\"1\"><span style=\"font-weight: 400;\">Kr\u00f3j: uniwersalny<\/span><\/li>\n<li style=\"font-weight: 400;\" aria-level=\"1\"><span style=\"font-weight: 400;\">R\u0119kaw: kr\u00f3tki<\/span><\/li>\n<li style=\"font-weight: 400;\" aria-level=\"1\"><span style=\"font-weight: 400;\">Dekolt: p\u00f3\u0142okr\u0105g\u0142y<\/span><\/li>\n<\/ul>\n<p><span style=\"font-weight: 400;\">Idealna na co dzie\u0144, dla os\u00f3b ceni\u0105cych minimalizm i zainteresowanych tematyk\u0105 kryptowalut.<\/span><\/p>\n","protected":false},"excerpt":{"rendered":"<p><span style=\"font-weight: 400;\">Koszulka z nadrukiem przedstawiaj\u0105cym liczb\u0119 21,000,000 BTC, symbolizuj\u0105c\u0105 maksymaln\u0105 liczb\u0119 bitcoin\u00f3w, kt\u00f3re kiedykolwiek zostan\u0105 wydobyte.<\/span><\/p>\n<p><span style=\"font-weight: 400;\">P\u0142atno\u015b\u0107 Kanga Pay daje rabat -15%<\/span><\/p>\n","protected":false},"featured_media":8916,"comment_status":"open","ping_status":"closed","template":"","meta":{"inline_featured_image":false},"product_brand":[],"product_cat":[153,54],"product_tag":[],"class_list":{"0":"post-8917","1":"product","2":"type-product","3":"status-publish","4":"has-post-thumbnail","6":"product_cat-odzieziakcesoria","7":"product_cat-t-shirty","8":"pa_size-l-pl","9":"pa_size-m-pl","10":"pa_size-xl-pl","12":"first","13":"outofstock","14":"taxable","15":"shipping-taxable","16":"product-type-variable","17":"has-default-attributes"},"_links":{"self":[{"href":"https:\/\/kanga.exchange\/shop\/wp-json\/wp\/v2\/product\/8917","targetHints":{"allow":["GET"]}}],"collection":[{"href":"https:\/\/kanga.exchange\/shop\/wp-json\/wp\/v2\/product"}],"about":[{"href":"https:\/\/kanga.exchange\/shop\/wp-json\/wp\/v2\/types\/product"}],"replies":[{"embeddable":true,"href":"https:\/\/kanga.exchange\/shop\/wp-json\/wp\/v2\/comments?post=8917"}],"wp:featuredmedia":[{"embeddable":true,"href":"https:\/\/kanga.exchange\/shop\/wp-json\/wp\/v2\/media\/8916"}],"wp:attachment":[{"href":"https:\/\/kanga.exchange\/shop\/wp-json\/wp\/v2\/media?parent=8917"}],"wp:term":[{"taxonomy":"product_brand","embeddable":true,"href":"https:\/\/kanga.exchange\/shop\/wp-json\/wp\/v2\/product_brand?post=8917"},{"taxonomy":"product_cat","embeddable":true,"href":"https:\/\/kanga.exchange\/shop\/wp-json\/wp\/v2\/product_cat?post=8917"},{"taxonomy":"product_tag","embeddable":true,"href":"https:\/\/kanga.exchange\/shop\/wp-json\/wp\/v2\/product_tag?post=8917"}],"curies":[{"name":"wp","href":"https:\/\/api.w.org\/{rel}","templated":true}]}}