{"id":8897,"date":"2024-09-04T13:22:56","date_gmt":"2024-09-04T11:22:56","guid":{"rendered":"https:\/\/kanga.exchange\/shop\/?post_type=product&#038;p=8897"},"modified":"2025-06-27T12:14:22","modified_gmt":"2025-06-27T10:14:22","slug":"koszulka-the-out-of-bitcoin","status":"publish","type":"product","link":"https:\/\/kanga.exchange\/shop\/produkt\/koszulka-the-out-of-bitcoin\/","title":{"rendered":"Koszulka the cult of bitcoin"},"content":{"rendered":"<p><span style=\"font-weight: 400;\">Koszulka posiada kr\u00f3tki r\u0119kaw oraz p\u00f3\u0142okr\u0105g\u0142y dekolt, co zapewnia wygod\u0119 i swobod\u0119 ruch\u00f3w. Na przodzie znajduje si\u0119 nadruk z napisem &#8222;the cult of bitcoin&#8221;. Dost\u0119pna w rozmiarach M, L i XL. Idealna na co dzie\u0144, zar\u00f3wno do casualowych, jak i bardziej sportowych stylizacji.<\/span><\/p>\n<ul>\n<li style=\"font-weight: 400;\" aria-level=\"1\"><span style=\"font-weight: 400;\">Materia\u0142: 100% bawe\u0142na o wysokiej gramaturze<\/span><\/li>\n<li style=\"font-weight: 400;\" aria-level=\"1\"><span style=\"font-weight: 400;\">Kolor: bia\u0142y<\/span><\/li>\n<li style=\"font-weight: 400;\" aria-level=\"1\"><span style=\"font-weight: 400;\">Nadruk: napis &#8222;the cult of bitcoin&#8221; na przodzie<\/span><\/li>\n<li style=\"font-weight: 400;\" aria-level=\"1\"><span style=\"font-weight: 400;\">Kr\u00f3j: uniwersalny, dopasowany do r\u00f3\u017cnych sylwetek<\/span><\/li>\n<li style=\"font-weight: 400;\" aria-level=\"1\"><span style=\"font-weight: 400;\">R\u0119kaw: kr\u00f3tki<\/span><\/li>\n<li style=\"font-weight: 400;\" aria-level=\"1\"><span style=\"font-weight: 400;\">Dekolt: p\u00f3\u0142okr\u0105g\u0142y<\/span><\/li>\n<li style=\"font-weight: 400;\" aria-level=\"1\"><span style=\"font-weight: 400;\">Rozmiary: M, L, XL<\/span><\/li>\n<\/ul>\n<p><span style=\"font-weight: 400;\">Koszulka idealna do codziennych stylizacji, zapewniaj\u0105ca komfort noszenia.<\/span><\/p>\n","protected":false},"excerpt":{"rendered":"<p><span style=\"font-weight: 400;\">Bia\u0142a koszulka o uniwersalnym kroju, wykonana w 100% z bawe\u0142ny o wysokiej gramaturze.<\/span><\/p>\n<p><span style=\"font-weight: 400;\">P\u0142atno\u015b\u0107 Kanga Pay daje rabat -15%<\/span><\/p>\n","protected":false},"featured_media":8893,"comment_status":"open","ping_status":"closed","template":"","meta":{"inline_featured_image":false},"product_brand":[],"product_cat":[153,54],"product_tag":[],"class_list":{"0":"post-8897","1":"product","2":"type-product","3":"status-publish","4":"has-post-thumbnail","6":"product_cat-odzieziakcesoria","7":"product_cat-t-shirty","8":"pa_size-l-pl","9":"pa_size-m-pl","10":"pa_size-xl-pl","12":"first","13":"instock","14":"taxable","15":"shipping-taxable","16":"purchasable","17":"product-type-variable","18":"has-default-attributes"},"_links":{"self":[{"href":"https:\/\/kanga.exchange\/shop\/wp-json\/wp\/v2\/product\/8897","targetHints":{"allow":["GET"]}}],"collection":[{"href":"https:\/\/kanga.exchange\/shop\/wp-json\/wp\/v2\/product"}],"about":[{"href":"https:\/\/kanga.exchange\/shop\/wp-json\/wp\/v2\/types\/product"}],"replies":[{"embeddable":true,"href":"https:\/\/kanga.exchange\/shop\/wp-json\/wp\/v2\/comments?post=8897"}],"wp:featuredmedia":[{"embeddable":true,"href":"https:\/\/kanga.exchange\/shop\/wp-json\/wp\/v2\/media\/8893"}],"wp:attachment":[{"href":"https:\/\/kanga.exchange\/shop\/wp-json\/wp\/v2\/media?parent=8897"}],"wp:term":[{"taxonomy":"product_brand","embeddable":true,"href":"https:\/\/kanga.exchange\/shop\/wp-json\/wp\/v2\/product_brand?post=8897"},{"taxonomy":"product_cat","embeddable":true,"href":"https:\/\/kanga.exchange\/shop\/wp-json\/wp\/v2\/product_cat?post=8897"},{"taxonomy":"product_tag","embeddable":true,"href":"https:\/\/kanga.exchange\/shop\/wp-json\/wp\/v2\/product_tag?post=8897"}],"curies":[{"name":"wp","href":"https:\/\/api.w.org\/{rel}","templated":true}]}}