{"id":8854,"date":"2024-09-04T13:19:11","date_gmt":"2024-09-04T11:19:11","guid":{"rendered":"https:\/\/kanga.exchange\/shop\/?post_type=product&#038;p=8854"},"modified":"2026-03-15T20:03:11","modified_gmt":"2026-03-15T19:03:11","slug":"koszulka-buy-btc","status":"publish","type":"product","link":"https:\/\/kanga.exchange\/shop\/produkt\/koszulka-buy-btc\/","title":{"rendered":"Koszulka BUY BTC"},"content":{"rendered":"<ul>\n<li style=\"font-weight: 400;\" aria-level=\"1\"><b>Kolor:<\/b><span style=\"font-weight: 400;\"> Bia\u0142y<\/span><\/li>\n<li style=\"font-weight: 400;\" aria-level=\"1\"><b>Kr\u00f3j:<\/b><span style=\"font-weight: 400;\"> Uniwersalny<\/span><\/li>\n<li style=\"font-weight: 400;\" aria-level=\"1\"><b>Dekolt:<\/b><span style=\"font-weight: 400;\"> P\u00f3\u0142okr\u0105g\u0142y<\/span><\/li>\n<li style=\"font-weight: 400;\" aria-level=\"1\"><b>R\u0119kaw:<\/b><span style=\"font-weight: 400;\"> Kr\u00f3tki<\/span><\/li>\n<li style=\"font-weight: 400;\" aria-level=\"1\"><b>Grafika:<\/b><span style=\"font-weight: 400;\"> Napis &#8222;BUY BTC&#8221; w pomara\u0144czowej ramce<\/span><\/li>\n<li style=\"font-weight: 400;\" aria-level=\"1\"><b>Rozmiary:<\/b><span style=\"font-weight: 400;\"> M, L, XL<\/span><\/li>\n<\/ul>\n<p><span style=\"font-weight: 400;\">Koszulka charakteryzuje si\u0119 minimalistycznym designem z wyrazistym nadrukiem, kt\u00f3ry dodaje jej nowoczesnego charakteru. Kr\u00f3tki r\u0119kaw oraz p\u00f3\u0142okr\u0105g\u0142y dekolt zapewniaj\u0105 wygod\u0119 i uniwersalno\u015b\u0107, sprawiaj\u0105c, \u017ce jest to doskona\u0142y wyb\u00f3r na co dzie\u0144.<\/span><\/p>\n","protected":false},"excerpt":{"rendered":"<p><span style=\"font-weight: 400;\">Prezentujemy koszulk\u0119 o klasycznym, uniwersalnym kroju, wykonan\u0105 w 100% z wysokiej jako\u015bci bawe\u0142ny, zapewniaj\u0105cej maksymalny komfort noszenia.<\/span><\/p>\n<p><span style=\"font-weight: 400;\">P\u0142atno\u015b\u0107 Kanga Pay daje rabat -15%<\/span><\/p>\n","protected":false},"featured_media":8853,"comment_status":"open","ping_status":"closed","template":"","meta":{"inline_featured_image":false},"product_brand":[],"product_cat":[153,54],"product_tag":[],"class_list":{"0":"post-8854","1":"product","2":"type-product","3":"status-publish","4":"has-post-thumbnail","6":"product_cat-odzieziakcesoria","7":"product_cat-t-shirty","8":"pa_size-l-pl","9":"pa_size-m-pl","10":"pa_size-xl-pl","12":"first","13":"outofstock","14":"taxable","15":"shipping-taxable","16":"product-type-variable"},"_links":{"self":[{"href":"https:\/\/kanga.exchange\/shop\/wp-json\/wp\/v2\/product\/8854","targetHints":{"allow":["GET"]}}],"collection":[{"href":"https:\/\/kanga.exchange\/shop\/wp-json\/wp\/v2\/product"}],"about":[{"href":"https:\/\/kanga.exchange\/shop\/wp-json\/wp\/v2\/types\/product"}],"replies":[{"embeddable":true,"href":"https:\/\/kanga.exchange\/shop\/wp-json\/wp\/v2\/comments?post=8854"}],"wp:featuredmedia":[{"embeddable":true,"href":"https:\/\/kanga.exchange\/shop\/wp-json\/wp\/v2\/media\/8853"}],"wp:attachment":[{"href":"https:\/\/kanga.exchange\/shop\/wp-json\/wp\/v2\/media?parent=8854"}],"wp:term":[{"taxonomy":"product_brand","embeddable":true,"href":"https:\/\/kanga.exchange\/shop\/wp-json\/wp\/v2\/product_brand?post=8854"},{"taxonomy":"product_cat","embeddable":true,"href":"https:\/\/kanga.exchange\/shop\/wp-json\/wp\/v2\/product_cat?post=8854"},{"taxonomy":"product_tag","embeddable":true,"href":"https:\/\/kanga.exchange\/shop\/wp-json\/wp\/v2\/product_tag?post=8854"}],"curies":[{"name":"wp","href":"https:\/\/api.w.org\/{rel}","templated":true}]}}