{"id":8696,"date":"2024-08-23T11:55:28","date_gmt":"2024-08-23T09:55:28","guid":{"rendered":"https:\/\/kanga.exchange\/shop\/?post_type=product&#038;p=8696"},"modified":"2025-08-25T22:48:17","modified_gmt":"2025-08-25T20:48:17","slug":"czapka-dogecoin","status":"publish","type":"product","link":"https:\/\/kanga.exchange\/shop\/produkt\/czapka-dogecoin\/","title":{"rendered":"Baseball\u00f3wka Kryptopies"},"content":{"rendered":"<p><span style=\"font-weight: 400;\">Kolor:\u00a0 czarny<\/span><\/p>\n<p><span style=\"font-weight: 400;\">Typ: Baseball cap\u00a0<\/span><\/p>\n<p><span style=\"font-weight: 400;\">Producent: Mitchell &amp; Ness\u00a0<\/span><\/p>\n<p><span style=\"font-weight: 400;\">Daszek: zakrzywiony<\/span><\/p>\n<p><span style=\"font-weight: 400;\">Materia\u0142: 87% Acrylic, 10% Wool, 3% P.U. Spamdex\u00a0<\/span><\/p>\n<p><span style=\"font-weight: 400;\">Regulacja: 55-60cm<\/span><\/p>\n<p><span style=\"font-weight: 400;\">Branding: naszywka z boku &#8211; logo Kanga<\/span><\/p>\n<p><span style=\"font-weight: 400;\">Przeznaczenie: codzienne<\/span><\/p>\n<p><span style=\"font-weight: 400;\">P\u0142e\u0107: unisex<\/span><\/p>\n","protected":false},"excerpt":{"rendered":"<p><span style=\"font-weight: 400;\">Lubisz klasyczne dodatki z nowoczesnym twistem? Ta czapka od Kangi jest w\u0142a\u015bnie dla Ciebie! Na przodzie czapki znajduje si\u0119 wyszyta grafika psa, obok kt\u00f3rego widnieje symbol Ethereum.<\/span><\/p>\n<p><span style=\"font-weight: 400;\">P\u0142atno\u015b\u0107 Kanga Pay daje rabat -15%<\/span><\/p>\n","protected":false},"featured_media":9023,"comment_status":"open","ping_status":"closed","template":"","meta":{"inline_featured_image":false},"product_brand":[],"product_cat":[153,118],"product_tag":[],"class_list":{"0":"post-8696","1":"product","2":"type-product","3":"status-publish","4":"has-post-thumbnail","6":"product_cat-odzieziakcesoria","7":"product_cat-czapki","9":"first","10":"instock","11":"taxable","12":"shipping-taxable","13":"purchasable","14":"product-type-simple"},"_links":{"self":[{"href":"https:\/\/kanga.exchange\/shop\/wp-json\/wp\/v2\/product\/8696","targetHints":{"allow":["GET"]}}],"collection":[{"href":"https:\/\/kanga.exchange\/shop\/wp-json\/wp\/v2\/product"}],"about":[{"href":"https:\/\/kanga.exchange\/shop\/wp-json\/wp\/v2\/types\/product"}],"replies":[{"embeddable":true,"href":"https:\/\/kanga.exchange\/shop\/wp-json\/wp\/v2\/comments?post=8696"}],"wp:featuredmedia":[{"embeddable":true,"href":"https:\/\/kanga.exchange\/shop\/wp-json\/wp\/v2\/media\/9023"}],"wp:attachment":[{"href":"https:\/\/kanga.exchange\/shop\/wp-json\/wp\/v2\/media?parent=8696"}],"wp:term":[{"taxonomy":"product_brand","embeddable":true,"href":"https:\/\/kanga.exchange\/shop\/wp-json\/wp\/v2\/product_brand?post=8696"},{"taxonomy":"product_cat","embeddable":true,"href":"https:\/\/kanga.exchange\/shop\/wp-json\/wp\/v2\/product_cat?post=8696"},{"taxonomy":"product_tag","embeddable":true,"href":"https:\/\/kanga.exchange\/shop\/wp-json\/wp\/v2\/product_tag?post=8696"}],"curies":[{"name":"wp","href":"https:\/\/api.w.org\/{rel}","templated":true}]}}