{"id":8659,"date":"2024-08-23T09:42:49","date_gmt":"2024-08-23T07:42:49","guid":{"rendered":"https:\/\/kanga.exchange\/shop\/?post_type=product&#038;p=8659"},"modified":"2025-10-24T06:46:59","modified_gmt":"2025-10-24T04:46:59","slug":"czapka-z-daszkiem-w-wisienki","status":"publish","type":"product","link":"https:\/\/kanga.exchange\/shop\/produkt\/czapka-z-daszkiem-w-wisienki\/","title":{"rendered":"Baseball\u00f3wka Wisienki z BTC"},"content":{"rendered":"<p><span style=\"font-weight: 400;\">Kolor: r\u00f3\u017cowy<\/span><\/p>\n<p><span style=\"font-weight: 400;\">Typ: Baseball cap\u00a0<\/span><\/p>\n<p><span style=\"font-weight: 400;\">Producent: Mitchell &amp; Ness<\/span><\/p>\n<p><span style=\"font-weight: 400;\">Daszek: zakrzywiony<\/span><\/p>\n<p><span style=\"font-weight: 400;\">Materia\u0142: 87% Acrylic, 10% Wool, 3% P.U. Spamdex\u00a0<\/span><\/p>\n<p><span style=\"font-weight: 400;\">Regulacja: 55-60cm<\/span><\/p>\n<p><span style=\"font-weight: 400;\">Branding: naszywka z boku &#8211; logo Kanga<\/span><\/p>\n<p><span style=\"font-weight: 400;\">Przeznaczenie: codzienne<\/span><\/p>\n<p><span style=\"font-weight: 400;\">P\u0142e\u0107: unisex<\/span><\/p>\n","protected":false},"excerpt":{"rendered":"<p><span style=\"font-weight: 400;\">Zadbaj o sw\u00f3j codzienny look z czapk\u0105 typu Baseball\u00f3wka od Kangi. Ta r\u00f3\u017cowa czapka z g\u0142\u0119bok\u0105, sze\u015bciopanelow\u0105 konstrukcj\u0105 przyci\u0105ga wzrok nietuzinkow\u0105 grafik\u0105 \u2013 dwie wisienki z symbolem Bitcoina, kt\u00f3ry doda oryginalno\u015bci Twoim stylizacjom.\u00a0<\/span><\/p>\n<p><span style=\"font-weight: 400;\">P\u0142atno\u015b\u0107 Kanga Pay daje rabat -15%<\/span><\/p>\n","protected":false},"featured_media":9034,"comment_status":"open","ping_status":"closed","template":"","meta":{"inline_featured_image":false},"product_brand":[],"product_cat":[153,118],"product_tag":[],"class_list":{"0":"post-8659","1":"product","2":"type-product","3":"status-publish","4":"has-post-thumbnail","6":"product_cat-odzieziakcesoria","7":"product_cat-czapki","9":"first","10":"instock","11":"taxable","12":"shipping-taxable","13":"purchasable","14":"product-type-simple"},"_links":{"self":[{"href":"https:\/\/kanga.exchange\/shop\/wp-json\/wp\/v2\/product\/8659","targetHints":{"allow":["GET"]}}],"collection":[{"href":"https:\/\/kanga.exchange\/shop\/wp-json\/wp\/v2\/product"}],"about":[{"href":"https:\/\/kanga.exchange\/shop\/wp-json\/wp\/v2\/types\/product"}],"replies":[{"embeddable":true,"href":"https:\/\/kanga.exchange\/shop\/wp-json\/wp\/v2\/comments?post=8659"}],"wp:featuredmedia":[{"embeddable":true,"href":"https:\/\/kanga.exchange\/shop\/wp-json\/wp\/v2\/media\/9034"}],"wp:attachment":[{"href":"https:\/\/kanga.exchange\/shop\/wp-json\/wp\/v2\/media?parent=8659"}],"wp:term":[{"taxonomy":"product_brand","embeddable":true,"href":"https:\/\/kanga.exchange\/shop\/wp-json\/wp\/v2\/product_brand?post=8659"},{"taxonomy":"product_cat","embeddable":true,"href":"https:\/\/kanga.exchange\/shop\/wp-json\/wp\/v2\/product_cat?post=8659"},{"taxonomy":"product_tag","embeddable":true,"href":"https:\/\/kanga.exchange\/shop\/wp-json\/wp\/v2\/product_tag?post=8659"}],"curies":[{"name":"wp","href":"https:\/\/api.w.org\/{rel}","templated":true}]}}