{"id":8474,"date":"2024-08-13T15:39:45","date_gmt":"2024-08-13T13:39:45","guid":{"rendered":"https:\/\/kanga.exchange\/shop\/?post_type=product&#038;p=8474"},"modified":"2026-04-07T19:11:33","modified_gmt":"2026-04-07T17:11:33","slug":"trezor-safe-5","status":"publish","type":"product","link":"https:\/\/kanga.exchange\/shop\/produkt\/trezor-safe-5\/","title":{"rendered":"Trezor Safe 5"},"content":{"rendered":"<p><b>Dlaczego warto go mie\u0107?<\/b><\/p>\n<p><b>Zabezpieczenie:<\/b><b><br \/>\n<\/b><span style=\"font-weight: 400;\">Urz\u0105dzenie wykorzystuje Secure Element z certyfikatem NDA-free EAL 6+ oraz ochron\u0119 za pomoc\u0105 PIN-u i has\u0142a, gwarantuj\u0105c siln\u0105 obron\u0119 przed zagro\u017ceniami zar\u00f3wno online, jak i offline. Dodatkowo, ulepszony standard kopii zapasowej portfela z 20 s\u0142owami umo\u017cliwia p\u0142ynne przej\u015bcie z kopii zapasowej Single-share na zaawansowan\u0105 Multi-share Backup, zwi\u0119kszaj\u0105c ochron\u0119 podczas odzyskiwania portfela.<\/span><\/p>\n<p><b>Specyfikacja Techniczna:<\/b><b><br \/>\n<\/b><span style=\"font-weight: 400;\">Kompaktowe rozmiary (65,9x40x8 mm) i lekka konstrukcja (23g) z solidnego tworzywa sztucznego PC-ABS. Nap\u0119dzany przez szybki mikroprocesor ARM 160 MHz (Cortex M33), Trezor Safe 5 posiada kolorowy ekran dotykowy 1,54&#8243; o rozdzielczo\u015bci 240&#215;240 pikseli oraz Gorilla\u00ae Glass 3, zapewniaj\u0105ce odporno\u015b\u0107 na zarysowania.<\/span><\/p>\n<p><b>Bezpiecze\u0144stwo i certyfikaty:<\/b><b><br \/>\n<\/b><span style=\"font-weight: 400;\">Trezor Safe 5 posiada certyfikat CE i RoHS, spe\u0142niaj\u0105c wszystkie standardy jako\u015bci, niezawodno\u015bci i ochrony \u015brodowiska. Trezor jest odporny na promieniowanie X i odpowiedni do podr\u00f3\u017cy lotniczych.<\/span><\/p>\n<p><b>Dodatkowe Funkcje:<\/b><b><br \/>\n<\/b><span style=\"font-weight: 400;\">Trezor Safe 5 wspiera dwuetapow\u0105 weryfikacj\u0119 (U2F) oraz standard FIDO2, zwi\u0119kszaj\u0105c bezpiecze\u0144stwo dost\u0119pu do kont online. Dodatkowo, oferuje slot na kart\u0119 MicroSD oraz zaawansowane funkcje prywatno\u015bci, takie jak kontrola monet i ochrona to\u017csamo\u015bci z u\u017cyciem Tor.<\/span><\/p>\n<p><b>W zestawie:<\/b><\/p>\n<ul>\n<li style=\"font-weight: 400;\" aria-level=\"1\"><span style=\"font-weight: 400;\">Portfel sprz\u0119towy Trezor Safe 5<\/span><\/li>\n<li style=\"font-weight: 400;\" aria-level=\"1\"><span style=\"font-weight: 400;\">Kabel USB-C \u2192 USB-C<\/span><\/li>\n<li style=\"font-weight: 400;\" aria-level=\"1\"><span style=\"font-weight: 400;\">2x karty kopii zapasowej z 20 s\u0142owami<\/span><\/li>\n<li style=\"font-weight: 400;\" aria-level=\"1\"><span style=\"font-weight: 400;\">Przewodnik rozpocz\u0119cia<\/span><\/li>\n<li style=\"font-weight: 400;\" aria-level=\"1\"><span style=\"font-weight: 400;\">Naklejki Trezor<\/span><\/li>\n<\/ul>\n<p><b>Materia\u0142:<\/b><b><br \/>\n<\/b><span style=\"font-weight: 400;\">Wytrzyma\u0142e tworzywo PC-ABS, obudowa z zabezpieczeniem przed manipulacj\u0105, anodowane aluminiowe tylne p\u0142yty oraz precyzyjne grawerowanie laserowe.<\/span><\/p>\n<p><span style=\"font-weight: 400;\">Trezor Safe 5 reprezentuje niezawodne i bezpieczne rozwi\u0105zanie dla u\u017cytkownik\u00f3w pragn\u0105cych skutecznie chroni\u0107 swoje aktywa kryptowalutowe.<\/span><\/p>\n<p><span style=\"font-weight: 400;\">Kanga jest oficjalnym resellerem upowa\u017cnionym do dystrybucji Trezor Safe 5 zgodnie z wytycznymi producenta.<\/span><\/p>\n<p><b>Produkt wy\u0142\u0105czony ze zni\u017cki.<\/b><\/p>\n","protected":false},"excerpt":{"rendered":"<p>&nbsp;<\/p>\n<p>&nbsp;<\/p>\n","protected":false},"featured_media":8469,"comment_status":"open","ping_status":"closed","template":"","meta":{"inline_featured_image":false},"product_brand":[],"product_cat":[140,158],"product_tag":[],"class_list":{"0":"post-8474","1":"product","2":"type-product","3":"status-publish","4":"has-post-thumbnail","6":"product_cat-portfele-sprzetowe","7":"product_cat-sprzettechniczny","9":"first","10":"instock","11":"taxable","12":"shipping-taxable","13":"purchasable","14":"product-type-simple"},"_links":{"self":[{"href":"https:\/\/kanga.exchange\/shop\/wp-json\/wp\/v2\/product\/8474","targetHints":{"allow":["GET"]}}],"collection":[{"href":"https:\/\/kanga.exchange\/shop\/wp-json\/wp\/v2\/product"}],"about":[{"href":"https:\/\/kanga.exchange\/shop\/wp-json\/wp\/v2\/types\/product"}],"replies":[{"embeddable":true,"href":"https:\/\/kanga.exchange\/shop\/wp-json\/wp\/v2\/comments?post=8474"}],"wp:featuredmedia":[{"embeddable":true,"href":"https:\/\/kanga.exchange\/shop\/wp-json\/wp\/v2\/media\/8469"}],"wp:attachment":[{"href":"https:\/\/kanga.exchange\/shop\/wp-json\/wp\/v2\/media?parent=8474"}],"wp:term":[{"taxonomy":"product_brand","embeddable":true,"href":"https:\/\/kanga.exchange\/shop\/wp-json\/wp\/v2\/product_brand?post=8474"},{"taxonomy":"product_cat","embeddable":true,"href":"https:\/\/kanga.exchange\/shop\/wp-json\/wp\/v2\/product_cat?post=8474"},{"taxonomy":"product_tag","embeddable":true,"href":"https:\/\/kanga.exchange\/shop\/wp-json\/wp\/v2\/product_tag?post=8474"}],"curies":[{"name":"wp","href":"https:\/\/api.w.org\/{rel}","templated":true}]}}