{"id":8426,"date":"2024-08-07T13:52:45","date_gmt":"2024-08-07T11:52:45","guid":{"rendered":"https:\/\/kanga.exchange\/shop\/?post_type=product&#038;p=8426"},"modified":"2026-04-04T18:28:25","modified_gmt":"2026-04-04T16:28:25","slug":"okulary-przeciwsloneczne","status":"publish","type":"product","link":"https:\/\/kanga.exchange\/shop\/produkt\/okulary-przeciwsloneczne\/","title":{"rendered":"Okulary przeciws\u0142oneczne"},"content":{"rendered":"<p><span style=\"font-weight: 400;\">Stylowe okulary przeciws\u0142oneczne Bambo Line z wysokiej jako\u015bci plastikow\u0105 czarn\u0105 oprawk\u0105 i bambusowymi nausznikami. Barwione szk\u0142o UV 400 zapewnia doskona\u0142\u0105 ochron\u0119 przed s\u0142o\u0144cem. Idealne na intensywne nas\u0142onecznienie, \u0142\u0105cz\u0105 elegancj\u0119 z ekologicznym akcentem. Komfort i design w jednym!<\/span><\/p>\n","protected":false},"excerpt":{"rendered":"<p>Br\u0105zowo &#8211; czarne okulary przeciws\u0142oneczne Bambo Line.<\/p>\n<p><span style=\"font-weight: 400;\">P\u0142atno\u015b\u0107 Kanga Pay daje rabat -15%.<\/span><\/p>\n","protected":false},"featured_media":8414,"comment_status":"open","ping_status":"closed","template":"","meta":{"inline_featured_image":false},"product_brand":[],"product_cat":[153,144],"product_tag":[],"class_list":{"0":"post-8426","1":"product","2":"type-product","3":"status-publish","4":"has-post-thumbnail","6":"product_cat-odzieziakcesoria","7":"product_cat-okulary","9":"first","10":"instock","11":"taxable","12":"shipping-taxable","13":"purchasable","14":"product-type-simple"},"_links":{"self":[{"href":"https:\/\/kanga.exchange\/shop\/wp-json\/wp\/v2\/product\/8426","targetHints":{"allow":["GET"]}}],"collection":[{"href":"https:\/\/kanga.exchange\/shop\/wp-json\/wp\/v2\/product"}],"about":[{"href":"https:\/\/kanga.exchange\/shop\/wp-json\/wp\/v2\/types\/product"}],"replies":[{"embeddable":true,"href":"https:\/\/kanga.exchange\/shop\/wp-json\/wp\/v2\/comments?post=8426"}],"wp:featuredmedia":[{"embeddable":true,"href":"https:\/\/kanga.exchange\/shop\/wp-json\/wp\/v2\/media\/8414"}],"wp:attachment":[{"href":"https:\/\/kanga.exchange\/shop\/wp-json\/wp\/v2\/media?parent=8426"}],"wp:term":[{"taxonomy":"product_brand","embeddable":true,"href":"https:\/\/kanga.exchange\/shop\/wp-json\/wp\/v2\/product_brand?post=8426"},{"taxonomy":"product_cat","embeddable":true,"href":"https:\/\/kanga.exchange\/shop\/wp-json\/wp\/v2\/product_cat?post=8426"},{"taxonomy":"product_tag","embeddable":true,"href":"https:\/\/kanga.exchange\/shop\/wp-json\/wp\/v2\/product_tag?post=8426"}],"curies":[{"name":"wp","href":"https:\/\/api.w.org\/{rel}","templated":true}]}}