{"id":8404,"date":"2024-08-07T10:46:51","date_gmt":"2024-08-07T08:46:51","guid":{"rendered":"https:\/\/kanga.exchange\/shop\/?post_type=product&#038;p=8404"},"modified":"2025-10-19T12:40:09","modified_gmt":"2025-10-19T10:40:09","slug":"kanga-match-it","status":"publish","type":"product","link":"https:\/\/kanga.exchange\/shop\/produkt\/kanga-match-it\/","title":{"rendered":"Kanga Match It!"},"content":{"rendered":"<p><span style=\"font-weight: 400;\">Kanga Match It to uniwersalna rozrywka idealna do gry z rodzin\u0105, znajomymi czy nawet z przypadkowo poznan\u0105 grup\u0105. Po jednej partii na pewno lepiej si\u0119 poznacie! Proste zasady, a w efekcie szybka, emocjonuj\u0105ca i pe\u0142na \u015bmiechu rozgrywka sprawi, \u017ce po pierwszej partii od razu chce si\u0119 wi\u0119cej &#8211; druga, trzecia i czwarta z pewno\u015bci\u0105 r\u00f3wnie emocjonuj\u0105ca!<\/span><\/p>\n<p><span style=\"font-weight: 400;\">Uwaga: Ze wzgl\u0119du na wymagan\u0105 koncentracj\u0119, pi\u0105ta i kolejne gry mog\u0105 doprowadzi\u0107 do nadwyr\u0119\u017cenia m\u00f3zgu. NFZ zaleca regularne przerwy!<\/span><\/p>\n<p><span style=\"font-weight: 400;\">Jak gra\u0107? Sp\u00f3jrz na pierwsz\u0105 kart\u0119, kt\u00f3r\u0105 trzymasz w r\u0119ku oraz na t\u0119, kt\u00f3ra le\u017cy na \u015brodku sto\u0142u. Znajd\u017a wsp\u00f3lny symbol, nazwij go i szybko pozb\u0105d\u017a si\u0119 swojego kartonika. Powtarzaj, a\u017c pozb\u0119dziesz si\u0119 wszystkich kart! Pami\u0119taj, ka\u017cda karta \u0142\u0105czy si\u0119 z inn\u0105 zawsze tylko jednym symbolem.\u00a0<\/span><\/p>\n<p><span style=\"font-weight: 400;\">P\u0142atno\u015b\u0107 Kanga Pay daje rabat -15%<\/span><\/p>\n","protected":false},"excerpt":{"rendered":"<p>Kanga Match It to uniwersalna rozrywka idealna do gry z rodzin\u0105, znajomymi czy nawet z przypadkowo poznan\u0105 grup\u0105. Po jednej partii na pewno lepiej si\u0119 poznacie! Proste zasady, a w efekcie szybka, emocjonuj\u0105ca i pe\u0142na \u015bmiechu rozgrywka sprawi, \u017ce po pierwszej partii od razu chce si\u0119 wi\u0119cej &#8211; druga, trzecia i czwarta z pewno\u015bci\u0105 r\u00f3wnie [&hellip;]<\/p>\n","protected":false},"featured_media":8399,"comment_status":"open","ping_status":"closed","template":"","meta":{"inline_featured_image":false},"product_brand":[],"product_cat":[143],"product_tag":[],"class_list":{"0":"post-8404","1":"product","2":"type-product","3":"status-publish","4":"has-post-thumbnail","6":"product_cat-gry-planszowe","8":"first","9":"instock","10":"taxable","11":"shipping-taxable","12":"purchasable","13":"product-type-simple"},"_links":{"self":[{"href":"https:\/\/kanga.exchange\/shop\/wp-json\/wp\/v2\/product\/8404","targetHints":{"allow":["GET"]}}],"collection":[{"href":"https:\/\/kanga.exchange\/shop\/wp-json\/wp\/v2\/product"}],"about":[{"href":"https:\/\/kanga.exchange\/shop\/wp-json\/wp\/v2\/types\/product"}],"replies":[{"embeddable":true,"href":"https:\/\/kanga.exchange\/shop\/wp-json\/wp\/v2\/comments?post=8404"}],"wp:featuredmedia":[{"embeddable":true,"href":"https:\/\/kanga.exchange\/shop\/wp-json\/wp\/v2\/media\/8399"}],"wp:attachment":[{"href":"https:\/\/kanga.exchange\/shop\/wp-json\/wp\/v2\/media?parent=8404"}],"wp:term":[{"taxonomy":"product_brand","embeddable":true,"href":"https:\/\/kanga.exchange\/shop\/wp-json\/wp\/v2\/product_brand?post=8404"},{"taxonomy":"product_cat","embeddable":true,"href":"https:\/\/kanga.exchange\/shop\/wp-json\/wp\/v2\/product_cat?post=8404"},{"taxonomy":"product_tag","embeddable":true,"href":"https:\/\/kanga.exchange\/shop\/wp-json\/wp\/v2\/product_tag?post=8404"}],"curies":[{"name":"wp","href":"https:\/\/api.w.org\/{rel}","templated":true}]}}