{"id":8242,"date":"2024-07-31T19:20:39","date_gmt":"2024-07-31T17:20:39","guid":{"rendered":"https:\/\/kanga.exchange\/shop\/?post_type=product&#038;p=8242"},"modified":"2025-09-19T14:30:45","modified_gmt":"2025-09-19T12:30:45","slug":"bluza-knf","status":"publish","type":"product","link":"https:\/\/kanga.exchange\/shop\/produkt\/bluza-knf\/","title":{"rendered":"Bluza KNF"},"content":{"rendered":"<p>Be\u017cowa bluza \u201eKanga Na fali\u201d to doskona\u0142y wyb\u00f3r dla os\u00f3b, kt\u00f3re ceni\u0105 sobie wygod\u0119 i styl. Wykonana z 80% bawe\u0142ny i 20% poliestru, z gramatur\u0105 tkaniny wynosz\u0105c\u0105 280 g\/m\u00b2, co sprawia, \u017ce bluza jest przyjemnie ciep\u0142a i idealna na ch\u0142odniejsze dni. Dost\u0119pna w rozmiarach S, M, L, oferuje oversizowy kr\u00f3j, kt\u00f3ry jest nieco zawy\u017cony.<\/p>\n<p><span style=\"font-weight: 400;\">Bluza \u201eKanga Na fali\u201d wyr\u00f3\u017cnia si\u0119 oryginaln\u0105 grafik\u0105 przedstawiaj\u0105c\u0105 zachodz\u0105ce s\u0142o\u0144ce nad morzem, kt\u00f3ra nadaje jej wyj\u0105tkowego charakteru. Lu\u017any kr\u00f3j oraz kaptur regulowany za pomoc\u0105 sznurka dodaj\u0105 jej swobodnego, sportowego wygl\u0105du. Praktyczna kiesze\u0144 typu kangur pozwala na przechowywanie drobiazg\u00f3w, a dolny \u015bci\u0105gacz i mankiety r\u0119kaw\u00f3w wykonane z dzianiny \u015bci\u0105gaczowej z dodatkiem elastanu gwarantuj\u0105 idealne dopasowanie. Dodatkowo, wewn\u0119trzna strona lam\u00f3wki zosta\u0142a wzmocniona ta\u015bm\u0105, co zwi\u0119ksza trwa\u0142o\u015b\u0107 bluzy.<\/span><\/p>\n<p><span style=\"font-weight: 400;\">P\u0142atno\u015b\u0107 Kanga Pay daje rabat -15%<\/span><\/p>\n","protected":false},"excerpt":{"rendered":"<p><span style=\"font-weight: 400;\">Bluza \u201cKanga na Fali\u201d.<\/span><\/p>\n<p><span style=\"font-weight: 400;\">P\u0142atno\u015b\u0107 Kanga Pay daje rabat -15%.<\/span><\/p>\n","protected":false},"featured_media":8101,"comment_status":"open","ping_status":"closed","template":"","meta":{"inline_featured_image":false},"product_brand":[],"product_cat":[153,110],"product_tag":[],"class_list":{"0":"post-8242","1":"product","2":"type-product","3":"status-publish","4":"has-post-thumbnail","6":"product_cat-odzieziakcesoria","7":"product_cat-bluzy","8":"pa_size-l-pl","9":"pa_size-m-pl","10":"pa_size-s-pl","12":"first","13":"instock","14":"taxable","15":"shipping-taxable","16":"purchasable","17":"product-type-variable","18":"has-default-attributes"},"_links":{"self":[{"href":"https:\/\/kanga.exchange\/shop\/wp-json\/wp\/v2\/product\/8242","targetHints":{"allow":["GET"]}}],"collection":[{"href":"https:\/\/kanga.exchange\/shop\/wp-json\/wp\/v2\/product"}],"about":[{"href":"https:\/\/kanga.exchange\/shop\/wp-json\/wp\/v2\/types\/product"}],"replies":[{"embeddable":true,"href":"https:\/\/kanga.exchange\/shop\/wp-json\/wp\/v2\/comments?post=8242"}],"wp:featuredmedia":[{"embeddable":true,"href":"https:\/\/kanga.exchange\/shop\/wp-json\/wp\/v2\/media\/8101"}],"wp:attachment":[{"href":"https:\/\/kanga.exchange\/shop\/wp-json\/wp\/v2\/media?parent=8242"}],"wp:term":[{"taxonomy":"product_brand","embeddable":true,"href":"https:\/\/kanga.exchange\/shop\/wp-json\/wp\/v2\/product_brand?post=8242"},{"taxonomy":"product_cat","embeddable":true,"href":"https:\/\/kanga.exchange\/shop\/wp-json\/wp\/v2\/product_cat?post=8242"},{"taxonomy":"product_tag","embeddable":true,"href":"https:\/\/kanga.exchange\/shop\/wp-json\/wp\/v2\/product_tag?post=8242"}],"curies":[{"name":"wp","href":"https:\/\/api.w.org\/{rel}","templated":true}]}}