{"id":8119,"date":"2024-07-30T09:46:04","date_gmt":"2024-07-30T07:46:04","guid":{"rendered":"https:\/\/kanga.exchange\/shop\/?post_type=product&#038;p=8119"},"modified":"2026-04-06T20:32:59","modified_gmt":"2026-04-06T18:32:59","slug":"ksiazka-czas-bitcoina","status":"publish","type":"product","link":"https:\/\/kanga.exchange\/shop\/produkt\/ksiazka-czas-bitcoina\/","title":{"rendered":"Ksi\u0105\u017cka Czas Bitcoina"},"content":{"rendered":"<p><span style=\"font-weight: 400;\">&#8222;Czas bitcoina&#8221; to wszechstronna odpowied\u017a na w\u0105tpliwo\u015bci dotycz\u0105ce bitcoina jako \u015brodka p\u0142atniczego i ochrony przed inflacj\u0105. Autor, Parker Lewis, bazuj\u0105c na do\u015bwiadczeniach z kryzysu finansowego 2008 roku, przedstawia bitcoin jako rozwi\u0105zanie dla problem\u00f3w zwi\u0105zanych z pustym pieni\u0105dzem i rz\u0105dowymi manipulacjami finansowymi. Ksi\u0105\u017cka odpowiada na pytania o legalno\u015b\u0107, warto\u015b\u0107 i przysz\u0142o\u015b\u0107 bitcoina, argumentuj\u0105c, \u017ce jego decentralizacja, ograniczona poda\u017c i \u0142atwo\u015b\u0107 transferu czyni\u0105 go cyfrowym z\u0142otem. Lewis twierdzi, \u017ce bitcoin zyskuje na warto\u015bci dzi\u0119ki rosn\u0105cemu popytowi, poniewa\u017c ludzie poszukuj\u0105 stabilnej formy oszcz\u0119dzania. Bitcoin to przysz\u0142o\u015b\u0107 finans\u00f3w, niezale\u017cna od instytucji i rz\u0105d\u00f3w, z potencja\u0142em do znacznego wzrostu warto\u015bci. Ksi\u0105\u017cka przekonuje, \u017ce warto zainwestowa\u0107 w bitcoina, zanim stanie si\u0119 globalnym standardem. Przyjemnej lektury!<\/span><\/p>\n<p><span style=\"font-weight: 400;\">Informacje o produkcie:<\/span><\/p>\n<p><span style=\"font-weight: 400;\">Tytu\u0142: Czas bitcoina. Od narodzin do globalnej waluty.<\/span><\/p>\n<p><span style=\"font-weight: 400;\">Tytu\u0142 oryginalny: Gradually, then suddenly<\/span><\/p>\n<p><span style=\"font-weight: 400;\">Autor: Parker A.Lewis<\/span><\/p>\n<p><span style=\"font-weight: 400;\">Przek\u0142ad z angielskiego: Rafa\u0142 Tr\u0105bski<\/span><\/p>\n<p><span style=\"font-weight: 400;\">Wydawnictwo: FijorPodolskiPress<\/span><\/p>\n<p><span style=\"font-weight: 400;\">J\u0119zyk wydania: polski<\/span><\/p>\n<p><span style=\"font-weight: 400;\">Ok\u0142adka: mi\u0119kka\u00a0<\/span><\/p>\n<p><span style=\"font-weight: 400;\">Liczba stron: 382<\/span><\/p>\n<p><span style=\"font-weight: 400;\">P\u0142atno\u015b\u0107 Kanga Pay daje rabat -15%.<\/span><\/p>\n","protected":false},"excerpt":{"rendered":"<p>Parker A. Lewis<\/p>\n<p>Czas bitcoina. Od narodzin do globalnej waluty.<\/p>\n<p><span style=\"font-weight: 400;\">P\u0142atno\u015b\u0107 Kanga Pay daje rabat -15%.<\/span><\/p>\n","protected":false},"featured_media":8116,"comment_status":"open","ping_status":"closed","template":"","meta":{"inline_featured_image":false},"product_brand":[],"product_cat":[83],"product_tag":[],"class_list":{"0":"post-8119","1":"product","2":"type-product","3":"status-publish","4":"has-post-thumbnail","6":"product_cat-ksiazki","8":"first","9":"instock","10":"sale","11":"taxable","12":"shipping-taxable","13":"purchasable","14":"product-type-simple"},"_links":{"self":[{"href":"https:\/\/kanga.exchange\/shop\/wp-json\/wp\/v2\/product\/8119","targetHints":{"allow":["GET"]}}],"collection":[{"href":"https:\/\/kanga.exchange\/shop\/wp-json\/wp\/v2\/product"}],"about":[{"href":"https:\/\/kanga.exchange\/shop\/wp-json\/wp\/v2\/types\/product"}],"replies":[{"embeddable":true,"href":"https:\/\/kanga.exchange\/shop\/wp-json\/wp\/v2\/comments?post=8119"}],"wp:featuredmedia":[{"embeddable":true,"href":"https:\/\/kanga.exchange\/shop\/wp-json\/wp\/v2\/media\/8116"}],"wp:attachment":[{"href":"https:\/\/kanga.exchange\/shop\/wp-json\/wp\/v2\/media?parent=8119"}],"wp:term":[{"taxonomy":"product_brand","embeddable":true,"href":"https:\/\/kanga.exchange\/shop\/wp-json\/wp\/v2\/product_brand?post=8119"},{"taxonomy":"product_cat","embeddable":true,"href":"https:\/\/kanga.exchange\/shop\/wp-json\/wp\/v2\/product_cat?post=8119"},{"taxonomy":"product_tag","embeddable":true,"href":"https:\/\/kanga.exchange\/shop\/wp-json\/wp\/v2\/product_tag?post=8119"}],"curies":[{"name":"wp","href":"https:\/\/api.w.org\/{rel}","templated":true}]}}