{"id":8054,"date":"2024-07-21T11:50:29","date_gmt":"2024-07-21T09:50:29","guid":{"rendered":"https:\/\/kanga.exchange\/shop\/?post_type=product&#038;p=8054"},"modified":"2024-11-19T19:37:37","modified_gmt":"2024-11-19T18:37:37","slug":"koszulka-doodlechainbiala","status":"publish","type":"product","link":"https:\/\/kanga.exchange\/shop\/produkt\/koszulka-doodlechainbiala\/","title":{"rendered":"Koszulka Doodlechain"},"content":{"rendered":"<p><span style=\"font-weight: 400;\">Ta koszulka z limitowanej edycji to idealny wyb\u00f3r dla os\u00f3b, kt\u00f3re ceni\u0105 unikalne i nowoczesne elementy w swojej garderobie. Wykonana w 100% z mi\u0119kkiej bawe\u0142ny, zapewnia wygod\u0119 przez ca\u0142y dzie\u0144. Bia\u0142y kolor koszulki kontrastuje z nasz\u0105 autorsk\u0105 czarn\u0105 grafik\u0105 typu doodle.\u00a0 Du\u017ca grafika znajduje si\u0119 na plecach, a mniejsza wersja zdobi prz\u00f3d, dodaj\u0105c nowoczesnego charakteru. Grafika zosta\u0142a stworzona przez <strong>@alzdesign<\/strong>. Uniwersalny kr\u00f3j sprawia, \u017ce koszulka pasuje zar\u00f3wno kobietom, jak i m\u0119\u017cczyznom. Dost\u0119pno\u015b\u0107 w rozmiarach S, M, L i XL zapewnia idealne dopasowanie. Edycja jest ograniczona do 21 sztuk, co czyni ka\u017cd\u0105 koszulk\u0119 wyj\u0105tkowym kolekcjonerskim egzemplarzem.<\/span><\/p>\n","protected":false},"excerpt":{"rendered":"<p><span style=\"font-weight: 400;\">Koszulka limitowana z serii Doodlechain.<\/span><\/p>\n<p><span style=\"font-weight: 400;\">P\u0142atno\u015b\u0107 Kanga Pay daje rabat -15%.<\/span><\/p>\n","protected":false},"featured_media":8056,"comment_status":"open","ping_status":"closed","template":"","meta":{"inline_featured_image":false},"product_brand":[],"product_cat":[227,153,54],"product_tag":[],"class_list":{"0":"post-8054","1":"product","2":"type-product","3":"status-publish","4":"has-post-thumbnail","6":"product_cat-limtowane","7":"product_cat-odzieziakcesoria","8":"product_cat-t-shirty","9":"pa_size-l-pl","10":"pa_size-m-pl","11":"pa_size-s-pl","12":"pa_size-xl-pl","14":"first","15":"instock","16":"taxable","17":"shipping-taxable","18":"purchasable","19":"product-type-variable","20":"has-default-attributes"},"_links":{"self":[{"href":"https:\/\/kanga.exchange\/shop\/wp-json\/wp\/v2\/product\/8054","targetHints":{"allow":["GET"]}}],"collection":[{"href":"https:\/\/kanga.exchange\/shop\/wp-json\/wp\/v2\/product"}],"about":[{"href":"https:\/\/kanga.exchange\/shop\/wp-json\/wp\/v2\/types\/product"}],"replies":[{"embeddable":true,"href":"https:\/\/kanga.exchange\/shop\/wp-json\/wp\/v2\/comments?post=8054"}],"wp:featuredmedia":[{"embeddable":true,"href":"https:\/\/kanga.exchange\/shop\/wp-json\/wp\/v2\/media\/8056"}],"wp:attachment":[{"href":"https:\/\/kanga.exchange\/shop\/wp-json\/wp\/v2\/media?parent=8054"}],"wp:term":[{"taxonomy":"product_brand","embeddable":true,"href":"https:\/\/kanga.exchange\/shop\/wp-json\/wp\/v2\/product_brand?post=8054"},{"taxonomy":"product_cat","embeddable":true,"href":"https:\/\/kanga.exchange\/shop\/wp-json\/wp\/v2\/product_cat?post=8054"},{"taxonomy":"product_tag","embeddable":true,"href":"https:\/\/kanga.exchange\/shop\/wp-json\/wp\/v2\/product_tag?post=8054"}],"curies":[{"name":"wp","href":"https:\/\/api.w.org\/{rel}","templated":true}]}}