{"id":8043,"date":"2024-07-21T11:49:35","date_gmt":"2024-07-21T09:49:35","guid":{"rendered":"https:\/\/kanga.exchange\/shop\/?post_type=product&#038;p=8043"},"modified":"2025-03-06T12:41:15","modified_gmt":"2025-03-06T11:41:15","slug":"koszulka-doodlechain","status":"publish","type":"product","link":"https:\/\/kanga.exchange\/shop\/produkt\/koszulka-doodlechain\/","title":{"rendered":"Koszulka Doodlechain"},"content":{"rendered":"<p><span style=\"font-weight: 400;\">Ta koszulka z limitowanej edycji to doskona\u0142y wyb\u00f3r dla os\u00f3b, kt\u00f3re ceni\u0105 sobie niepowtarzalny styl i najwy\u017csz\u0105 jako\u015b\u0107. Wykonana w 100% z wysokiej jako\u015bci bawe\u0142ny, zapewnia komfort noszenia przez ca\u0142y dzie\u0144.<\/span><\/p>\n<p><span style=\"font-weight: 400;\">Elegancki czarny kolor koszulki idealnie kontrastuje z pomara\u0144czow\u0105 doodle grafik\u0105, kt\u00f3ra jest dzie\u0142em naszego utalentowanego grafika <\/span><span style=\"font-weight: 400;\"><strong>@alzdesign<\/strong>. Na<\/span><span style=\"font-weight: 400;\"> tyle koszulki znajduje si\u0119 du\u017ca wersja grafiki, a na przodzie jej miniaturowa wersja, co dodaje koszulce wyj\u0105tkowego charakteru.\u00a0<\/span><\/p>\n<p><span style=\"font-weight: 400;\">Koszulka jest dost\u0119pna w rozmiarach S, M, L, XL, a jej uniwersalny kr\u00f3j sprawia, \u017ce jest odpowiednia zar\u00f3wno dla kobiet, jak i m\u0119\u017cczyzn. Limitowana edycja obejmuje jedynie 21 sztuk.<\/span><\/p>\n","protected":false},"excerpt":{"rendered":"<p><span style=\"font-weight: 400;\">Koszulka limitowana z serii Doodlechain.<\/span><\/p>\n<p><span style=\"font-weight: 400;\">P\u0142atno\u015b\u0107 Kanga Pay daje rabat -15%.<\/span><\/p>\n","protected":false},"featured_media":8049,"comment_status":"open","ping_status":"closed","template":"","meta":{"inline_featured_image":false},"product_brand":[],"product_cat":[227,153,54],"product_tag":[],"class_list":{"0":"post-8043","1":"product","2":"type-product","3":"status-publish","4":"has-post-thumbnail","6":"product_cat-limtowane","7":"product_cat-odzieziakcesoria","8":"product_cat-t-shirty","9":"pa_size-l-pl","10":"pa_size-m-pl","11":"pa_size-s-pl","12":"pa_size-xl-pl","14":"first","15":"instock","16":"taxable","17":"shipping-taxable","18":"purchasable","19":"product-type-variable","20":"has-default-attributes"},"_links":{"self":[{"href":"https:\/\/kanga.exchange\/shop\/wp-json\/wp\/v2\/product\/8043","targetHints":{"allow":["GET"]}}],"collection":[{"href":"https:\/\/kanga.exchange\/shop\/wp-json\/wp\/v2\/product"}],"about":[{"href":"https:\/\/kanga.exchange\/shop\/wp-json\/wp\/v2\/types\/product"}],"replies":[{"embeddable":true,"href":"https:\/\/kanga.exchange\/shop\/wp-json\/wp\/v2\/comments?post=8043"}],"wp:featuredmedia":[{"embeddable":true,"href":"https:\/\/kanga.exchange\/shop\/wp-json\/wp\/v2\/media\/8049"}],"wp:attachment":[{"href":"https:\/\/kanga.exchange\/shop\/wp-json\/wp\/v2\/media?parent=8043"}],"wp:term":[{"taxonomy":"product_brand","embeddable":true,"href":"https:\/\/kanga.exchange\/shop\/wp-json\/wp\/v2\/product_brand?post=8043"},{"taxonomy":"product_cat","embeddable":true,"href":"https:\/\/kanga.exchange\/shop\/wp-json\/wp\/v2\/product_cat?post=8043"},{"taxonomy":"product_tag","embeddable":true,"href":"https:\/\/kanga.exchange\/shop\/wp-json\/wp\/v2\/product_tag?post=8043"}],"curies":[{"name":"wp","href":"https:\/\/api.w.org\/{rel}","templated":true}]}}