{"id":7966,"date":"2024-07-01T11:55:23","date_gmt":"2024-07-01T09:55:23","guid":{"rendered":"https:\/\/kanga.exchange\/shop\/?post_type=product&#038;p=7966"},"modified":"2026-04-02T11:36:26","modified_gmt":"2026-04-02T09:36:26","slug":"ksiazka-dolina-dostatku","status":"publish","type":"product","link":"https:\/\/kanga.exchange\/shop\/produkt\/ksiazka-dolina-dostatku\/","title":{"rendered":"Ksi\u0105\u017cka Dolina dostatku"},"content":{"rendered":"<p><span style=\"font-weight: 400;\">P\u0142atno\u015b\u0107 Kanga Pay daje rabat -15%<\/span><\/p>\n<p><span style=\"font-weight: 400;\">&#8222;Dolina dostatku&#8221; autorstwa Arkadiusza B\u0142a\u017cycy to unikatowa ksi\u0105\u017cka dla dzieci, kt\u00f3ra \u0142\u0105czy wiedz\u0119 ekonomiczn\u0105 z praktycznym przewodnikiem. Na 65 stronach, w eleganckiej twardej ok\u0142adce, ta ksi\u0105\u017cka otwiera przed m\u0142odymi czytelnikami fascynuj\u0105cy \u015bwiat finans\u00f3w. Zawiera \u0142atwe do zrozumienia wyja\u015bnienia dotycz\u0105ce tradycyjnych walut fiducjarnych oraz dynamicznie rozwijaj\u0105cych si\u0119 kryptowalut. Autor w przyst\u0119pny spos\u00f3b analizuje wady i zalety ka\u017cdej formy pieni\u0105dza, zach\u0119caj\u0105c dzieci do refleksji nad rol\u0105 got\u00f3wki w gospodarce i jej wp\u0142ywem na \u017cycie jednostki. Ksi\u0105\u017cka rzuca te\u017c \u015bwiat\u0142o na zjawisko inflacji oraz konsekwencje oddania kontroli nad osobistym maj\u0105tkiem, robi\u0105c to w spos\u00f3b dostosowany do m\u0142odego odbiorcy. To lektura, kt\u00f3ra nie tylko edukuje, ale r\u00f3wnie\u017c inspiruje dzieci do g\u0142\u0119bszego zrozumienia mechanizm\u00f3w rz\u0105dz\u0105cych wsp\u00f3\u0142czesnym \u015bwiatem finans\u00f3w.<\/span><\/p>\n<p><span style=\"font-weight: 400;\">Zam\u00f3w teraz w naszym sklepie krypto i przygotuj si\u0119 na podr\u00f3\u017c przez \u015bwiat cyfrowego bogactwa! Dodatkowo, dla wszystkich entuzjast\u00f3w krypto, oferujemy szeroki wyb\u00f3r gad\u017cet\u00f3w kryptowalutowych oraz\u00a0 prezenty z motywem krypto.<\/span><\/p>\n","protected":false},"excerpt":{"rendered":"<p>P\u0142atno\u015b\u0107 Kanga Pay daje rabat -15% &#8222;Dolina dostatku&#8221; autorstwa Arkadiusza B\u0142a\u017cycy to unikatowa ksi\u0105\u017cka dla dzieci, kt\u00f3ra \u0142\u0105czy wiedz\u0119 ekonomiczn\u0105 z praktycznym przewodnikiem. Na 65 stronach, w eleganckiej twardej ok\u0142adce, ta ksi\u0105\u017cka otwiera przed m\u0142odymi czytelnikami fascynuj\u0105cy \u015bwiat finans\u00f3w. Zawiera \u0142atwe do zrozumienia wyja\u015bnienia dotycz\u0105ce tradycyjnych walut fiducjarnych oraz dynamicznie rozwijaj\u0105cych si\u0119 kryptowalut. Autor w [&hellip;]<\/p>\n","protected":false},"featured_media":7010,"comment_status":"open","ping_status":"closed","template":"","meta":{"inline_featured_image":false},"product_brand":[],"product_cat":[83],"product_tag":[],"class_list":{"0":"post-7966","1":"product","2":"type-product","3":"status-publish","4":"has-post-thumbnail","6":"product_cat-ksiazki","8":"first","9":"instock","10":"sale","11":"taxable","12":"shipping-taxable","13":"purchasable","14":"product-type-simple"},"_links":{"self":[{"href":"https:\/\/kanga.exchange\/shop\/wp-json\/wp\/v2\/product\/7966","targetHints":{"allow":["GET"]}}],"collection":[{"href":"https:\/\/kanga.exchange\/shop\/wp-json\/wp\/v2\/product"}],"about":[{"href":"https:\/\/kanga.exchange\/shop\/wp-json\/wp\/v2\/types\/product"}],"replies":[{"embeddable":true,"href":"https:\/\/kanga.exchange\/shop\/wp-json\/wp\/v2\/comments?post=7966"}],"wp:featuredmedia":[{"embeddable":true,"href":"https:\/\/kanga.exchange\/shop\/wp-json\/wp\/v2\/media\/7010"}],"wp:attachment":[{"href":"https:\/\/kanga.exchange\/shop\/wp-json\/wp\/v2\/media?parent=7966"}],"wp:term":[{"taxonomy":"product_brand","embeddable":true,"href":"https:\/\/kanga.exchange\/shop\/wp-json\/wp\/v2\/product_brand?post=7966"},{"taxonomy":"product_cat","embeddable":true,"href":"https:\/\/kanga.exchange\/shop\/wp-json\/wp\/v2\/product_cat?post=7966"},{"taxonomy":"product_tag","embeddable":true,"href":"https:\/\/kanga.exchange\/shop\/wp-json\/wp\/v2\/product_tag?post=7966"}],"curies":[{"name":"wp","href":"https:\/\/api.w.org\/{rel}","templated":true}]}}