{"id":7958,"date":"2024-06-24T14:44:00","date_gmt":"2024-06-24T12:44:00","guid":{"rendered":"https:\/\/kanga.exchange\/shop\/?post_type=product&#038;p=7958"},"modified":"2024-09-12T13:43:02","modified_gmt":"2024-09-12T11:43:02","slug":"zestaw-damski-knf","status":"publish","type":"product","link":"https:\/\/kanga.exchange\/shop\/produkt\/zestaw-damski-knf\/","title":{"rendered":"Zestaw damski KNF"},"content":{"rendered":"<p><span style=\"font-weight: 400;\">Co przychodzi Wam na my\u015bl, kiedy s\u0142yszycie has\u0142o \u201eKanga Na Fali\u201d?<\/span><\/p>\n<p><span style=\"font-weight: 400;\">Rozpalaj\u0105ce swoj\u0105 oran\u017cow\u0105 barw\u0105 s\u0142o\u0144ce? Harmoniczne fale, kojarz\u0105ce si\u0119 ze spokojem ducha i stabilizacj\u0105? Kultowy serial \u201e\u017bycie Na Fali\u201d? A mo\u017ce my\u015blicie o utworze \u201eNie Ma Fal\u201d Dawida Podsiad\u0142o? Dla nas fale zawsze si\u0119 wzbijaj\u0105.<\/span><\/p>\n<p><span style=\"font-weight: 400;\">Bez wzgl\u0119du na por\u0119 roku, mo\u017cecie teraz podziwia\u0107 kangow\u0105 fal\u0119 dzi\u0119ki naszemu zestawowi, w sk\u0142ad kt\u00f3rego wchodz\u0105:<\/span><\/p>\n<ul>\n<li><span style=\"font-weight: 400;\">Koszulka damska<\/span><\/li>\n<li><span style=\"font-weight: 400;\">Kubek\u00a0<\/span><\/li>\n<li><span style=\"font-weight: 400;\">Torba materia\u0142owa<\/span><\/li>\n<\/ul>\n<p><span style=\"font-weight: 400;\">PS: Pr\u00f3bowali\u015bcie wpisa\u0107 w wyszukiwark\u0119 domen\u0119 knf.pl? Je\u015bli nie, to polecamy!<\/span><\/p>\n","protected":false},"excerpt":{"rendered":"<p><span style=\"font-weight: 400;\">Koszulka, kubek i torba materia\u0142owa.<\/span><\/p>\n<p><span style=\"font-weight: 400;\">P\u0142atno\u015b\u0107 Kanga Pay daje rabat -15%.<\/span><\/p>\n","protected":false},"featured_media":7957,"comment_status":"open","ping_status":"closed","template":"","meta":{"inline_featured_image":false},"product_brand":[],"product_cat":[160,123],"product_tag":[],"class_list":{"0":"post-7958","1":"product","2":"type-product","3":"status-publish","4":"has-post-thumbnail","6":"product_cat-gadzetyiakcesoriabiurowe","7":"product_cat-zestawy","9":"first","10":"instock","11":"taxable","12":"shipping-taxable","13":"purchasable","14":"product-type-simple"},"_links":{"self":[{"href":"https:\/\/kanga.exchange\/shop\/wp-json\/wp\/v2\/product\/7958","targetHints":{"allow":["GET"]}}],"collection":[{"href":"https:\/\/kanga.exchange\/shop\/wp-json\/wp\/v2\/product"}],"about":[{"href":"https:\/\/kanga.exchange\/shop\/wp-json\/wp\/v2\/types\/product"}],"replies":[{"embeddable":true,"href":"https:\/\/kanga.exchange\/shop\/wp-json\/wp\/v2\/comments?post=7958"}],"wp:featuredmedia":[{"embeddable":true,"href":"https:\/\/kanga.exchange\/shop\/wp-json\/wp\/v2\/media\/7957"}],"wp:attachment":[{"href":"https:\/\/kanga.exchange\/shop\/wp-json\/wp\/v2\/media?parent=7958"}],"wp:term":[{"taxonomy":"product_brand","embeddable":true,"href":"https:\/\/kanga.exchange\/shop\/wp-json\/wp\/v2\/product_brand?post=7958"},{"taxonomy":"product_cat","embeddable":true,"href":"https:\/\/kanga.exchange\/shop\/wp-json\/wp\/v2\/product_cat?post=7958"},{"taxonomy":"product_tag","embeddable":true,"href":"https:\/\/kanga.exchange\/shop\/wp-json\/wp\/v2\/product_tag?post=7958"}],"curies":[{"name":"wp","href":"https:\/\/api.w.org\/{rel}","templated":true}]}}