{"id":7916,"date":"2024-06-13T17:58:44","date_gmt":"2024-06-13T15:58:44","guid":{"rendered":"https:\/\/kanga.exchange\/shop\/?post_type=product&#038;p=7916"},"modified":"2025-05-26T14:23:34","modified_gmt":"2025-05-26T12:23:34","slug":"t-shirt-hossa-night-czarny","status":"publish","type":"product","link":"https:\/\/kanga.exchange\/shop\/produkt\/t-shirt-hossa-night-czarny\/","title":{"rendered":"T-shirt Hossa Night"},"content":{"rendered":"<p>Koszulka z limitowanej edycji \u201eGwie\u017adzista Noc\u201d, inspirowana arcydzie\u0142em Vincenta van Gogha.<\/p>\n<p><span style=\"font-weight: 400;\">P\u0142atno\u015b\u0107 Kanga Pay daje rabat -15%.<\/span><\/p>\n<p><strong>Dlaczego warto j\u0105 mie\u0107?<\/strong><br \/>\n<strong>Wyj\u0105tkowa jako\u015b\u0107:<\/strong><br \/>\nNasza koszulka wykonana jest w 100% bawe\u0142ny wysokiej jako\u015bci, co gwarantuje zar\u00f3wno stylowy wygl\u0105d, jak i komfort noszenia.<br \/>\n<strong>Rozmiary dla ka\u017cdego:<\/strong><br \/>\nProdukt oferowany jest w rozmiarach S, M, L, XL, co umo\u017cliwia dopasowanie do indywidualnych potrzeb i preferencji ka\u017cdego fana kryptowalut.<br \/>\n<strong>Limitowana edycja:<\/strong><br \/>\nNie przegap szansy posiadania unikatowego po\u0142\u0105czenia sztuki Vincenta van Gogha z nowoczesnym \u015bwiatem kryptowalut. Ta koszulka jest dost\u0119pna tylko w ograniczonej ilo\u015bci 21 sztuk.<br \/>\n<strong>Uniwersalny rozmiar:<\/strong><br \/>\nProjektowana z my\u015bl\u0105 o wygodzie zar\u00f3wno kobiet, jak i m\u0119\u017cczyzn, nasza koszulka ma uniwersalny kr\u00f3j, kt\u00f3ry \u015bwietnie komponuje si\u0119 z r\u00f3\u017cnymi stylami i okazjami.<br \/>\nOdkryj nasz sklep internetowy dla fan\u00f3w krypto, gdzie znajdziesz nie tylko koszulki, ale tak\u017ce wiele innych gad\u017cet\u00f3w z logo kryptowalut. Kup teraz i sta\u0144 si\u0119 cz\u0119\u015bci\u0105 naszej spo\u0142eczno\u015bci Krypto Fashion!<\/p>\n","protected":false},"excerpt":{"rendered":"<p>Koszulka z limitowanej edycji \u201eGwie\u017adzista Noc\u201d, inspirowana arcydzie\u0142em Vincenta van Gogha.<\/p>\n<p><span style=\"font-weight: 400;\">P\u0142atno\u015b\u0107 Kanga Pay daje rabat -15%.<\/span><\/p>\n","protected":false},"featured_media":7668,"comment_status":"open","ping_status":"closed","template":"","meta":{"inline_featured_image":false},"product_brand":[],"product_cat":[227,153,54],"product_tag":[],"class_list":{"0":"post-7916","1":"product","2":"type-product","3":"status-publish","4":"has-post-thumbnail","6":"product_cat-limtowane","7":"product_cat-odzieziakcesoria","8":"product_cat-t-shirty","9":"pa_size-l-pl","10":"pa_size-m-pl","11":"pa_size-s-pl","12":"pa_size-xl-pl","14":"first","15":"instock","16":"taxable","17":"shipping-taxable","18":"purchasable","19":"product-type-variable","20":"has-default-attributes"},"_links":{"self":[{"href":"https:\/\/kanga.exchange\/shop\/wp-json\/wp\/v2\/product\/7916","targetHints":{"allow":["GET"]}}],"collection":[{"href":"https:\/\/kanga.exchange\/shop\/wp-json\/wp\/v2\/product"}],"about":[{"href":"https:\/\/kanga.exchange\/shop\/wp-json\/wp\/v2\/types\/product"}],"replies":[{"embeddable":true,"href":"https:\/\/kanga.exchange\/shop\/wp-json\/wp\/v2\/comments?post=7916"}],"wp:featuredmedia":[{"embeddable":true,"href":"https:\/\/kanga.exchange\/shop\/wp-json\/wp\/v2\/media\/7668"}],"wp:attachment":[{"href":"https:\/\/kanga.exchange\/shop\/wp-json\/wp\/v2\/media?parent=7916"}],"wp:term":[{"taxonomy":"product_brand","embeddable":true,"href":"https:\/\/kanga.exchange\/shop\/wp-json\/wp\/v2\/product_brand?post=7916"},{"taxonomy":"product_cat","embeddable":true,"href":"https:\/\/kanga.exchange\/shop\/wp-json\/wp\/v2\/product_cat?post=7916"},{"taxonomy":"product_tag","embeddable":true,"href":"https:\/\/kanga.exchange\/shop\/wp-json\/wp\/v2\/product_tag?post=7916"}],"curies":[{"name":"wp","href":"https:\/\/api.w.org\/{rel}","templated":true}]}}