{"id":7841,"date":"2024-06-07T12:20:49","date_gmt":"2024-06-07T10:20:49","guid":{"rendered":"https:\/\/kanga.exchange\/shop\/?post_type=product&#038;p=7841"},"modified":"2024-09-12T13:52:55","modified_gmt":"2024-09-12T11:52:55","slug":"torba-materialowa-knf","status":"publish","type":"product","link":"https:\/\/kanga.exchange\/shop\/produkt\/torba-materialowa-knf\/","title":{"rendered":"Torba materia\u0142owa KNF"},"content":{"rendered":"<p><b>Wyj\u0105tkowy design:<\/b><\/p>\n<p><span style=\"font-weight: 400;\">Nasza torba materia\u0142owa wyr\u00f3\u017cnia si\u0119 wzorem, kt\u00f3ry przenosi Ci\u0119 nad brzeg morza:<\/span><\/p>\n<ul>\n<li style=\"font-weight: 400;\" aria-level=\"1\"><span style=\"font-weight: 400;\">Dolna cz\u0119\u015b\u0107 torby jest pomara\u0144czowa, ozdobiona falami symbolizuj\u0105cymi morskie fale.<\/span><\/li>\n<li style=\"font-weight: 400;\" aria-level=\"1\"><span style=\"font-weight: 400;\">\u015arodkowa cz\u0119\u015b\u0107 w kolorze be\u017cowym symbolizuje piasek pla\u017cy.<\/span><\/li>\n<li style=\"font-weight: 400;\" aria-level=\"1\"><span style=\"font-weight: 400;\">G\u00f3rna cz\u0119\u015b\u0107 z napisem KNF (skr\u00f3t od &#8222;Kanga na fali&#8221;) i s\u0142o\u0144cem, kt\u00f3re dodaje ca\u0142o\u015bci letniego klimatu.<\/span><\/li>\n<li style=\"font-weight: 400;\" aria-level=\"1\"><span style=\"font-weight: 400;\">Pomara\u0144czowa ramka otacza ca\u0142o\u015b\u0107, nadaj\u0105c torbie sp\u00f3jny i wyrazisty wygl\u0105d.<\/span><\/li>\n<\/ul>\n<p><span style=\"font-weight: 400;\">Materia\u0142:<\/span><\/p>\n<p><span style=\"font-weight: 400;\">Torba wykonana jest z 100% bawe\u0142ny, co zapewnia jej wytrzyma\u0142o\u015b\u0107 i trwa\u0142o\u015b\u0107 na d\u0142ugie lata u\u017cytkowania.<\/span><\/p>\n<p><span style=\"font-weight: 400;\">Rozmiar:<\/span><\/p>\n<p><span style=\"font-weight: 400;\">O wymiarach 43 cm x 37 cm, torba KNF jest przestronna i praktyczna, idealna do codziennego u\u017cytku.<\/span><\/p>\n<p><span style=\"font-weight: 400;\">Odwied\u017a nasz sklep internetowy, gdzie znajdziesz nie tylko t\u0119 wyj\u0105tkow\u0105 torb\u0119, ale r\u00f3wnie\u017c szerok\u0105 gam\u0119 gad\u017cet\u00f3w krypto.<\/span><\/p>\n","protected":false},"excerpt":{"rendered":"<p><span style=\"font-weight: 400;\">Torba materia\u0142owa KNF, kt\u00f3ra \u0142\u0105czy funkcjonalno\u015b\u0107 z unikalnym designem inspirowanym morzem i pla\u017c\u0105.<\/span><\/p>\n<p><span style=\"font-weight: 400;\">P\u0142atno\u015b\u0107 Kanga Pay daje rabat -15%.<\/span><\/p>\n","protected":false},"featured_media":7838,"comment_status":"open","ping_status":"closed","template":"","meta":{"inline_featured_image":false},"product_brand":[],"product_cat":[153,112],"product_tag":[],"class_list":{"0":"post-7841","1":"product","2":"type-product","3":"status-publish","4":"has-post-thumbnail","6":"product_cat-odzieziakcesoria","7":"product_cat-torbamaterialowa-plecaki-worki","9":"first","10":"instock","11":"taxable","12":"shipping-taxable","13":"purchasable","14":"product-type-simple"},"_links":{"self":[{"href":"https:\/\/kanga.exchange\/shop\/wp-json\/wp\/v2\/product\/7841","targetHints":{"allow":["GET"]}}],"collection":[{"href":"https:\/\/kanga.exchange\/shop\/wp-json\/wp\/v2\/product"}],"about":[{"href":"https:\/\/kanga.exchange\/shop\/wp-json\/wp\/v2\/types\/product"}],"replies":[{"embeddable":true,"href":"https:\/\/kanga.exchange\/shop\/wp-json\/wp\/v2\/comments?post=7841"}],"wp:featuredmedia":[{"embeddable":true,"href":"https:\/\/kanga.exchange\/shop\/wp-json\/wp\/v2\/media\/7838"}],"wp:attachment":[{"href":"https:\/\/kanga.exchange\/shop\/wp-json\/wp\/v2\/media?parent=7841"}],"wp:term":[{"taxonomy":"product_brand","embeddable":true,"href":"https:\/\/kanga.exchange\/shop\/wp-json\/wp\/v2\/product_brand?post=7841"},{"taxonomy":"product_cat","embeddable":true,"href":"https:\/\/kanga.exchange\/shop\/wp-json\/wp\/v2\/product_cat?post=7841"},{"taxonomy":"product_tag","embeddable":true,"href":"https:\/\/kanga.exchange\/shop\/wp-json\/wp\/v2\/product_tag?post=7841"}],"curies":[{"name":"wp","href":"https:\/\/api.w.org\/{rel}","templated":true}]}}