{"id":7779,"date":"2024-05-28T16:11:53","date_gmt":"2024-05-28T14:11:53","guid":{"rendered":"https:\/\/kanga.exchange\/shop\/?post_type=product&#038;p=7779"},"modified":"2026-03-15T20:03:11","modified_gmt":"2026-03-15T19:03:11","slug":"koszulka-she-is-satoshi","status":"publish","type":"product","link":"https:\/\/kanga.exchange\/shop\/produkt\/koszulka-she-is-satoshi\/","title":{"rendered":"Koszulka She is Satoshi"},"content":{"rendered":"<p><span style=\"font-weight: 400;\">Koszulka &#8222;She is Satoshi&#8221; to propozycja dla os\u00f3b zainteresowanych kryptowalutami. Wykonana z wysokiej jako\u015bci 100% bawe\u0142ny, zapewniaj\u0105c komfort noszenia. Dost\u0119pna w rozmiarach S, M, L i XL, gwarantuje idealne dopasowanie do r\u00f3\u017cnych sylwetek.<\/span><\/p>\n<p><span style=\"font-weight: 400;\">Napis &#8222;She is Satoshi&#8221; na koszulce stanowi subtelne nawi\u0105zanie do tajemniczego tw\u00f3rcy Bitcoina. Prosty, minimalistyczny design sprawia, \u017ce koszulka nadaje si\u0119 zar\u00f3wno dla kobiet, jak i m\u0119\u017cczyzn, co czyni j\u0105 produktem unisexowym.<\/span><\/p>\n<p><span style=\"font-weight: 400;\">Odkryj nasz sklep internetowy dla fan\u00f3w krypto, gdzie znajdziesz nie tylko koszulki, ale tak\u017ce wiele innych gad\u017cet\u00f3w z logo kryptowalut. Kup teraz i sta\u0144 si\u0119 cz\u0119\u015bci\u0105 naszej spo\u0142eczno\u015bci Krypto Fashion!<\/span><\/p>\n<p><span style=\"font-weight: 400;\">P\u0142atno\u015b\u0107 Kanga Pay daje rabat -15%.<\/span><\/p>\n","protected":false},"excerpt":{"rendered":"<p><span style=\"font-weight: 400;\">Koszulka &#8222;She is Satoshi&#8221; w kolorze fioletowym.<\/span><\/p>\n<p><span style=\"font-weight: 400;\">P\u0142atno\u015b\u0107 Kanga Pay daje rabat -15%.<\/span><\/p>\n","protected":false},"featured_media":7778,"comment_status":"open","ping_status":"closed","template":"","meta":{"inline_featured_image":false},"product_brand":[],"product_cat":[153,54],"product_tag":[],"class_list":{"0":"post-7779","1":"product","2":"type-product","3":"status-publish","4":"has-post-thumbnail","6":"product_cat-odzieziakcesoria","7":"product_cat-t-shirty","8":"pa_size-l-pl","9":"pa_size-m-pl","10":"pa_size-s-pl","11":"pa_size-xl-pl","13":"first","14":"instock","15":"taxable","16":"shipping-taxable","17":"purchasable","18":"product-type-variable","19":"has-default-attributes"},"_links":{"self":[{"href":"https:\/\/kanga.exchange\/shop\/wp-json\/wp\/v2\/product\/7779","targetHints":{"allow":["GET"]}}],"collection":[{"href":"https:\/\/kanga.exchange\/shop\/wp-json\/wp\/v2\/product"}],"about":[{"href":"https:\/\/kanga.exchange\/shop\/wp-json\/wp\/v2\/types\/product"}],"replies":[{"embeddable":true,"href":"https:\/\/kanga.exchange\/shop\/wp-json\/wp\/v2\/comments?post=7779"}],"wp:featuredmedia":[{"embeddable":true,"href":"https:\/\/kanga.exchange\/shop\/wp-json\/wp\/v2\/media\/7778"}],"wp:attachment":[{"href":"https:\/\/kanga.exchange\/shop\/wp-json\/wp\/v2\/media?parent=7779"}],"wp:term":[{"taxonomy":"product_brand","embeddable":true,"href":"https:\/\/kanga.exchange\/shop\/wp-json\/wp\/v2\/product_brand?post=7779"},{"taxonomy":"product_cat","embeddable":true,"href":"https:\/\/kanga.exchange\/shop\/wp-json\/wp\/v2\/product_cat?post=7779"},{"taxonomy":"product_tag","embeddable":true,"href":"https:\/\/kanga.exchange\/shop\/wp-json\/wp\/v2\/product_tag?post=7779"}],"curies":[{"name":"wp","href":"https:\/\/api.w.org\/{rel}","templated":true}]}}