{"id":7759,"date":"2024-05-27T14:59:46","date_gmt":"2024-05-27T12:59:46","guid":{"rendered":"https:\/\/kanga.exchange\/shop\/?post_type=product&#038;p=7759"},"modified":"2024-06-21T12:43:09","modified_gmt":"2024-06-21T10:43:09","slug":"czapka-z-pomponem-dla-dzieci","status":"publish","type":"product","link":"https:\/\/kanga.exchange\/shop\/produkt\/czapka-z-pomponem-dla-dzieci\/","title":{"rendered":"Czapka z pomponem dla dzieci"},"content":{"rendered":"<p>Letnia czapka z pomponem dla dzieci to po\u0142\u0105czenie designerskiego charakteru i funkcjonalno\u015bci. Idealna na ciep\u0142e dni dla ma\u0142ych odkrywc\u00f3w. Wykonana z wysokiej jako\u015bci materia\u0142\u00f3w, zapewnia optymalny komfort i ochron\u0119 przed s\u0142o\u0144cem, jednocze\u015bnie utrzymuj\u0105c g\u0142ow\u0119 dziecka w ch\u0142odzie.<\/p>\n<p>Szczeg\u00f3ln\u0105 uwag\u0119 zas\u0142uguje mi\u0119kki, bawe\u0142niany potnik, kt\u00f3ry dodatkowo zwi\u0119ksza komfort, absorbuj\u0105c pot w gor\u0105ce dni i zapobiegaj\u0105c jego sp\u0142ywaniu na twarz. Du\u017cy, puszysty pompon na szczycie dodaje czapce wyj\u0105tkowego charakteru, sprawiaj\u0105c, \u017ce jest \u0142atwa do zauwa\u017cenia podczas letnich przyg\u00f3d.<\/p>\n<p>Czapka Pom Pom jest idealna dla dzieci w wieku od 2 do 9 lat. Chroni przed s\u0142o\u0144cem i inspiruje do aktywno\u015bci na \u015bwie\u017cym powietrzu, staj\u0105c si\u0119 ulubionym nakryciem g\u0142owy ka\u017cdego dziecka, kt\u00f3re j\u0105 za\u0142o\u017cy.<\/p>\n<p>Uniwersalny rozmiar czapki pozwala na regulacj\u0119 obwodu od 48 do 59 cm, dzi\u0119ki czemu dopasowuje si\u0119 do r\u00f3\u017cnych wielko\u015bci g\u0142\u00f3w.<\/p>\n","protected":false},"excerpt":{"rendered":"<div role=\"listitem\">\n<div class=\"\">\n<div id=\"post_pfp48147dfrr5by7a97nqc8gkw\" class=\"a11y__section post same--root same--user\" tabindex=\"0\" aria-label=\"O 11:52 pi\u0105tek, 24 maja, monika.czarniecka napisa\u0142, Kr\u00f3tki opis: Specjalny projekt marki Pom Pom Cap dla Kanga Foundation! Czapka na lato z pomponem dla dzieci.\" data-testid=\"postView\">\n<div class=\"post__content \" role=\"application\" data-testid=\"postContent\">\n<div id=\"pfp48147dfrr5by7a97nqc8gkw_message\" class=\"post__body\">\n<div class=\"AutoHeight\">\n<div>\n<div class=\"post-message post-message--collapsed\">\n<div class=\"post-message__text-container\">\n<div id=\"postMessageText_pfp48147dfrr5by7a97nqc8gkw\" class=\"post-message__text\" dir=\"auto\" tabindex=\"0\">\n<p>Specjalny projekt marki Pom Pom Cap dla Kanga Foundation! Czapka na lato z pomponem dla dzieci.<\/p>\n<p>Ca\u0142a kwota ze sprzeda\u017cy zostanie przekazana na Kanga Foundation!<\/p>\n<\/div>\n<\/div>\n<\/div>\n<\/div>\n<\/div>\n<div class=\"post__body-reactions-acks\">W zwi\u0105zku z przeznaczeniem przekazywanych \u015brodk\u00f3w na cele fundacji, uprzejmie prosimy o rozwa\u017cne zakupy, maj\u0105c na uwadze, \u017ce czapka nie ulega zwrotowi.<\/div>\n<\/div>\n<\/div>\n<\/div>\n<\/div>\n<\/div>\n","protected":false},"featured_media":7761,"comment_status":"open","ping_status":"closed","template":"","meta":{"inline_featured_image":false},"product_brand":[],"product_cat":[153,231,118],"product_tag":[],"class_list":{"0":"post-7759","1":"product","2":"type-product","3":"status-publish","4":"has-post-thumbnail","6":"product_cat-odzieziakcesoria","7":"product_cat-pomagamy","8":"product_cat-czapki","10":"first","11":"instock","12":"taxable","13":"shipping-taxable","14":"purchasable","15":"product-type-simple"},"_links":{"self":[{"href":"https:\/\/kanga.exchange\/shop\/wp-json\/wp\/v2\/product\/7759","targetHints":{"allow":["GET"]}}],"collection":[{"href":"https:\/\/kanga.exchange\/shop\/wp-json\/wp\/v2\/product"}],"about":[{"href":"https:\/\/kanga.exchange\/shop\/wp-json\/wp\/v2\/types\/product"}],"replies":[{"embeddable":true,"href":"https:\/\/kanga.exchange\/shop\/wp-json\/wp\/v2\/comments?post=7759"}],"wp:featuredmedia":[{"embeddable":true,"href":"https:\/\/kanga.exchange\/shop\/wp-json\/wp\/v2\/media\/7761"}],"wp:attachment":[{"href":"https:\/\/kanga.exchange\/shop\/wp-json\/wp\/v2\/media?parent=7759"}],"wp:term":[{"taxonomy":"product_brand","embeddable":true,"href":"https:\/\/kanga.exchange\/shop\/wp-json\/wp\/v2\/product_brand?post=7759"},{"taxonomy":"product_cat","embeddable":true,"href":"https:\/\/kanga.exchange\/shop\/wp-json\/wp\/v2\/product_cat?post=7759"},{"taxonomy":"product_tag","embeddable":true,"href":"https:\/\/kanga.exchange\/shop\/wp-json\/wp\/v2\/product_tag?post=7759"}],"curies":[{"name":"wp","href":"https:\/\/api.w.org\/{rel}","templated":true}]}}