{"id":7585,"date":"2024-04-25T11:14:50","date_gmt":"2024-04-25T09:14:50","guid":{"rendered":"https:\/\/kanga.exchange\/shop\/?post_type=product&#038;p=7585"},"modified":"2025-10-19T12:40:11","modified_gmt":"2025-10-19T10:40:11","slug":"cold-wallet-nakamoto-seed-12","status":"publish","type":"product","link":"https:\/\/kanga.exchange\/shop\/produkt\/cold-wallet-nakamoto-seed-12\/","title":{"rendered":"Cold Wallet Nakamoto Seed 12"},"content":{"rendered":"<p><b>Opis produktu:<\/b><\/p>\n<p><span style=\"font-weight: 400;\">Nakamoto Seed 12 to trwa\u0142y portfel wykonany z najlepszej jako\u015bci stali nierdzewnej (AISI 304), kt\u00f3ry zosta\u0142 zaprojektowany, by zapewni\u0107 najwy\u017csze standardy bezpiecze\u0144stwa dla Twoich <\/span><span style=\"font-weight: 400;\">bitcoin\u00f3w<\/span><span style=\"font-weight: 400;\"> oraz <\/span><span style=\"font-weight: 400;\">altcoin\u00f3w<\/span><span style=\"font-weight: 400;\">.\u00a0<\/span><\/p>\n<p><b>Kompatybilno\u015b\u0107:<\/b><\/p>\n<p><span style=\"font-weight: 400;\">Portfel jest kompatybilny z popularnymi portfelami takimi jak Trezor czy Electrum, co umo\u017cliwia \u0142atwe i bezpieczne zarz\u0105dzanie Twoimi zasobami w \u015brodowiskach wspieraj\u0105cych t\u0119 technologi\u0119.<\/span><\/p>\n<p><b>Dla kogo jest Nakamoto 12?<\/b><\/p>\n<p><span style=\"font-weight: 400;\">Nakamoto 12 dedykowany jest dla os\u00f3b, kt\u00f3re pragn\u0105 zabezpieczy\u0107 swoje \u015brodki przed nieoczekiwanymi katastrofami, takimi jak po\u017car czy pow\u00f3d\u017a. Idealny dla inwestor\u00f3w <\/span><span style=\"font-weight: 400;\">kryptowalut<\/span><span style=\"font-weight: 400;\">, kt\u00f3rzy ceni\u0105 sobie spok\u00f3j i bezpiecze\u0144stwo swoich inwestycji na d\u0142ugie lata.<\/span><\/p>\n<p><b>Budowa i odporno\u015b\u0107:<\/b><\/p>\n<p><span style=\"font-weight: 400;\">Produkt sk\u0142ada si\u0119 z jednej grubej, 1,5 mm p\u0142ytki ze stali nierdzewnej, kt\u00f3ra mo\u017ce przechowa\u0107 do 12 s\u0142\u00f3w. Stop AISI 304 charakteryzuje si\u0119 wysok\u0105 odporno\u015bci\u0105 na korozj\u0119 oraz temperatur\u0119 topnienia wynosz\u0105c\u0105 1450\u00b0C (2642\u00b0F), zapewniaj\u0105c ochron\u0119 nawet w ekstremalnie wysokich temperaturach.<\/span><\/p>\n<p><b>System znakowania:<\/b><\/p>\n<p><span style=\"font-weight: 400;\">W zestawie znajduje si\u0119 punktak automatyczny, kt\u00f3ry u\u0142atwia szybkie i precyzyjne wyt\u0142aczanie s\u0142\u00f3w. Prosta w u\u017cyciu konstrukcja pozwala na bezproblemowe i trwa\u0142e oznaczenie danych bez ryzyka b\u0142\u0119du.<\/span><\/p>\n<p><b>G\u0142\u00f3wne cechy:<\/b><\/p>\n<ul>\n<li style=\"font-weight: 400;\" aria-level=\"1\"><span style=\"font-weight: 400;\">Przechowywanie do 12 s\u0142\u00f3w nasion zgodnie ze standardem BIP39 (wystarczaj\u0105 pierwsze 4 litery ka\u017cdego s\u0142owa).<\/span><\/li>\n<li style=\"font-weight: 400;\" aria-level=\"1\"><span style=\"font-weight: 400;\">Wysoka odporno\u015b\u0107 na wysokie temperatury i korozj\u0119.<\/span><\/li>\n<li style=\"font-weight: 400;\" aria-level=\"1\"><span style=\"font-weight: 400;\">Brak lu\u017anych cz\u0119\u015bci, zwi\u0119kszaj\u0105cy bezpiecze\u0144stwo i trwa\u0142o\u015b\u0107 urz\u0105dzenia.<\/span><\/li>\n<\/ul>\n<p><span style=\"font-weight: 400;\">Zaktualizuj swoj\u0105 <\/span><span style=\"font-weight: 400;\">kolekcj\u0119 gad\u017cet\u00f3w krypto<\/span><span style=\"font-weight: 400;\"> dzi\u0119ki naszemu sklepowi. Oferujemy r\u00f3\u017cnorodno\u015b\u0107 <\/span><span style=\"font-weight: 400;\">gad\u017cet\u00f3w z logo kryptowalut<\/span><span style=\"font-weight: 400;\">, kt\u00f3re zadowol\u0105 ka\u017cdego mi\u0142o\u015bnika krypto.<\/span><\/p>\n<div class=\"elementor-element elementor-element-cf936b7 elementor-widget elementor-widget-porto_cp_tabs\" data-id=\"cf936b7\" data-element_type=\"widget\" data-widget_type=\"porto_cp_tabs.default\">\n<div class=\"elementor-widget-container\">\n<div id=\"product-tab\" class=\"woocommerce-tabs woocommerce-tabs-6b1a52eb resp-htabs\">\n<div class=\"resp-tabs-container\">\n<div id=\"tab-description\" class=\"tab-content resp-tab-content resp-tab-content-active\" aria-labelledby=\"tab_item-0\">\n<p>Produkt wy\u0142\u0105czony ze zni\u017cki.<\/p>\n<\/div>\n<\/div>\n<\/div>\n<\/div>\n<\/div>\n","protected":false},"excerpt":{"rendered":"<p>&nbsp;<\/p>\n<p>&nbsp;<\/p>\n","protected":false},"featured_media":7587,"comment_status":"open","ping_status":"closed","template":"","meta":{"inline_featured_image":false},"product_brand":[],"product_cat":[158,134],"product_tag":[],"class_list":{"0":"post-7585","1":"product","2":"type-product","3":"status-publish","4":"has-post-thumbnail","6":"product_cat-sprzettechniczny","7":"product_cat-coldwallet","9":"first","10":"instock","11":"taxable","12":"shipping-taxable","13":"purchasable","14":"product-type-simple"},"_links":{"self":[{"href":"https:\/\/kanga.exchange\/shop\/wp-json\/wp\/v2\/product\/7585","targetHints":{"allow":["GET"]}}],"collection":[{"href":"https:\/\/kanga.exchange\/shop\/wp-json\/wp\/v2\/product"}],"about":[{"href":"https:\/\/kanga.exchange\/shop\/wp-json\/wp\/v2\/types\/product"}],"replies":[{"embeddable":true,"href":"https:\/\/kanga.exchange\/shop\/wp-json\/wp\/v2\/comments?post=7585"}],"wp:featuredmedia":[{"embeddable":true,"href":"https:\/\/kanga.exchange\/shop\/wp-json\/wp\/v2\/media\/7587"}],"wp:attachment":[{"href":"https:\/\/kanga.exchange\/shop\/wp-json\/wp\/v2\/media?parent=7585"}],"wp:term":[{"taxonomy":"product_brand","embeddable":true,"href":"https:\/\/kanga.exchange\/shop\/wp-json\/wp\/v2\/product_brand?post=7585"},{"taxonomy":"product_cat","embeddable":true,"href":"https:\/\/kanga.exchange\/shop\/wp-json\/wp\/v2\/product_cat?post=7585"},{"taxonomy":"product_tag","embeddable":true,"href":"https:\/\/kanga.exchange\/shop\/wp-json\/wp\/v2\/product_tag?post=7585"}],"curies":[{"name":"wp","href":"https:\/\/api.w.org\/{rel}","templated":true}]}}