{"id":7577,"date":"2024-04-25T11:03:15","date_gmt":"2024-04-25T09:03:15","guid":{"rendered":"https:\/\/kanga.exchange\/shop\/?post_type=product&#038;p=7577"},"modified":"2026-03-06T21:58:24","modified_gmt":"2026-03-06T20:58:24","slug":"cold-wallet-nakamoto-seed-24","status":"publish","type":"product","link":"https:\/\/kanga.exchange\/shop\/produkt\/cold-wallet-nakamoto-seed-24\/","title":{"rendered":"Cold Wallet Nakamoto Seed 24"},"content":{"rendered":"<p><b>Opis produktu:<\/b><\/p>\n<p><span style=\"font-weight: 400;\">Nakamoto Seed 24 to nowo\u015b\u0107 w \u015bwiecie cold wallet\u00f3w. Dzi\u0119ki wykonaniu z najwy\u017cszej jako\u015bci stali nierdzewnej (AISI 304), portfel ten jest w stanie wytrzyma\u0107 ekstremalne warunki, takie jak wysokie temperatury czy ekspozycja na korozj\u0119, co zapewnia d\u0142ugotrwa\u0142\u0105 ochron\u0119 Twoich kluczowych s\u0142\u00f3w.<\/span><\/p>\n<p><b>Wysoka wytrzyma\u0142o\u015b\u0107:<\/b><\/p>\n<p><span style=\"font-weight: 400;\">Produkt sk\u0142ada si\u0119 z dw\u00f3ch grubych, 1,5 mm p\u0142ytek ze stali nierdzewnej, na kt\u00f3rych mo\u017cna trwale wyt\u0142oczy\u0107 do 24 s\u0142\u00f3w. Stal AISI 304 zapewnia odporno\u015b\u0107 na temperatur\u0119 do 1200\u00b0C (2192\u00b0F), co jest wynikiem znacznie wy\u017cszym ni\u017c \u015brednia temperatura po\u017caru domowego.<\/span><\/p>\n<p><b>Innowacyjny mechanizm znakowania:<\/b><\/p>\n<p><span style=\"font-weight: 400;\">Zestaw zawiera punktak automatyczny, kt\u00f3ry u\u0142atwia szybkie i precyzyjne znakowanie s\u0142\u00f3w. Prosty w obs\u0142udze mechanizm zapewnia, \u017ce ka\u017cde wyt\u0142oczenie jest g\u0142\u0119bokie i czytelne, bez ryzyka przesuni\u0119cia czy b\u0142\u0119du.<\/span><\/p>\n<p><b>Dlaczego warto wybra\u0107 Nakamoto Seed 24?<\/b><\/p>\n<ul>\n<li style=\"font-weight: 400;\" aria-level=\"1\"><span style=\"font-weight: 400;\">Wysoka odporno\u015b\u0107 na ekstremalne warunki<\/span><\/li>\n<li style=\"font-weight: 400;\" aria-level=\"1\"><span style=\"font-weight: 400;\">Kompatybilno\u015b\u0107 z g\u0142\u00f3wnymi <\/span><span style=\"font-weight: 400;\">portfelami kryptowalutowymi<\/span><\/li>\n<li style=\"font-weight: 400;\" aria-level=\"1\"><span style=\"font-weight: 400;\">Mo\u017cliwo\u015b\u0107 bezpiecznego przechowywania kluczowych s\u0142\u00f3w<\/span><\/li>\n<li style=\"font-weight: 400;\" aria-level=\"1\"><span style=\"font-weight: 400;\">Trwa\u0142o\u015b\u0107 i niezawodno\u015b\u0107 konstrukcji<\/span><\/li>\n<li style=\"font-weight: 400;\" aria-level=\"1\"><span style=\"font-weight: 400;\">Brak lu\u017anych cz\u0119\u015bci, co zwi\u0119ksza bezpiecze\u0144stwo<\/span><\/li>\n<\/ul>\n<p><span style=\"font-weight: 400;\">Skorzystaj z oferty naszego <\/span><span style=\"font-weight: 400;\">sklepu dla fan\u00f3w kryptowalut<\/span><span style=\"font-weight: 400;\">. Znajdziesz u nas zar\u00f3wno <\/span><span style=\"font-weight: 400;\">gad\u017cety kryptowalutowe<\/span><span style=\"font-weight: 400;\">, jak i unikalne prezenty z <\/span><span style=\"font-weight: 400;\">motywem krypto<\/span><span style=\"font-weight: 400;\">.<\/span><\/p>\n<div class=\"elementor-element elementor-element-cf936b7 elementor-widget elementor-widget-porto_cp_tabs\" data-id=\"cf936b7\" data-element_type=\"widget\" data-widget_type=\"porto_cp_tabs.default\">\n<div class=\"elementor-widget-container\">\n<div id=\"product-tab\" class=\"woocommerce-tabs woocommerce-tabs-6b1a52eb resp-htabs\">\n<div class=\"resp-tabs-container\">\n<div id=\"tab-description\" class=\"tab-content resp-tab-content resp-tab-content-active\" aria-labelledby=\"tab_item-0\">\n<p>Produkt wy\u0142\u0105czony ze zni\u017cki.<\/p>\n<\/div>\n<\/div>\n<\/div>\n<\/div>\n<\/div>\n","protected":false},"excerpt":{"rendered":"<p>&nbsp;<\/p>\n<p>&nbsp;<\/p>\n","protected":false},"featured_media":7579,"comment_status":"open","ping_status":"closed","template":"","meta":{"inline_featured_image":false},"product_brand":[],"product_cat":[158,134],"product_tag":[],"class_list":{"0":"post-7577","1":"product","2":"type-product","3":"status-publish","4":"has-post-thumbnail","6":"product_cat-sprzettechniczny","7":"product_cat-coldwallet","9":"first","10":"instock","11":"taxable","12":"shipping-taxable","13":"purchasable","14":"product-type-simple"},"_links":{"self":[{"href":"https:\/\/kanga.exchange\/shop\/wp-json\/wp\/v2\/product\/7577","targetHints":{"allow":["GET"]}}],"collection":[{"href":"https:\/\/kanga.exchange\/shop\/wp-json\/wp\/v2\/product"}],"about":[{"href":"https:\/\/kanga.exchange\/shop\/wp-json\/wp\/v2\/types\/product"}],"replies":[{"embeddable":true,"href":"https:\/\/kanga.exchange\/shop\/wp-json\/wp\/v2\/comments?post=7577"}],"wp:featuredmedia":[{"embeddable":true,"href":"https:\/\/kanga.exchange\/shop\/wp-json\/wp\/v2\/media\/7579"}],"wp:attachment":[{"href":"https:\/\/kanga.exchange\/shop\/wp-json\/wp\/v2\/media?parent=7577"}],"wp:term":[{"taxonomy":"product_brand","embeddable":true,"href":"https:\/\/kanga.exchange\/shop\/wp-json\/wp\/v2\/product_brand?post=7577"},{"taxonomy":"product_cat","embeddable":true,"href":"https:\/\/kanga.exchange\/shop\/wp-json\/wp\/v2\/product_cat?post=7577"},{"taxonomy":"product_tag","embeddable":true,"href":"https:\/\/kanga.exchange\/shop\/wp-json\/wp\/v2\/product_tag?post=7577"}],"curies":[{"name":"wp","href":"https:\/\/api.w.org\/{rel}","templated":true}]}}