{"id":7533,"date":"2024-04-15T15:06:38","date_gmt":"2024-04-15T13:06:38","guid":{"rendered":"https:\/\/kanga.exchange\/shop\/?post_type=product&#038;p=7533"},"modified":"2026-01-12T17:59:43","modified_gmt":"2026-01-12T16:59:43","slug":"trezor-safe-3","status":"publish","type":"product","link":"https:\/\/kanga.exchange\/shop\/produkt\/trezor-safe-3\/","title":{"rendered":"Trezor Safe 3"},"content":{"rendered":"<p><b>Dlaczego warto go mie\u0107?<\/b><\/p>\n<p><b>Zabezpieczenie:<\/b><\/p>\n<p><span style=\"font-weight: 400;\">Trezor Safe 3 wykorzystuje chip z certyfikatem EAL6+, zapewniaj\u0105cy ochron\u0119 przed nieautoryzowanym fizycznym dost\u0119pem, gwarantuj\u0105c wysoki poziom bezpiecze\u0144stwa przechowywanych aktyw\u00f3w.<\/span><\/p>\n<p><b>Funkcjonalno\u015b\u0107:<\/b><span style=\"font-weight: 400;\">\u00a0<\/span><\/p>\n<p><span style=\"font-weight: 400;\">Dzi\u0119ki integracji z aplikacj\u0105 Trezor Suite, urz\u0105dzenie umo\u017cliwia zarz\u0105dzanie portfelem kryptowalut: sprawdzanie salda, realizacja transakcji oraz handel bezpo\u015brednio z poziomu sprz\u0119tu.<\/span><\/p>\n<p><b>Oprogramowanie:<\/b><span style=\"font-weight: 400;\">:\u00a0<\/span><\/p>\n<p><span style=\"font-weight: 400;\">Oprogramowanie sprz\u0119towe Trezor Safe 3 jest typu open source, co zapewnia maksymaln\u0105 przejrzysto\u015b\u0107 i bezpiecze\u0144stwo.<\/span><\/p>\n<p><b>Waluty:<\/b><\/p>\n<p><span style=\"font-weight: 400;\">Obs\u0142uga szerokiej gamy kryptowalut, w tym Bitcoin, Ethereum, XRP, Cardano, Uniswap, Chainlink, oraz wszystkich token\u00f3w ERC20.<\/span><\/p>\n<p><b>Bezpiecze\u0144stwo i certyfikaty:<\/b><\/p>\n<p><span style=\"font-weight: 400;\">Trezor Safe 3 posiada certyfikat CE i RoHS, spe\u0142niaj\u0105c wszystkie standardy jako\u015bci, niezawodno\u015bci i ochrony \u015brodowiska.<\/span><\/p>\n<p><b>Specyfikacja Techniczna:\u00a0<\/b><\/p>\n<p><span style=\"font-weight: 400;\">Wymiary: 59 x 32 x 7,4 mm<\/span><\/p>\n<p><span style=\"font-weight: 400;\">Waga: 14 g<\/span><\/p>\n<p><span style=\"font-weight: 400;\">Procesor: zintegrowany procesor ARM 180 MHz (Cortex M4)<\/span><\/p>\n<p><span style=\"font-weight: 400;\">Uwierzytelnianie: Uwierzytelnianie dwusk\u0142adnikowe i standard FIDO2<\/span><\/p>\n<p><span style=\"font-weight: 400;\">Po\u0142\u0105czenie: USB-C<\/span><\/p>\n<p><span style=\"font-weight: 400;\">Trezor Safe 3 stanowi profesjonalne rozwi\u0105zanie dla os\u00f3b poszukuj\u0105cych zaawansowanego zabezpieczenia swoich aktyw\u00f3w kryptowalutowych, \u0142\u0105cz\u0105c wysoki poziom bezpiecze\u0144stwa z funkcjonalno\u015bci\u0105 zarz\u0105dzania portfelem.<\/span><\/p>\n<p><span style=\"font-weight: 400;\">Kanga jest oficjalnym resellerem upowa\u017cnionym do dystrybucji Trezor Safe 3 <\/span><span style=\"font-weight: 400;\">zgodnie z wytycznymi producenta.<\/span><\/p>\n<p>Produkt wy\u0142\u0105czony ze zni\u017cki.<\/p>\n","protected":false},"excerpt":{"rendered":"<p>&nbsp;<\/p>\n<p>&nbsp;<\/p>\n","protected":false},"featured_media":7536,"comment_status":"open","ping_status":"closed","template":"","meta":{"inline_featured_image":false},"product_brand":[],"product_cat":[140,158],"product_tag":[],"class_list":{"0":"post-7533","1":"product","2":"type-product","3":"status-publish","4":"has-post-thumbnail","6":"product_cat-portfele-sprzetowe","7":"product_cat-sprzettechniczny","9":"first","10":"instock","11":"taxable","12":"shipping-taxable","13":"purchasable","14":"product-type-simple"},"_links":{"self":[{"href":"https:\/\/kanga.exchange\/shop\/wp-json\/wp\/v2\/product\/7533","targetHints":{"allow":["GET"]}}],"collection":[{"href":"https:\/\/kanga.exchange\/shop\/wp-json\/wp\/v2\/product"}],"about":[{"href":"https:\/\/kanga.exchange\/shop\/wp-json\/wp\/v2\/types\/product"}],"replies":[{"embeddable":true,"href":"https:\/\/kanga.exchange\/shop\/wp-json\/wp\/v2\/comments?post=7533"}],"wp:featuredmedia":[{"embeddable":true,"href":"https:\/\/kanga.exchange\/shop\/wp-json\/wp\/v2\/media\/7536"}],"wp:attachment":[{"href":"https:\/\/kanga.exchange\/shop\/wp-json\/wp\/v2\/media?parent=7533"}],"wp:term":[{"taxonomy":"product_brand","embeddable":true,"href":"https:\/\/kanga.exchange\/shop\/wp-json\/wp\/v2\/product_brand?post=7533"},{"taxonomy":"product_cat","embeddable":true,"href":"https:\/\/kanga.exchange\/shop\/wp-json\/wp\/v2\/product_cat?post=7533"},{"taxonomy":"product_tag","embeddable":true,"href":"https:\/\/kanga.exchange\/shop\/wp-json\/wp\/v2\/product_tag?post=7533"}],"curies":[{"name":"wp","href":"https:\/\/api.w.org\/{rel}","templated":true}]}}