{"id":7221,"date":"2024-02-14T16:47:50","date_gmt":"2024-02-14T15:47:50","guid":{"rendered":"https:\/\/kanga.exchange\/shop\/?post_type=product&#038;p=7221"},"modified":"2026-04-23T12:05:47","modified_gmt":"2026-04-23T10:05:47","slug":"nakladka-na-dowod","status":"publish","type":"product","link":"https:\/\/kanga.exchange\/shop\/produkt\/nakladka-na-dowod\/","title":{"rendered":"Nak\u0142adka na dow\u00f3d"},"content":{"rendered":"<p><b>Dlaczego warto j\u0105 mie\u0107?<\/b><\/p>\n<p><b>Funkcjonalno\u015b\u0107:\u00a0<\/b><\/p>\n<p><span style=\"font-weight: 400;\">Pozwala na eksponowanie wy\u0142\u0105cznie wymaganych danych z dowodu, reszta danych pozostaje zakryta.<\/span><\/p>\n<p><b>Materia\u0142:\u00a0<\/b><\/p>\n<p><span style=\"font-weight: 400;\">Wykonana z trwa\u0142ego plastiku, zapewniaj\u0105cego d\u0142ugotrwa\u0142e u\u017cytkowanie.<\/span><\/p>\n<p><b>Warianty:\u00a0<\/b><\/p>\n<p><span style=\"font-weight: 400;\">Dost\u0119pna w trzech r\u00f3\u017cnych rodzajach, umo\u017cliwiaj\u0105cych dopasowanie do posiadanego dowodu osobistego.\u00a0<\/span><\/p>\n<p><span style=\"font-weight: 400;\">Warianty wed\u0142ug roku wydania dowodu osobistego:<\/span><\/p>\n<p><span style=\"font-weight: 400;\">F1- 2019, 2021-2023<\/span><\/p>\n<p><span style=\"font-weight: 400;\">F2 &#8211; 2015-2019<\/span><\/p>\n<p><span style=\"font-weight: 400;\">F3 &#8211; przed 2015<\/span><\/p>\n<p><b>Ochrona Prywatno\u015bci:\u00a0<\/b><\/p>\n<p><span style=\"font-weight: 400;\">Dzi\u0119ki zastosowaniu nak\u0142adek, wyeliminowane s\u0105 obawy zwi\u0105zane z potencjalnym nadu\u017cyciem skanu dowodu osobistego w kontek\u015bcie nieuprawnionego uzyskania korzy\u015bci finansowych, takich jak wy\u0142udzenie kredytu.<\/span><\/p>\n<p><b>Zastrze\u017cenie:\u00a0<\/b><\/p>\n<p><span style=\"font-weight: 400;\">Produkt jest zastrze\u017cony na rzecz jednej ze sp\u00f3\u0142ek wchodz\u0105cych w sk\u0142ad projektu Kanga i powsta\u0142 w wyniku zaanga\u017cowania dzia\u0142u prawnego i dzia\u0142u AML.<\/span><\/p>\n<p><span style=\"font-weight: 400;\">Zakup w naszym sklepie krypto to nie tylko inwestycja w bezpiecze\u0144stwo, ale i \u015bwietny spos\u00f3b na wyra\u017cenie swojej pasji do \u015bwiata kryptowalut. Nasze nak\u0142adki to tak\u017ce doskona\u0142e prezenty z motywem krypto dla bliskich.<\/span><\/p>\n<p><span style=\"font-weight: 400;\">P\u0142atno\u015b\u0107 Kanga Pay daje rabat -15%.<\/span><\/p>\n","protected":false},"excerpt":{"rendered":"<p><span style=\"font-weight: 400;\">AML Nak\u0142adka na Dow\u00f3d Osobisty.<\/span><\/p>\n<p><span style=\"font-weight: 400;\">P\u0142atno\u015b\u0107 Kanga Pay daje rabat -15%.<\/span><\/p>\n","protected":false},"featured_media":7195,"comment_status":"open","ping_status":"closed","template":"","meta":{"inline_featured_image":false},"product_brand":[],"product_cat":[160,127],"product_tag":[],"class_list":{"0":"post-7221","1":"product","2":"type-product","3":"status-publish","4":"has-post-thumbnail","6":"product_cat-gadzetyiakcesoriabiurowe","7":"product_cat-nakladki","9":"first","10":"outofstock","11":"taxable","12":"shipping-taxable","13":"purchasable","14":"product-type-variable","15":"has-default-attributes"},"_links":{"self":[{"href":"https:\/\/kanga.exchange\/shop\/wp-json\/wp\/v2\/product\/7221","targetHints":{"allow":["GET"]}}],"collection":[{"href":"https:\/\/kanga.exchange\/shop\/wp-json\/wp\/v2\/product"}],"about":[{"href":"https:\/\/kanga.exchange\/shop\/wp-json\/wp\/v2\/types\/product"}],"replies":[{"embeddable":true,"href":"https:\/\/kanga.exchange\/shop\/wp-json\/wp\/v2\/comments?post=7221"}],"wp:featuredmedia":[{"embeddable":true,"href":"https:\/\/kanga.exchange\/shop\/wp-json\/wp\/v2\/media\/7195"}],"wp:attachment":[{"href":"https:\/\/kanga.exchange\/shop\/wp-json\/wp\/v2\/media?parent=7221"}],"wp:term":[{"taxonomy":"product_brand","embeddable":true,"href":"https:\/\/kanga.exchange\/shop\/wp-json\/wp\/v2\/product_brand?post=7221"},{"taxonomy":"product_cat","embeddable":true,"href":"https:\/\/kanga.exchange\/shop\/wp-json\/wp\/v2\/product_cat?post=7221"},{"taxonomy":"product_tag","embeddable":true,"href":"https:\/\/kanga.exchange\/shop\/wp-json\/wp\/v2\/product_tag?post=7221"}],"curies":[{"name":"wp","href":"https:\/\/api.w.org\/{rel}","templated":true}]}}