{"id":7189,"date":"2024-02-14T16:21:37","date_gmt":"2024-02-14T15:21:37","guid":{"rendered":"https:\/\/kanga.exchange\/shop\/?post_type=product&#038;p=7189"},"modified":"2026-03-26T15:17:07","modified_gmt":"2026-03-26T14:17:07","slug":"zestaw-nakladek-aml","status":"publish","type":"product","link":"https:\/\/kanga.exchange\/shop\/produkt\/zestaw-nakladek-aml\/","title":{"rendered":"Zestaw Nak\u0142adek AML"},"content":{"rendered":"<p><b>Dlaczego warto j\u0105 mie\u0107?<\/b><\/p>\n<p><b>Ochrona Danych:\u00a0<\/b><\/p>\n<p><span style=\"font-weight: 400;\">Ka\u017cda nak\u0142adka zaprojektowana jest tak, aby eksponowa\u0107 tylko najwa\u017cniejsze informacje z dowodu, chroni\u0105c pozosta\u0142e dane przed nieautoryzowanym dost\u0119pem.<\/span><\/p>\n<p><b>Jako\u015b\u0107:\u00a0<\/b><\/p>\n<p><span style=\"font-weight: 400;\">Wykonane z wytrzyma\u0142ego plastiku, nak\u0142adki s\u0105 odporne na zu\u017cycie i uszkodzenia, zapewniaj\u0105c d\u0142ugotrwa\u0142e u\u017cytkowanie.<\/span><\/p>\n<p><b>R\u00f3\u017cnorodno\u015b\u0107 Wyboru:\u00a0<\/b><\/p>\n<p><span style=\"font-weight: 400;\">W zestawie znajduj\u0105 si\u0119 r\u00f3\u017cne rodzaje nak\u0142adek, umo\u017cliwiaj\u0105c dopasowanie do posiadanego wzoru dokumentu.<\/span><\/p>\n<p><span style=\"font-weight: 400;\">Warianty wed\u0142ug roku wydania dowodu osobistego:<\/span><\/p>\n<p><span style=\"font-weight: 400;\">F1- 2019, 2021-2023<\/span><\/p>\n<p><span style=\"font-weight: 400;\">F2 &#8211; 2015-2019<\/span><\/p>\n<p><span style=\"font-weight: 400;\">F3 &#8211; przed 2015<\/span><\/p>\n<p><b>Bezpiecze\u0144stwo:\u00a0<\/b><\/p>\n<p><span style=\"font-weight: 400;\">Dzi\u0119ki zastosowaniu nak\u0142adek, wyeliminowane s\u0105 obawy zwi\u0105zane z potencjalnym nadu\u017cyciem skanu dowodu osobistego w kontek\u015bcie nieuprawnionego uzyskania korzy\u015bci finansowych, takich jak wy\u0142udzenie kredytu.<\/span><\/p>\n<p><b>Zastrze\u017cenie:<\/b><span style=\"font-weight: 400;\">\u00a0<\/span><\/p>\n<p><span style=\"font-weight: 400;\">Produkt jest zastrze\u017cony na rzecz jednej ze sp\u00f3\u0142ek wchodz\u0105cych w sk\u0142ad projektu Kanga i powsta\u0142 w wyniku zaanga\u017cowania dzia\u0142u prawnego i dzia\u0142u AML.<\/span><\/p>\n<p><span style=\"font-weight: 400;\">Dost\u0119pny w naszym sklepie dla fan\u00f3w krypto, zestaw ten stanowi idealne po\u0142\u0105czenie funkcjonalno\u015bci i stylu.\u00a0<\/span><\/p>\n<p><span style=\"font-weight: 400;\">P\u0142atno\u015b\u0107 Kanga Pay daje rabat -15%.<\/span><\/p>\n","protected":false},"excerpt":{"rendered":"<p>Dlaczego warto j\u0105 mie\u0107? Ochrona Danych:\u00a0 Ka\u017cda nak\u0142adka zaprojektowana jest tak, aby eksponowa\u0107 tylko najwa\u017cniejsze informacje z dowodu, chroni\u0105c pozosta\u0142e dane przed nieautoryzowanym dost\u0119pem. Jako\u015b\u0107:\u00a0 Wykonane z wytrzyma\u0142ego plastiku, nak\u0142adki s\u0105 odporne na zu\u017cycie i uszkodzenia, zapewniaj\u0105c d\u0142ugotrwa\u0142e u\u017cytkowanie. R\u00f3\u017cnorodno\u015b\u0107 Wyboru:\u00a0 W zestawie znajduj\u0105 si\u0119 r\u00f3\u017cne rodzaje nak\u0142adek, umo\u017cliwiaj\u0105c dopasowanie do posiadanego wzoru dokumentu. Warianty [&hellip;]<\/p>\n","protected":false},"featured_media":7193,"comment_status":"open","ping_status":"closed","template":"","meta":{"inline_featured_image":false},"product_brand":[],"product_cat":[160,127],"product_tag":[],"class_list":{"0":"post-7189","1":"product","2":"type-product","3":"status-publish","4":"has-post-thumbnail","6":"product_cat-gadzetyiakcesoriabiurowe","7":"product_cat-nakladki","9":"first","10":"instock","11":"taxable","12":"shipping-taxable","13":"purchasable","14":"product-type-simple"},"_links":{"self":[{"href":"https:\/\/kanga.exchange\/shop\/wp-json\/wp\/v2\/product\/7189","targetHints":{"allow":["GET"]}}],"collection":[{"href":"https:\/\/kanga.exchange\/shop\/wp-json\/wp\/v2\/product"}],"about":[{"href":"https:\/\/kanga.exchange\/shop\/wp-json\/wp\/v2\/types\/product"}],"replies":[{"embeddable":true,"href":"https:\/\/kanga.exchange\/shop\/wp-json\/wp\/v2\/comments?post=7189"}],"wp:featuredmedia":[{"embeddable":true,"href":"https:\/\/kanga.exchange\/shop\/wp-json\/wp\/v2\/media\/7193"}],"wp:attachment":[{"href":"https:\/\/kanga.exchange\/shop\/wp-json\/wp\/v2\/media?parent=7189"}],"wp:term":[{"taxonomy":"product_brand","embeddable":true,"href":"https:\/\/kanga.exchange\/shop\/wp-json\/wp\/v2\/product_brand?post=7189"},{"taxonomy":"product_cat","embeddable":true,"href":"https:\/\/kanga.exchange\/shop\/wp-json\/wp\/v2\/product_cat?post=7189"},{"taxonomy":"product_tag","embeddable":true,"href":"https:\/\/kanga.exchange\/shop\/wp-json\/wp\/v2\/product_tag?post=7189"}],"curies":[{"name":"wp","href":"https:\/\/api.w.org\/{rel}","templated":true}]}}