{"id":7167,"date":"2024-02-12T18:28:48","date_gmt":"2024-02-12T17:28:48","guid":{"rendered":"https:\/\/kanga.exchange\/shop\/?post_type=product&#038;p=7167"},"modified":"2025-10-20T12:40:06","modified_gmt":"2025-10-20T10:40:06","slug":"ksiazka-limes-inferior","status":"publish","type":"product","link":"https:\/\/kanga.exchange\/shop\/produkt\/ksiazka-limes-inferior\/","title":{"rendered":"Ksi\u0105\u017cka Limes inferior"},"content":{"rendered":"<p><span style=\"font-weight: 400;\">Ksi\u0105\u017cka opowiada histori\u0119 bohatera, kt\u00f3ry z drobnego kombinatora wznosi si\u0119 na szczyty w\u0142adzy, mierz\u0105c si\u0119 z niebezpiecze\u0144stwami p\u0142yn\u0105cymi z jego nowej pozycji. Ksi\u0105\u017cka sk\u0142ania do refleksji nad tematami w\u0142adzy, wolno\u015bci i manipulacji, b\u0119d\u0105c zarazem ostrze\u017ceniem przed zagro\u017ceniami ambicji i kontroli. Obowi\u0105zkowa lektura dla mi\u0142o\u015bnik\u00f3w gatunku, \u0142\u0105cz\u0105ca pasjonuj\u0105c\u0105 fabu\u0142\u0119 z g\u0142\u0119bokimi spostrze\u017ceniami spo\u0142ecznymi.<\/span><\/p>\n<p><strong>Informacje o produkcie:<\/strong><\/p>\n<p><span style=\"font-weight: 400;\">Tytu\u0142: Limes inferior<\/span><\/p>\n<p><span style=\"font-weight: 400;\">Autor: Janusz Andrzej Zajdel<\/span><\/p>\n<p><span style=\"font-weight: 400;\">Wydawca: SuperNowa<\/span><\/p>\n<p><span style=\"font-weight: 400;\">Typ ok\u0142adki: Mi\u0119kka<\/span><\/p>\n<p><span style=\"font-weight: 400;\">J\u0119zyk: Polski<\/span><\/p>\n<p><span style=\"font-weight: 400;\">Liczba stron: 274<\/span><\/p>\n<p><span style=\"font-weight: 400;\">Rozmiar: 12.0&#215;19.5 cm<\/span><\/p>\n<p><span style=\"font-weight: 400;\">Zam\u00f3w teraz w naszym sklepie kryptowalutowym!\u00a0<\/span><\/p>\n<p><span style=\"font-weight: 400;\">P\u0142atno\u015b\u0107 Kanga Pay daje rabat -15%.<\/span><\/p>\n","protected":false},"excerpt":{"rendered":"<p>Ksi\u0105\u017cka opowiada histori\u0119 bohatera, kt\u00f3ry z drobnego kombinatora wznosi si\u0119 na szczyty w\u0142adzy, mierz\u0105c si\u0119 z niebezpiecze\u0144stwami p\u0142yn\u0105cymi z jego nowej pozycji. Ksi\u0105\u017cka sk\u0142ania do refleksji nad tematami w\u0142adzy, wolno\u015bci i manipulacji, b\u0119d\u0105c zarazem ostrze\u017ceniem przed zagro\u017ceniami ambicji i kontroli. Obowi\u0105zkowa lektura dla mi\u0142o\u015bnik\u00f3w gatunku, \u0142\u0105cz\u0105ca pasjonuj\u0105c\u0105 fabu\u0142\u0119 z g\u0142\u0119bokimi spostrze\u017ceniami spo\u0142ecznymi. Informacje o produkcie: [&hellip;]<\/p>\n","protected":false},"featured_media":7169,"comment_status":"open","ping_status":"closed","template":"","meta":{"inline_featured_image":false},"product_brand":[],"product_cat":[83],"product_tag":[],"class_list":{"0":"post-7167","1":"product","2":"type-product","3":"status-publish","4":"has-post-thumbnail","6":"product_cat-ksiazki","8":"first","9":"instock","10":"sale","11":"taxable","12":"shipping-taxable","13":"purchasable","14":"product-type-simple"},"_links":{"self":[{"href":"https:\/\/kanga.exchange\/shop\/wp-json\/wp\/v2\/product\/7167","targetHints":{"allow":["GET"]}}],"collection":[{"href":"https:\/\/kanga.exchange\/shop\/wp-json\/wp\/v2\/product"}],"about":[{"href":"https:\/\/kanga.exchange\/shop\/wp-json\/wp\/v2\/types\/product"}],"replies":[{"embeddable":true,"href":"https:\/\/kanga.exchange\/shop\/wp-json\/wp\/v2\/comments?post=7167"}],"wp:featuredmedia":[{"embeddable":true,"href":"https:\/\/kanga.exchange\/shop\/wp-json\/wp\/v2\/media\/7169"}],"wp:attachment":[{"href":"https:\/\/kanga.exchange\/shop\/wp-json\/wp\/v2\/media?parent=7167"}],"wp:term":[{"taxonomy":"product_brand","embeddable":true,"href":"https:\/\/kanga.exchange\/shop\/wp-json\/wp\/v2\/product_brand?post=7167"},{"taxonomy":"product_cat","embeddable":true,"href":"https:\/\/kanga.exchange\/shop\/wp-json\/wp\/v2\/product_cat?post=7167"},{"taxonomy":"product_tag","embeddable":true,"href":"https:\/\/kanga.exchange\/shop\/wp-json\/wp\/v2\/product_tag?post=7167"}],"curies":[{"name":"wp","href":"https:\/\/api.w.org\/{rel}","templated":true}]}}