{"id":7101,"date":"2024-01-18T11:54:05","date_gmt":"2024-01-18T10:54:05","guid":{"rendered":"https:\/\/kanga.exchange\/shop\/?post_type=product&#038;p=7101"},"modified":"2024-09-12T14:04:36","modified_gmt":"2024-09-12T12:04:36","slug":"zestaw-kanga-na-fali","status":"publish","type":"product","link":"https:\/\/kanga.exchange\/shop\/produkt\/zestaw-kanga-na-fali\/","title":{"rendered":"Zestaw Kanga na fali"},"content":{"rendered":"<p><span style=\"font-weight: 400;\">W sk\u0142ad zestawu wchodzi:<\/span><\/p>\n<ul>\n<li style=\"font-weight: 400;\" aria-level=\"1\"><span style=\"font-weight: 400;\">Torba materia\u0142owa \u201cKanga na fali\u201d<\/span><\/li>\n<li style=\"font-weight: 400;\" aria-level=\"1\"><span style=\"font-weight: 400;\">Kolekcja 5 wlepek<\/span><\/li>\n<li style=\"font-weight: 400;\" aria-level=\"1\"><span style=\"font-weight: 400;\">D\u0142ugopis\u00a0<\/span><\/li>\n<li style=\"font-weight: 400;\" aria-level=\"1\"><span style=\"font-weight: 400;\">Smycz<\/span><\/li>\n<li style=\"font-weight: 400;\" aria-level=\"1\"><span style=\"font-weight: 400;\">Zak\u0142adka Kanga University<\/span><\/li>\n<\/ul>\n<p><span style=\"font-weight: 400;\">Te gad\u017cety krypto to idealny wyb\u00f3r dla ka\u017cdego fana kryptowalut. Sprawd\u017a ofert\u0119 naszego sklepu dla fan\u00f3w kryptowalut.<\/span><\/p>\n","protected":false},"excerpt":{"rendered":"<p><span style=\"font-weight: 400;\">Odkryj nasz zestaw gad\u017cet\u00f3w kryptowalutowych.<\/span><\/p>\n<p><span style=\"font-weight: 400;\">P\u0142atno\u015b\u0107 Kanga Pay daje rabat -15%.<\/span><\/p>\n","protected":false},"featured_media":7100,"comment_status":"open","ping_status":"closed","template":"","meta":{"inline_featured_image":false},"product_brand":[],"product_cat":[160,123],"product_tag":[],"class_list":{"0":"post-7101","1":"product","2":"type-product","3":"status-publish","4":"has-post-thumbnail","6":"product_cat-gadzetyiakcesoriabiurowe","7":"product_cat-zestawy","9":"first","10":"instock","11":"taxable","12":"shipping-taxable","13":"purchasable","14":"product-type-simple"},"_links":{"self":[{"href":"https:\/\/kanga.exchange\/shop\/wp-json\/wp\/v2\/product\/7101","targetHints":{"allow":["GET"]}}],"collection":[{"href":"https:\/\/kanga.exchange\/shop\/wp-json\/wp\/v2\/product"}],"about":[{"href":"https:\/\/kanga.exchange\/shop\/wp-json\/wp\/v2\/types\/product"}],"replies":[{"embeddable":true,"href":"https:\/\/kanga.exchange\/shop\/wp-json\/wp\/v2\/comments?post=7101"}],"wp:featuredmedia":[{"embeddable":true,"href":"https:\/\/kanga.exchange\/shop\/wp-json\/wp\/v2\/media\/7100"}],"wp:attachment":[{"href":"https:\/\/kanga.exchange\/shop\/wp-json\/wp\/v2\/media?parent=7101"}],"wp:term":[{"taxonomy":"product_brand","embeddable":true,"href":"https:\/\/kanga.exchange\/shop\/wp-json\/wp\/v2\/product_brand?post=7101"},{"taxonomy":"product_cat","embeddable":true,"href":"https:\/\/kanga.exchange\/shop\/wp-json\/wp\/v2\/product_cat?post=7101"},{"taxonomy":"product_tag","embeddable":true,"href":"https:\/\/kanga.exchange\/shop\/wp-json\/wp\/v2\/product_tag?post=7101"}],"curies":[{"name":"wp","href":"https:\/\/api.w.org\/{rel}","templated":true}]}}