{"id":7031,"date":"2024-01-04T13:08:37","date_gmt":"2024-01-04T12:08:37","guid":{"rendered":"https:\/\/kanga.exchange\/shop\/?post_type=product&#038;p=7031"},"modified":"2026-01-23T01:16:35","modified_gmt":"2026-01-23T00:16:35","slug":"ksiazka-kwadrans-z-kanga","status":"publish","type":"product","link":"https:\/\/kanga.exchange\/shop\/produkt\/ksiazka-kwadrans-z-kanga\/","title":{"rendered":"Ksi\u0105\u017cka Kwadrans z Kang\u0105"},"content":{"rendered":"<p><span style=\"font-weight: 400;\">Wydanie specjalne! Wsp\u00f3lnie przez pierwsze sto odcink\u00f3w Kwadransa z Kang\u0105.<\/span><\/p>\n<p><b>Ca\u0142a kwota ze sprzeda\u017cy zostanie przekazana na wybrany przez Ciebie cel charytatywny!<\/b><\/p>\n<p>W zwi\u0105zku z przeznaczeniem przekazywanych \u015brodk\u00f3w na cele fundacji, uprzejmie prosimy o rozwa\u017cne zakupy, maj\u0105c na uwadze, \u017ce ksi\u0105\u017cka nie\u00a0ulega zwrotowi.<\/p>\n<p><span style=\"font-weight: 400;\">\u201cWydanie specjalne! Wsp\u00f3lnie przez pierwsze sto odcink\u00f3w Kwadransa z Kang\u0105\u201d to wi\u0119cej ni\u017c ksi\u0105\u017cka \u2013 to podr\u00f3\u017c przez histori\u0119, zapisan\u0105 w dowcipach, u\u015bmiechach i bonusowych zdj\u0119ciach. Niech ka\u017cdy odcinek stanowi dla Ciebie okno do przesz\u0142o\u015bci, a ka\u017cdy suchar b\u0119dzie jak kamie\u0144 milowy w podr\u00f3\u017cy \u015bmiechu.<\/span><\/p>\n<p><span style=\"font-weight: 400;\">Odkryj nasz\u0105 podr\u00f3\u017c na przestrzeni stu odcink\u00f3w &#8211; zdob\u0105d\u017a t\u0119 ksi\u0105\u017ck\u0119 i zanurz si\u0119 w naszej historii pe\u0142nej u\u015bmiech\u00f3w!<\/span><\/p>\n<p>Ze wzgl\u0119du na to, \u017ce ca\u0142a kwota ze sprzeda\u017cy zostanie przekazana na wybrany przez Ciebie cel charytatywny, zni\u017cka za p\u0142atno\u015b\u0107 w KNG nie b\u0119dzie obowi\u0105zywa\u0107.<\/p>\n<p>Bonus! W \u015brodku znajdziesz podpisy naszych CEO, czyli g\u0142\u00f3wnych prowadz\u0105cych Kwadrans z Kang\u0105 &#8211; S\u0142awka i \u0141ukasza!<\/p>\n","protected":false},"excerpt":{"rendered":"<p>Wydanie specjalne! Wsp\u00f3lnie przez pierwsze sto odcink\u00f3w Kwadransa z Kang\u0105. Ca\u0142a kwota ze sprzeda\u017cy zostanie przekazana na wybrany przez Ciebie cel charytatywny! W zwi\u0105zku z przeznaczeniem przekazywanych \u015brodk\u00f3w na cele fundacji, uprzejmie prosimy o rozwa\u017cne zakupy, maj\u0105c na uwadze, \u017ce ksi\u0105\u017cka nie\u00a0ulega zwrotowi. \u201cWydanie specjalne! Wsp\u00f3lnie przez pierwsze sto odcink\u00f3w Kwadransa z Kang\u0105\u201d to wi\u0119cej [&hellip;]<\/p>\n","protected":false},"featured_media":6925,"comment_status":"open","ping_status":"closed","template":"","meta":{"inline_featured_image":false},"product_brand":[],"product_cat":[231,83],"product_tag":[],"class_list":{"0":"post-7031","1":"product","2":"type-product","3":"status-publish","4":"has-post-thumbnail","6":"product_cat-pomagamy","7":"product_cat-ksiazki","9":"first","10":"instock","11":"taxable","12":"shipping-taxable","13":"purchasable","14":"product-type-variable","15":"has-default-attributes"},"_links":{"self":[{"href":"https:\/\/kanga.exchange\/shop\/wp-json\/wp\/v2\/product\/7031","targetHints":{"allow":["GET"]}}],"collection":[{"href":"https:\/\/kanga.exchange\/shop\/wp-json\/wp\/v2\/product"}],"about":[{"href":"https:\/\/kanga.exchange\/shop\/wp-json\/wp\/v2\/types\/product"}],"replies":[{"embeddable":true,"href":"https:\/\/kanga.exchange\/shop\/wp-json\/wp\/v2\/comments?post=7031"}],"wp:featuredmedia":[{"embeddable":true,"href":"https:\/\/kanga.exchange\/shop\/wp-json\/wp\/v2\/media\/6925"}],"wp:attachment":[{"href":"https:\/\/kanga.exchange\/shop\/wp-json\/wp\/v2\/media?parent=7031"}],"wp:term":[{"taxonomy":"product_brand","embeddable":true,"href":"https:\/\/kanga.exchange\/shop\/wp-json\/wp\/v2\/product_brand?post=7031"},{"taxonomy":"product_cat","embeddable":true,"href":"https:\/\/kanga.exchange\/shop\/wp-json\/wp\/v2\/product_cat?post=7031"},{"taxonomy":"product_tag","embeddable":true,"href":"https:\/\/kanga.exchange\/shop\/wp-json\/wp\/v2\/product_tag?post=7031"}],"curies":[{"name":"wp","href":"https:\/\/api.w.org\/{rel}","templated":true}]}}