{"id":6958,"date":"2023-12-22T16:36:12","date_gmt":"2023-12-22T15:36:12","guid":{"rendered":"https:\/\/kanga.exchange\/shop\/?post_type=product&#038;p=6958"},"modified":"2024-09-12T14:10:10","modified_gmt":"2024-09-12T12:10:10","slug":"torba-kanga-na-fali","status":"publish","type":"product","link":"https:\/\/kanga.exchange\/shop\/produkt\/torba-kanga-na-fali\/","title":{"rendered":"Torba Kanga na fali"},"content":{"rendered":"<p><b>Materia\u0142:<\/b><\/p>\n<p><span style=\"font-weight: 400;\">Wykonana z 100% bawe\u0142ny, torba zapewnia wytrzyma\u0142o\u015b\u0107 i trwa\u0142o\u015b\u0107.\u00a0<\/span><\/p>\n<p><b>Rozmiar:<\/b><\/p>\n<p><span style=\"font-weight: 400;\">Z wymiarami 43 cm x 37 cm, nasza torba jest wystarczaj\u0105co przestronna, by pomie\u015bci\u0107 wszystkie niezb\u0119dne przedmioty, jednocze\u015bnie zachowuj\u0105c elegancki wygl\u0105d.<\/span><\/p>\n<p><b>Kolor:<\/b><\/p>\n<p><span style=\"font-weight: 400;\">Kolor ecru naszej torby to synonim elegancji i uniwersalno\u015bci. \u0141atwo dopasowuje si\u0119 do r\u00f3\u017cnych stylizacji, od casualowych po bardziej formalne.<\/span><\/p>\n<p><b>Idealna dla Ka\u017cdego:<\/b><\/p>\n<p><span style=\"font-weight: 400;\">Idealna na zakupy, do pracy, na uczelni\u0119 czy na wycieczk\u0119. Nasza torba &#8222;Kanga na fali&#8221; to praktyczny i stylowy dodatek na ka\u017cd\u0105 okazj\u0119.<\/span><\/p>\n<p><span style=\"font-weight: 400;\">Odwied\u017a nasz sklep internetowy, gdzie znajdziesz nie tylko t\u0119 wyj\u0105tkow\u0105 torb\u0119, ale r\u00f3wnie\u017c szerok\u0105 gam\u0119 <\/span><span style=\"font-weight: 400;\">gad\u017cet\u00f3w krypto<\/span><span style=\"font-weight: 400;\">.<\/span><\/p>\n","protected":false},"excerpt":{"rendered":"<p><span style=\"font-weight: 400;\">Torba materia\u0142owa z oryginalnym napisem Kanga na fali to po\u0142\u0105czenie stylu i funkcjonalno\u015bci. Idealna dla ka\u017cdego, kto ceni sobie unikalne akcesoria z charakterem.<\/span><\/p>\n<p><span style=\"font-weight: 400;\">P\u0142atno\u015b\u0107 Kanga Pay daje rabat -15%.<\/span><\/p>\n","protected":false},"featured_media":6953,"comment_status":"open","ping_status":"closed","template":"","meta":{"inline_featured_image":false},"product_brand":[],"product_cat":[153,112],"product_tag":[],"class_list":{"0":"post-6958","1":"product","2":"type-product","3":"status-publish","4":"has-post-thumbnail","6":"product_cat-odzieziakcesoria","7":"product_cat-torbamaterialowa-plecaki-worki","9":"first","10":"instock","11":"taxable","12":"shipping-taxable","13":"purchasable","14":"product-type-simple"},"_links":{"self":[{"href":"https:\/\/kanga.exchange\/shop\/wp-json\/wp\/v2\/product\/6958","targetHints":{"allow":["GET"]}}],"collection":[{"href":"https:\/\/kanga.exchange\/shop\/wp-json\/wp\/v2\/product"}],"about":[{"href":"https:\/\/kanga.exchange\/shop\/wp-json\/wp\/v2\/types\/product"}],"replies":[{"embeddable":true,"href":"https:\/\/kanga.exchange\/shop\/wp-json\/wp\/v2\/comments?post=6958"}],"wp:featuredmedia":[{"embeddable":true,"href":"https:\/\/kanga.exchange\/shop\/wp-json\/wp\/v2\/media\/6953"}],"wp:attachment":[{"href":"https:\/\/kanga.exchange\/shop\/wp-json\/wp\/v2\/media?parent=6958"}],"wp:term":[{"taxonomy":"product_brand","embeddable":true,"href":"https:\/\/kanga.exchange\/shop\/wp-json\/wp\/v2\/product_brand?post=6958"},{"taxonomy":"product_cat","embeddable":true,"href":"https:\/\/kanga.exchange\/shop\/wp-json\/wp\/v2\/product_cat?post=6958"},{"taxonomy":"product_tag","embeddable":true,"href":"https:\/\/kanga.exchange\/shop\/wp-json\/wp\/v2\/product_tag?post=6958"}],"curies":[{"name":"wp","href":"https:\/\/api.w.org\/{rel}","templated":true}]}}