{"id":6955,"date":"2023-12-22T16:22:05","date_gmt":"2023-12-22T15:22:05","guid":{"rendered":"https:\/\/kanga.exchange\/shop\/?post_type=product&#038;p=6955"},"modified":"2025-06-14T13:17:59","modified_gmt":"2025-06-14T11:17:59","slug":"torba-kanga-kantor","status":"publish","type":"product","link":"https:\/\/kanga.exchange\/shop\/produkt\/torba-kanga-kantor\/","title":{"rendered":"Torba Kanga Kantor"},"content":{"rendered":"<p><b>Materia\u0142:<\/b><\/p>\n<p><span style=\"font-weight: 400;\">Wykonana z 100% bawe\u0142ny, torba jest nie tylko trwa\u0142a, ale tak\u017ce przyjazna dla \u015brodowiska.\u00a0<\/span><\/p>\n<p><b>Rozmiar:<\/b><\/p>\n<p><span style=\"font-weight: 400;\">Z wymiarami 43 cm x 37 cm, torba jest idealna do przenoszenia zar\u00f3wno drobnych zakup\u00f3w, jak i niezb\u0119dnych przedmiot\u00f3w codziennego u\u017cytku.<\/span><\/p>\n<p><b>Kolor:<\/b><\/p>\n<p><span style=\"font-weight: 400;\">Torba zaprojektowana z my\u015bl\u0105 o obu p\u0142ciach, w kolorze ecru, kt\u00f3ry doskonale komponuje si\u0119 z r\u00f3\u017cnorodnymi stylami i kolorami ubra\u0144.<\/span><\/p>\n<p><b>Idealna dla Ka\u017cdego:<\/b><\/p>\n<p><span style=\"font-weight: 400;\">Idealna do noszenia na zakupy, do pracy, na uczelni\u0119 lub na casualowe spotkania. Nasza torba &#8222;Kanga Kantor&#8221; to wszechstronny wyb\u00f3r dla ka\u017cdego, kto ceni sobie styl i funkcjonalno\u015b\u0107.<\/span><\/p>\n<p><span style=\"font-weight: 400;\">Zapraszamy do naszego <\/span><span style=\"font-weight: 400;\">sklepu krypto<\/span><span style=\"font-weight: 400;\">, gdzie znajdziesz nie tylko t\u0119 wyj\u0105tkow\u0105 torb\u0119, ale r\u00f3wnie\u017c szerok\u0105 gam\u0119 innych produkt\u00f3w.<\/span><\/p>\n","protected":false},"excerpt":{"rendered":"<p><span style=\"font-weight: 400;\">Torba materia\u0142owa Kanga Kantor wyr\u00f3\u017cnia si\u0119 oryginalnym po\u0142\u0105czeniem tradycyjnego motywu Stworzenie Adama z elementem Bitcoina. To symbol po\u0142\u0105czenia historii z przysz\u0142o\u015bci\u0105 finans\u00f3w.<\/span><\/p>\n<p><span style=\"font-weight: 400;\">P\u0142atno\u015b\u0107 Kanga Pay daje rabat -15%.<\/span><\/p>\n","protected":false},"featured_media":6951,"comment_status":"open","ping_status":"closed","template":"","meta":{"inline_featured_image":false},"product_brand":[],"product_cat":[153,112],"product_tag":[],"class_list":{"0":"post-6955","1":"product","2":"type-product","3":"status-publish","4":"has-post-thumbnail","6":"product_cat-odzieziakcesoria","7":"product_cat-torbamaterialowa-plecaki-worki","9":"first","10":"instock","11":"taxable","12":"shipping-taxable","13":"purchasable","14":"product-type-simple"},"_links":{"self":[{"href":"https:\/\/kanga.exchange\/shop\/wp-json\/wp\/v2\/product\/6955","targetHints":{"allow":["GET"]}}],"collection":[{"href":"https:\/\/kanga.exchange\/shop\/wp-json\/wp\/v2\/product"}],"about":[{"href":"https:\/\/kanga.exchange\/shop\/wp-json\/wp\/v2\/types\/product"}],"replies":[{"embeddable":true,"href":"https:\/\/kanga.exchange\/shop\/wp-json\/wp\/v2\/comments?post=6955"}],"wp:featuredmedia":[{"embeddable":true,"href":"https:\/\/kanga.exchange\/shop\/wp-json\/wp\/v2\/media\/6951"}],"wp:attachment":[{"href":"https:\/\/kanga.exchange\/shop\/wp-json\/wp\/v2\/media?parent=6955"}],"wp:term":[{"taxonomy":"product_brand","embeddable":true,"href":"https:\/\/kanga.exchange\/shop\/wp-json\/wp\/v2\/product_brand?post=6955"},{"taxonomy":"product_cat","embeddable":true,"href":"https:\/\/kanga.exchange\/shop\/wp-json\/wp\/v2\/product_cat?post=6955"},{"taxonomy":"product_tag","embeddable":true,"href":"https:\/\/kanga.exchange\/shop\/wp-json\/wp\/v2\/product_tag?post=6955"}],"curies":[{"name":"wp","href":"https:\/\/api.w.org\/{rel}","templated":true}]}}