{"id":6944,"date":"2023-12-22T14:58:00","date_gmt":"2023-12-22T13:58:00","guid":{"rendered":"https:\/\/kanga.exchange\/shop\/?post_type=product&#038;p=6944"},"modified":"2025-12-30T15:00:19","modified_gmt":"2025-12-30T14:00:19","slug":"plakat-tryptyk","status":"publish","type":"product","link":"https:\/\/kanga.exchange\/shop\/produkt\/plakat-tryptyk\/","title":{"rendered":"Tryptyk"},"content":{"rendered":"<ol>\n<li><span style=\"font-weight: 400;\"> Plakat Bitcoin &#8211; prezentuje fragment s\u0142ynnego &#8222;Manifestu Satoshi Nakamoto&#8221;, znanego r\u00f3wnie\u017c jako &#8222;White Paper Bitcoina&#8221;, kt\u00f3ry zapocz\u0105tkowa\u0142 er\u0119 kryptowalut. Idealny dla entuzjast\u00f3w technologii i innowacji.<\/span><\/li>\n<li><span style=\"font-weight: 400;\"> Plakat Blockchain &#8211; ten plakat r\u00f3wnie\u017c zawiera fragment &#8222;Manifestu Satoshi Nakamoto&#8221;, podkre\u015blaj\u0105c znaczenie technologii blockchain. To doskona\u0142y wyb\u00f3r dla tych, kt\u00f3rzy ceni\u0105 sobie prze\u0142omowe rozwi\u0105zania w \u015bwiecie finans\u00f3w i technologii.<\/span><\/li>\n<li><span style=\"font-weight: 400;\"> Plakat Satoshi Nakamoto &#8211; ten plakat celebruje geniusz i tajemniczo\u015b\u0107 osoby (lub grupy os\u00f3b) stoj\u0105cej za Bitcoinem. Z fragmentami jego prze\u0142omowego manifestu, jest to ho\u0142d dla jednej z najbardziej fascynuj\u0105cych postaci wsp\u00f3\u0142czesnego \u015bwiata technologii.<\/span><\/li>\n<\/ol>\n<p><b> Dlaczego warto go mie\u0107?<\/b><\/p>\n<p><b>\ufe0f Wyj\u0105tkowa Jako\u015b\u0107 Wydruku:<\/b><\/p>\n<p><span style=\"font-weight: 400;\">Wydrukowane na papierze najwy\u017cszej jako\u015bci, nasze plakaty oferuj\u0105 g\u0142\u0119bi\u0119 kolor\u00f3w i precyzj\u0119 detali.\u00a0<\/span><\/p>\n<p><b> Dost\u0119pny w Dw\u00f3ch Praktycznych Rozmiarach:<\/b><\/p>\n<ul>\n<li style=\"font-weight: 400;\" aria-level=\"1\"><span style=\"font-weight: 400;\">B3 (500mm x 353mm): Idealne do przestronnych pomieszcze\u0144.<\/span><\/li>\n<li style=\"font-weight: 400;\" aria-level=\"1\"><span style=\"font-weight: 400;\">A3 (420mm x 297mm): Doskona\u0142e do mniejszych przestrzeni.<\/span><\/li>\n<\/ul>\n<p><span style=\"font-weight: 400;\">Idealny dla ka\u017cdego, kto szuka oryginalnych <\/span><span style=\"font-weight: 400;\">gad\u017cet\u00f3w krypto<\/span><span style=\"font-weight: 400;\">. W naszym <\/span><span style=\"font-weight: 400;\">sklepie dla fan\u00f3w krypto<\/span><span style=\"font-weight: 400;\"> znajdziesz r\u00f3wnie\u017c inne <\/span><span style=\"font-weight: 400;\">prezenty z motywem bitcoin<\/span><span style=\"font-weight: 400;\"> i kryptowalut.<\/span><\/p>\n<p><span style=\"font-weight: 400;\">P\u0142atno\u015b\u0107 Kanga Pay daje rabat -15%.<\/span><\/p>\n","protected":false},"excerpt":{"rendered":"<p>Plakat Bitcoin &#8211; prezentuje fragment s\u0142ynnego &#8222;Manifestu Satoshi Nakamoto&#8221;, znanego r\u00f3wnie\u017c jako &#8222;White Paper Bitcoina&#8221;, kt\u00f3ry zapocz\u0105tkowa\u0142 er\u0119 kryptowalut. Idealny dla entuzjast\u00f3w technologii i innowacji. Plakat Blockchain &#8211; ten plakat r\u00f3wnie\u017c zawiera fragment &#8222;Manifestu Satoshi Nakamoto&#8221;, podkre\u015blaj\u0105c znaczenie technologii blockchain. To doskona\u0142y wyb\u00f3r dla tych, kt\u00f3rzy ceni\u0105 sobie prze\u0142omowe rozwi\u0105zania w \u015bwiecie finans\u00f3w i technologii. [&hellip;]<\/p>\n","protected":false},"featured_media":7069,"comment_status":"open","ping_status":"closed","template":"","meta":{"inline_featured_image":false},"product_brand":[],"product_cat":[232,106],"product_tag":[],"class_list":{"0":"post-6944","1":"product","2":"type-product","3":"status-publish","4":"has-post-thumbnail","6":"product_cat-decorations-2","7":"product_cat-plakaty","9":"first","10":"outofstock","11":"sale","12":"taxable","13":"shipping-taxable","14":"purchasable","15":"product-type-variable","16":"has-default-attributes"},"_links":{"self":[{"href":"https:\/\/kanga.exchange\/shop\/wp-json\/wp\/v2\/product\/6944","targetHints":{"allow":["GET"]}}],"collection":[{"href":"https:\/\/kanga.exchange\/shop\/wp-json\/wp\/v2\/product"}],"about":[{"href":"https:\/\/kanga.exchange\/shop\/wp-json\/wp\/v2\/types\/product"}],"replies":[{"embeddable":true,"href":"https:\/\/kanga.exchange\/shop\/wp-json\/wp\/v2\/comments?post=6944"}],"wp:featuredmedia":[{"embeddable":true,"href":"https:\/\/kanga.exchange\/shop\/wp-json\/wp\/v2\/media\/7069"}],"wp:attachment":[{"href":"https:\/\/kanga.exchange\/shop\/wp-json\/wp\/v2\/media?parent=6944"}],"wp:term":[{"taxonomy":"product_brand","embeddable":true,"href":"https:\/\/kanga.exchange\/shop\/wp-json\/wp\/v2\/product_brand?post=6944"},{"taxonomy":"product_cat","embeddable":true,"href":"https:\/\/kanga.exchange\/shop\/wp-json\/wp\/v2\/product_cat?post=6944"},{"taxonomy":"product_tag","embeddable":true,"href":"https:\/\/kanga.exchange\/shop\/wp-json\/wp\/v2\/product_tag?post=6944"}],"curies":[{"name":"wp","href":"https:\/\/api.w.org\/{rel}","templated":true}]}}