{"id":6907,"date":"2023-12-21T07:55:24","date_gmt":"2023-12-21T06:55:24","guid":{"rendered":"https:\/\/kanga.exchange\/shop\/?post_type=product&#038;p=6907"},"modified":"2025-11-26T11:55:05","modified_gmt":"2025-11-26T10:55:05","slug":"zeszyt-bitcoin-czarny","status":"publish","type":"product","link":"https:\/\/kanga.exchange\/shop\/produkt\/zeszyt-bitcoin-czarny\/","title":{"rendered":"Zeszyt Bitcoin Czarny"},"content":{"rendered":"<p><b>Dlaczego warto go mie\u0107?<\/b><\/p>\n<p><b>Wyj\u0105tkowa Jako\u015b\u0107:<\/b><\/p>\n<p><span style=\"font-weight: 400;\">32 strony w kratk\u0119, wykonane z papieru o gramaturze 80 g, zapewniaj\u0105 nie tylko wytrzyma\u0142o\u015b\u0107. Idealny do notatek, szkic\u00f3w, czy jako dziennik. \u0141atwo mie\u015bci si\u0119 w torbie lub plecaku.<\/span><\/p>\n<p><b>Wyraz Swojej Pasji:<\/b><\/p>\n<p><span style=\"font-weight: 400;\">Nie tylko praktyczny, ale i stylowy akcent dla ka\u017cdego, kto interesuje si\u0119 \u015bwiatem krypto.<\/span><\/p>\n<p><b>Doskona\u0142y na Prezent:<\/b><\/p>\n<p><span style=\"font-weight: 400;\">\u015awietny wyb\u00f3r na upominek dla ka\u017cdego fana kryptowalut, zar\u00f3wno do u\u017cytku osobistego, jak i jako dodatek do kolekcji <\/span><span style=\"font-weight: 400;\">gad\u017cet\u00f3w z logo kryptowalut.<\/span><\/p>\n<p><span style=\"font-weight: 400;\">Odkryj nasz\u0105 pe\u0142n\u0105 ofert\u0119 <\/span><span style=\"font-weight: 400;\">gad\u017cet\u00f3w krypto<\/span><span style=\"font-weight: 400;\"> w naszym <\/span><span style=\"font-weight: 400;\">sklepie kryptowalutowym<\/span><span style=\"font-weight: 400;\"> i do\u0142\u0105cz do spo\u0142eczno\u015bci fan\u00f3w krypto.<\/span><\/p>\n<p><span style=\"font-weight: 400;\">P\u0142atno\u015b\u0107 Kanga Pay daje rabat -15%.<\/span><\/p>\n","protected":false},"excerpt":{"rendered":"<p>Dlaczego warto go mie\u0107? Wyj\u0105tkowa Jako\u015b\u0107: 32 strony w kratk\u0119, wykonane z papieru o gramaturze 80 g, zapewniaj\u0105 nie tylko wytrzyma\u0142o\u015b\u0107. Idealny do notatek, szkic\u00f3w, czy jako dziennik. \u0141atwo mie\u015bci si\u0119 w torbie lub plecaku. Wyraz Swojej Pasji: Nie tylko praktyczny, ale i stylowy akcent dla ka\u017cdego, kto interesuje si\u0119 \u015bwiatem krypto. Doskona\u0142y na Prezent: [&hellip;]<\/p>\n","protected":false},"featured_media":6909,"comment_status":"open","ping_status":"closed","template":"","meta":{"inline_featured_image":false},"product_brand":[],"product_cat":[160,117],"product_tag":[],"class_list":{"0":"post-6907","1":"product","2":"type-product","3":"status-publish","4":"has-post-thumbnail","6":"product_cat-gadzetyiakcesoriabiurowe","7":"product_cat-zeszyty","9":"first","10":"instock","11":"sale","12":"taxable","13":"shipping-taxable","14":"purchasable","15":"product-type-simple"},"_links":{"self":[{"href":"https:\/\/kanga.exchange\/shop\/wp-json\/wp\/v2\/product\/6907","targetHints":{"allow":["GET"]}}],"collection":[{"href":"https:\/\/kanga.exchange\/shop\/wp-json\/wp\/v2\/product"}],"about":[{"href":"https:\/\/kanga.exchange\/shop\/wp-json\/wp\/v2\/types\/product"}],"replies":[{"embeddable":true,"href":"https:\/\/kanga.exchange\/shop\/wp-json\/wp\/v2\/comments?post=6907"}],"wp:featuredmedia":[{"embeddable":true,"href":"https:\/\/kanga.exchange\/shop\/wp-json\/wp\/v2\/media\/6909"}],"wp:attachment":[{"href":"https:\/\/kanga.exchange\/shop\/wp-json\/wp\/v2\/media?parent=6907"}],"wp:term":[{"taxonomy":"product_brand","embeddable":true,"href":"https:\/\/kanga.exchange\/shop\/wp-json\/wp\/v2\/product_brand?post=6907"},{"taxonomy":"product_cat","embeddable":true,"href":"https:\/\/kanga.exchange\/shop\/wp-json\/wp\/v2\/product_cat?post=6907"},{"taxonomy":"product_tag","embeddable":true,"href":"https:\/\/kanga.exchange\/shop\/wp-json\/wp\/v2\/product_tag?post=6907"}],"curies":[{"name":"wp","href":"https:\/\/api.w.org\/{rel}","templated":true}]}}