{"id":6904,"date":"2023-12-21T07:43:45","date_gmt":"2023-12-21T06:43:45","guid":{"rendered":"https:\/\/kanga.exchange\/shop\/?post_type=product&#038;p=6904"},"modified":"2025-11-26T11:55:05","modified_gmt":"2025-11-26T10:55:05","slug":"zeszyt-bitcoin","status":"publish","type":"product","link":"https:\/\/kanga.exchange\/shop\/produkt\/zeszyt-bitcoin\/","title":{"rendered":"Zeszyt Bitcoin"},"content":{"rendered":"<p><b>Dlaczego warto go mie\u0107?<\/b><\/p>\n<p><b>Wyj\u0105tkowa Jako\u015b\u0107:<\/b><\/p>\n<p><span style=\"font-weight: 400;\">Zeszyt sk\u0142ada si\u0119 z 32 stron w kratk\u0119, a gramatura ka\u017cdej kartki ma 80 g. To oznacza, \u017ce masz nie tylko du\u017co miejsca na notatki, ale tak\u017ce wytrzyma\u0142o\u015bci i komfortu w u\u017cytkowaniu.<\/span><\/p>\n<p><b>Wyraz Swojej Pasji:<\/b><\/p>\n<p><span style=\"font-weight: 400;\">Ten zeszyt to nie tylko narz\u0119dzie do zapisywania my\u015bli. To wyraz Twojej pasji i zainteresowania kryptowalutami. Wyra\u017a siebie w ka\u017cdej notatce.<\/span><\/p>\n<p><b>Doskona\u0142y na Prezent:<\/b><\/p>\n<p><span style=\"font-weight: 400;\">Poszukujesz prezentu dla pasjonata kryptowalut? Nasz pomara\u0144czowy zeszyt to doskona\u0142y <\/span><span style=\"font-weight: 400;\">gad\u017cet z logiem bitcoina<\/span><span style=\"font-weight: 400;\">. Oryginalny, praktyczny i stylowy &#8211; idealny na ka\u017cd\u0105 okazj\u0119.<\/span><\/p>\n<p><span style=\"font-weight: 400;\">Nie czekaj! Kup teraz w naszym <\/span><span style=\"font-weight: 400;\">sklepie kryptowalutowym<\/span><span style=\"font-weight: 400;\">.<\/span><\/p>\n<p><span style=\"font-weight: 400;\">P\u0142atno\u015b\u0107 Kanga Pay daje rabat -15%.<\/span><\/p>\n","protected":false},"excerpt":{"rendered":"<p>Dlaczego warto go mie\u0107? Wyj\u0105tkowa Jako\u015b\u0107: Zeszyt sk\u0142ada si\u0119 z 32 stron w kratk\u0119, a gramatura ka\u017cdej kartki ma 80 g. To oznacza, \u017ce masz nie tylko du\u017co miejsca na notatki, ale tak\u017ce wytrzyma\u0142o\u015bci i komfortu w u\u017cytkowaniu. Wyraz Swojej Pasji: Ten zeszyt to nie tylko narz\u0119dzie do zapisywania my\u015bli. To wyraz Twojej pasji i [&hellip;]<\/p>\n","protected":false},"featured_media":6906,"comment_status":"open","ping_status":"closed","template":"","meta":{"inline_featured_image":false},"product_brand":[],"product_cat":[160,117],"product_tag":[],"class_list":{"0":"post-6904","1":"product","2":"type-product","3":"status-publish","4":"has-post-thumbnail","6":"product_cat-gadzetyiakcesoriabiurowe","7":"product_cat-zeszyty","9":"first","10":"instock","11":"sale","12":"taxable","13":"shipping-taxable","14":"purchasable","15":"product-type-simple"},"_links":{"self":[{"href":"https:\/\/kanga.exchange\/shop\/wp-json\/wp\/v2\/product\/6904","targetHints":{"allow":["GET"]}}],"collection":[{"href":"https:\/\/kanga.exchange\/shop\/wp-json\/wp\/v2\/product"}],"about":[{"href":"https:\/\/kanga.exchange\/shop\/wp-json\/wp\/v2\/types\/product"}],"replies":[{"embeddable":true,"href":"https:\/\/kanga.exchange\/shop\/wp-json\/wp\/v2\/comments?post=6904"}],"wp:featuredmedia":[{"embeddable":true,"href":"https:\/\/kanga.exchange\/shop\/wp-json\/wp\/v2\/media\/6906"}],"wp:attachment":[{"href":"https:\/\/kanga.exchange\/shop\/wp-json\/wp\/v2\/media?parent=6904"}],"wp:term":[{"taxonomy":"product_brand","embeddable":true,"href":"https:\/\/kanga.exchange\/shop\/wp-json\/wp\/v2\/product_brand?post=6904"},{"taxonomy":"product_cat","embeddable":true,"href":"https:\/\/kanga.exchange\/shop\/wp-json\/wp\/v2\/product_cat?post=6904"},{"taxonomy":"product_tag","embeddable":true,"href":"https:\/\/kanga.exchange\/shop\/wp-json\/wp\/v2\/product_tag?post=6904"}],"curies":[{"name":"wp","href":"https:\/\/api.w.org\/{rel}","templated":true}]}}