{"id":6873,"date":"2023-12-18T09:56:25","date_gmt":"2023-12-18T08:56:25","guid":{"rendered":"https:\/\/kanga.exchange\/shop\/?post_type=product&#038;p=6873"},"modified":"2025-09-19T14:31:40","modified_gmt":"2025-09-19T12:31:40","slug":"bluza-kanganauta","status":"publish","type":"product","link":"https:\/\/kanga.exchange\/shop\/produkt\/bluza-kanganauta\/","title":{"rendered":"Bluza Kanganauta"},"content":{"rendered":"<p>Ostatnie sztuki !!!<\/p>\n<p><b>Jako\u015b\u0107:<\/b><\/p>\n<p><span style=\"font-weight: 400;\">Kolor: G\u0142\u0119boki Czarny<\/span><\/p>\n<p><span style=\"font-weight: 400;\">Sk\u0142ad: 60% Bawe\u0142na, 40% Poliester<\/span><\/p>\n<p><span style=\"font-weight: 400;\">Gramatura: 320 g\/m\u00b2<\/span><\/p>\n<p><b>Cechy Bluzy:<\/b><\/p>\n<p><span style=\"font-weight: 400;\">Bluza cechuje si\u0119 prostym i klasycznym fasonem, kt\u00f3ry obejmuje kaptur z regulowanym sznurkiem, elastyczne \u015bci\u0105gacze oraz kiesze\u0144 typu \u201ekangurek\u201d. Szczotkowane wn\u0119trze materia\u0142u zapewnia dodatkow\u0105 mi\u0119kko\u015b\u0107 i ciep\u0142o podczas noszenia. Ca\u0142o\u015b\u0107 zosta\u0142a zaprojektowana z obni\u017con\u0105 lini\u0105 ramion i podw\u00f3jnymi szwami, co zwi\u0119ksza jej trwa\u0142o\u015b\u0107. Co wi\u0119cej, w jej produkcji wykorzystano ta\u015bm\u0119 wzmacniaj\u0105c\u0105 na karku i ramionach.<\/span><\/p>\n<p><b>Opis bluzy:<\/b><\/p>\n<p><span style=\"font-weight: 400;\">Bluza ozdobiona jest grafik\u0105 kanganauty siedz\u0105cego na tokenie KNG oraz napisem &#8222;Kanga University&#8221;. Jej celem jest promowanie wiedzy o kryptowalutach, zgodnie z misj\u0105 naszej platformy edukacyjnej.<\/span><\/p>\n<p><b>Sklep dla Fan\u00f3w Krypto:<\/b><\/p>\n<p><span style=\"font-weight: 400;\">Szukasz prezent\u00f3w z motywem kryptowalut? Odkryj wi\u0119cej produkt\u00f3w w naszym sklepie krypto.\u00a0<\/span><\/p>\n<p><span style=\"font-weight: 400;\">P\u0142atno\u015b\u0107 Kanga Pay daje rabat -15%<\/span><\/p>\n","protected":false},"excerpt":{"rendered":"<p><span style=\"font-weight: 400;\">Czarna Bluza z oryginaln\u0105 grafik\u0105 kanganauty siedz\u0105cego na logo Kangi.<\/span><\/p>\n<p><span style=\"font-weight: 400;\">P\u0142atno\u015b\u0107 Kanga Pay daje rabat -15%.<\/span><\/p>\n<p>&nbsp;<\/p>\n","protected":false},"featured_media":6879,"comment_status":"open","ping_status":"closed","template":"","meta":{"inline_featured_image":false},"product_brand":[],"product_cat":[153,110],"product_tag":[],"class_list":{"0":"post-6873","1":"product","2":"type-product","3":"status-publish","4":"has-post-thumbnail","6":"product_cat-odzieziakcesoria","7":"product_cat-bluzy","8":"pa_size-l-pl","9":"pa_size-m-pl","10":"pa_size-s-pl","11":"pa_size-xl-pl","13":"first","14":"outofstock","15":"taxable","16":"shipping-taxable","17":"purchasable","18":"product-type-variable","19":"has-default-attributes"},"_links":{"self":[{"href":"https:\/\/kanga.exchange\/shop\/wp-json\/wp\/v2\/product\/6873","targetHints":{"allow":["GET"]}}],"collection":[{"href":"https:\/\/kanga.exchange\/shop\/wp-json\/wp\/v2\/product"}],"about":[{"href":"https:\/\/kanga.exchange\/shop\/wp-json\/wp\/v2\/types\/product"}],"replies":[{"embeddable":true,"href":"https:\/\/kanga.exchange\/shop\/wp-json\/wp\/v2\/comments?post=6873"}],"wp:featuredmedia":[{"embeddable":true,"href":"https:\/\/kanga.exchange\/shop\/wp-json\/wp\/v2\/media\/6879"}],"wp:attachment":[{"href":"https:\/\/kanga.exchange\/shop\/wp-json\/wp\/v2\/media?parent=6873"}],"wp:term":[{"taxonomy":"product_brand","embeddable":true,"href":"https:\/\/kanga.exchange\/shop\/wp-json\/wp\/v2\/product_brand?post=6873"},{"taxonomy":"product_cat","embeddable":true,"href":"https:\/\/kanga.exchange\/shop\/wp-json\/wp\/v2\/product_cat?post=6873"},{"taxonomy":"product_tag","embeddable":true,"href":"https:\/\/kanga.exchange\/shop\/wp-json\/wp\/v2\/product_tag?post=6873"}],"curies":[{"name":"wp","href":"https:\/\/api.w.org\/{rel}","templated":true}]}}