{"id":6814,"date":"2023-12-15T12:10:08","date_gmt":"2023-12-15T11:10:08","guid":{"rendered":"https:\/\/kanga.exchange\/shop\/?post_type=product&#038;p=6814"},"modified":"2025-09-19T14:32:21","modified_gmt":"2025-09-19T12:32:21","slug":"bluza-cryptocurrency","status":"publish","type":"product","link":"https:\/\/kanga.exchange\/shop\/produkt\/bluza-cryptocurrency\/","title":{"rendered":"Bluza Cryptocurrency"},"content":{"rendered":"<p>Ostatnie sztuki !!!<\/p>\n<p><b>Jako\u015b\u0107:<\/b><\/p>\n<p><span style=\"font-weight: 400;\">Kolor: Czarny<\/span><\/p>\n<p><span style=\"font-weight: 400;\">Sk\u0142ad: 60% Bawe\u0142na, 40% Poliester<\/span><\/p>\n<p><span style=\"font-weight: 400;\">Gramatura: 320 g\/m\u00b2<\/span><\/p>\n<p><b>Cechy bluzy:<\/b><\/p>\n<p><span style=\"font-weight: 400;\">Bluza ma prost\u0105 i klasyczn\u0105 konstrukcj\u0119 kt\u00f3ra obejmuje kaptur z regulacj\u0105 na sznurek, elastyczne \u015bci\u0105gacze oraz kiesze\u0144 typu \u201ekangurek\u201d. Dodatkowo, szczotkowane wn\u0119trze materia\u0142u zapewnia dodatkow\u0105 mi\u0119kko\u015b\u0107 i ciep\u0142o. Bluza zosta\u0142a zaprojektowana z obni\u017con\u0105 lini\u0105 ramion oraz podw\u00f3jnymi szwami aby zwi\u0119kszy\u0107 jej trwa\u0142o\u015b\u0107.\u00a0 Ponadto, ta\u015bma na karku i ramionach zosta\u0142a wzmocniona dla dodatkowej wytrzyma\u0142o\u015bci.<\/span><\/p>\n<p><b>Opis bluzy:<\/b><\/p>\n<p><span style=\"font-weight: 400;\">Bluza Cryptocurrency &amp; Win przedstawia bitcoina i dolara walcz\u0105cych ze sob\u0105. Starcie to symbolizuje upadek walut fiducjarnych i triumfalne zwyci\u0119stwo najwa\u017cniejszej waluty cyfrowej.<\/span><\/p>\n<p><b>Sklep dla Fan\u00f3w Krypto:<\/b><\/p>\n<p><span style=\"font-weight: 400;\">Odkryj wi\u0119cej produkt\u00f3w w naszym sklepie kryptowalutowym. Do\u0142\u0105cz do naszej spo\u0142eczno\u015bci.\u00a0<\/span><\/p>\n<p><span style=\"font-weight: 400;\">P\u0142atno\u015b\u0107 Kanga Pay daje rabat -15%<\/span><\/p>\n","protected":false},"excerpt":{"rendered":"<p><span style=\"font-weight: 400;\">Bluza Cryptocurrency &amp; Win kt\u00f3ra wyr\u00f3\u017cnia si\u0119 unikaln\u0105 grafik\u0105 walcz\u0105cego bitcoina z dolarem.<\/span><\/p>\n<p><span style=\"font-weight: 400;\">P\u0142atno\u015b\u0107 Kanga Pay daje rabat -15%.<\/span><\/p>\n","protected":false},"featured_media":6821,"comment_status":"open","ping_status":"closed","template":"","meta":{"inline_featured_image":false},"product_brand":[],"product_cat":[153,110],"product_tag":[],"class_list":{"0":"post-6814","1":"product","2":"type-product","3":"status-publish","4":"has-post-thumbnail","6":"product_cat-odzieziakcesoria","7":"product_cat-bluzy","8":"pa_size-l-pl","9":"pa_size-m-pl","10":"pa_size-s-pl","11":"pa_size-xl-pl","13":"first","14":"outofstock","15":"taxable","16":"shipping-taxable","17":"purchasable","18":"product-type-variable","19":"has-default-attributes"},"_links":{"self":[{"href":"https:\/\/kanga.exchange\/shop\/wp-json\/wp\/v2\/product\/6814","targetHints":{"allow":["GET"]}}],"collection":[{"href":"https:\/\/kanga.exchange\/shop\/wp-json\/wp\/v2\/product"}],"about":[{"href":"https:\/\/kanga.exchange\/shop\/wp-json\/wp\/v2\/types\/product"}],"replies":[{"embeddable":true,"href":"https:\/\/kanga.exchange\/shop\/wp-json\/wp\/v2\/comments?post=6814"}],"wp:featuredmedia":[{"embeddable":true,"href":"https:\/\/kanga.exchange\/shop\/wp-json\/wp\/v2\/media\/6821"}],"wp:attachment":[{"href":"https:\/\/kanga.exchange\/shop\/wp-json\/wp\/v2\/media?parent=6814"}],"wp:term":[{"taxonomy":"product_brand","embeddable":true,"href":"https:\/\/kanga.exchange\/shop\/wp-json\/wp\/v2\/product_brand?post=6814"},{"taxonomy":"product_cat","embeddable":true,"href":"https:\/\/kanga.exchange\/shop\/wp-json\/wp\/v2\/product_cat?post=6814"},{"taxonomy":"product_tag","embeddable":true,"href":"https:\/\/kanga.exchange\/shop\/wp-json\/wp\/v2\/product_tag?post=6814"}],"curies":[{"name":"wp","href":"https:\/\/api.w.org\/{rel}","templated":true}]}}