{"id":6681,"date":"2023-11-23T16:37:05","date_gmt":"2023-11-23T15:37:05","guid":{"rendered":"https:\/\/kanga.exchange\/shop\/?post_type=product&#038;p=6681"},"modified":"2025-05-28T11:21:08","modified_gmt":"2025-05-28T09:21:08","slug":"t-shirt-kanganauta-bialy","status":"publish","type":"product","link":"https:\/\/kanga.exchange\/shop\/produkt\/t-shirt-kanganauta-bialy\/","title":{"rendered":"T-shirt Kanganauta"},"content":{"rendered":"<p>Ostatnie sztuki !!!<\/p>\n<p><b>Dlaczego warto j\u0105 mie\u0107?<\/b><\/p>\n<p><b> Wyj\u0105tkowa jako\u015b\u0107:<\/b><\/p>\n<p><span style=\"font-weight: 400;\">Nasza koszulka to synonim najwy\u017cszej jako\u015bci. Wykonana z 100% bawe\u0142ny gwarantuje komfort noszenia i trwa\u0142o\u015b\u0107 na lata.\u00a0<\/span><\/p>\n<p><b> Rozmiary dla ka\u017cdego:<\/b><\/p>\n<p><span style=\"font-weight: 400;\">Dost\u0119pne rozmiary M, L i XL pozwalaj\u0105 dostosowa\u0107 koszulk\u0119 do Twojego indywidualnego stylu i preferencji. Niezale\u017cnie od tego, czy lubisz lu\u017aniejsze, czy bardziej dopasowane ubrania, nasza koszulka zaspokoi Twoje potrzeby.<\/span><\/p>\n<p><b> Elegancja kolor\u00f3w:<\/b><\/p>\n<p><span style=\"font-weight: 400;\">Wybierz spo\u015br\u00f3d dw\u00f3ch klasycznych kolor\u00f3w &#8211; bia\u0142ego lub czarnego. To ponadczasowe odcienie, kt\u00f3re pasuj\u0105 do ka\u017cdej stylizacji.<\/span><\/p>\n<p><b> Uniwersalny rozmiar:\u00a0<\/b><\/p>\n<p><span style=\"font-weight: 400;\">\u00a0<\/span><span style=\"font-weight: 400;\">Nasze koszulki s\u0105 unisex, wi\u0119c mog\u0105 nosi\u0107 je zar\u00f3wno panowie, jak i panie.<\/span><\/p>\n<p><b> <\/b><b>Gad\u017cet kryptowalutowy<\/b><b>:<\/b><\/p>\n<p><span style=\"font-weight: 400;\">Szukasz <\/span><span style=\"font-weight: 400;\">prezent\u00f3w z motywem kryptowalut<\/span><span style=\"font-weight: 400;\">? Nasz t-shirt to doskona\u0142y wyb\u00f3r dla fan\u00f3w krypto i idealny dodatek do ka\u017cdej garderoby.<\/span><\/p>\n<p><span style=\"font-weight: 400;\">Odkryj nasz <\/span><span style=\"font-weight: 400;\">sklep internetowy dla fan\u00f3w krypto<\/span><span style=\"font-weight: 400;\">, gdzie znajdziesz nie tylko koszulki, ale tak\u017ce wiele innych <\/span><span style=\"font-weight: 400;\">gad\u017cet\u00f3w z logo kryptowalut<\/span><span style=\"font-weight: 400;\">. Kup teraz i sta\u0144 si\u0119 cz\u0119\u015bci\u0105 naszej spo\u0142eczno\u015bci <\/span><span style=\"font-weight: 400;\">Krypto Fashion!<\/span><\/p>\n<p>&nbsp;<\/p>\n","protected":false},"excerpt":{"rendered":"<p><span style=\"font-weight: 400;\">Odkryj nasz\u0105 kolekcj\u0119 <\/span><span style=\"font-weight: 400;\">gad\u017cet\u00f3w krypto<\/span><span style=\"font-weight: 400;\">: t-shirt Kanga z grafik\u0105 Kanganauty \u2013 must-have dla ka\u017cdego fana kryptowalut!<\/span><\/p>\n<p><span style=\"font-weight: 400;\">P\u0142atno\u015b\u0107 Kanga Pay daje rabat -15%.<\/span><\/p>\n","protected":false},"featured_media":6697,"comment_status":"open","ping_status":"closed","template":"","meta":{"inline_featured_image":false},"product_brand":[],"product_cat":[153,54],"product_tag":[],"class_list":{"0":"post-6681","1":"product","2":"type-product","3":"status-publish","4":"has-post-thumbnail","6":"product_cat-odzieziakcesoria","7":"product_cat-t-shirty","8":"pa_size-l-pl","9":"pa_size-m-pl","10":"pa_size-xl-pl","12":"first","13":"outofstock","14":"taxable","15":"shipping-taxable","16":"purchasable","17":"product-type-variable","18":"has-default-attributes"},"_links":{"self":[{"href":"https:\/\/kanga.exchange\/shop\/wp-json\/wp\/v2\/product\/6681","targetHints":{"allow":["GET"]}}],"collection":[{"href":"https:\/\/kanga.exchange\/shop\/wp-json\/wp\/v2\/product"}],"about":[{"href":"https:\/\/kanga.exchange\/shop\/wp-json\/wp\/v2\/types\/product"}],"replies":[{"embeddable":true,"href":"https:\/\/kanga.exchange\/shop\/wp-json\/wp\/v2\/comments?post=6681"}],"wp:featuredmedia":[{"embeddable":true,"href":"https:\/\/kanga.exchange\/shop\/wp-json\/wp\/v2\/media\/6697"}],"wp:attachment":[{"href":"https:\/\/kanga.exchange\/shop\/wp-json\/wp\/v2\/media?parent=6681"}],"wp:term":[{"taxonomy":"product_brand","embeddable":true,"href":"https:\/\/kanga.exchange\/shop\/wp-json\/wp\/v2\/product_brand?post=6681"},{"taxonomy":"product_cat","embeddable":true,"href":"https:\/\/kanga.exchange\/shop\/wp-json\/wp\/v2\/product_cat?post=6681"},{"taxonomy":"product_tag","embeddable":true,"href":"https:\/\/kanga.exchange\/shop\/wp-json\/wp\/v2\/product_tag?post=6681"}],"curies":[{"name":"wp","href":"https:\/\/api.w.org\/{rel}","templated":true}]}}