{"id":6514,"date":"2023-11-15T12:39:46","date_gmt":"2023-11-15T11:39:46","guid":{"rendered":"https:\/\/kanga.exchange\/shop\/?post_type=product&#038;p=6514"},"modified":"2026-02-01T13:39:34","modified_gmt":"2026-02-01T12:39:34","slug":"plakat-blockchain","status":"publish","type":"product","link":"https:\/\/kanga.exchange\/shop\/produkt\/plakat-blockchain\/","title":{"rendered":"Plakat Blockchain"},"content":{"rendered":"<p><span style=\"font-weight: 400;\">Ten plakat to nie tylko estetyczne dzie\u0142o sztuki, ale tak\u017ce doskona\u0142y spos\u00f3b na zg\u0142\u0119bienie wiedzy na temat kryptowalut i ich wp\u0142ywu na wsp\u00f3\u0142czesne spo\u0142ecze\u0144stwo. Zam\u00f3w ju\u017c dzi\u015b, aby wnie\u015b\u0107 do swojego \u015brodowiska dawk\u0119 fascynuj\u0105cych historii i inspiruj\u0105cych postaci!<\/span><\/p>\n<p><span style=\"font-weight: 400;\">Dlaczego warto kupi\u0107 nasz plakat &#8222;Blockchain&#8221;?<\/span><\/p>\n<ol>\n<li style=\"font-weight: 400;\" aria-level=\"1\"><b>Unikalny design<\/b><span style=\"font-weight: 400;\">: Ka\u017cda posta\u0107 zosta\u0142a starannie zaprojektowana, aby odzwierciedli\u0107 znaczenie swojej roli w \u015bwiecie kryptowalut.<\/span><\/li>\n<li style=\"font-weight: 400;\" aria-level=\"1\"><b>Edukacyjny charakter<\/b><span style=\"font-weight: 400;\">: Plakat to nie tylko ozdoba, ale tak\u017ce interaktywna lekcja historii kryptowalut i ich wp\u0142ywu na \u015bwiat finans\u00f3w.<\/span><\/li>\n<li style=\"font-weight: 400;\" aria-level=\"1\"><b>Idealny rozmiar<\/b><span style=\"font-weight: 400;\">: Wielko\u015b\u0107 A3 i B3 sprawia, \u017ce plakat doskonale prezentuje si\u0119 zar\u00f3wno na \u015bcianie biura, jak i w domu.<\/span><\/li>\n<\/ol>\n<p><span style=\"font-weight: 400;\">Nie przegap okazji na odkrycie tajemnic kryptowalut! Zam\u00f3w ju\u017c dzi\u015b nasz unikalny plakat i zanurz si\u0119 w fascynuj\u0105cy \u015bwiat finans\u00f3w cyfrowych.<\/span><\/p>\n<p><span style=\"font-weight: 400;\">P\u0142atno\u015b\u0107 Kanga Pay daje rabat -15%.<\/span><\/p>\n","protected":false},"excerpt":{"rendered":"<p>Ten plakat to nie tylko estetyczne dzie\u0142o sztuki, ale tak\u017ce doskona\u0142y spos\u00f3b na zg\u0142\u0119bienie wiedzy na temat kryptowalut i ich wp\u0142ywu na wsp\u00f3\u0142czesne spo\u0142ecze\u0144stwo. Zam\u00f3w ju\u017c dzi\u015b, aby wnie\u015b\u0107 do swojego \u015brodowiska dawk\u0119 fascynuj\u0105cych historii i inspiruj\u0105cych postaci! Dlaczego warto kupi\u0107 nasz plakat &#8222;Blockchain&#8221;? Unikalny design: Ka\u017cda posta\u0107 zosta\u0142a starannie zaprojektowana, aby odzwierciedli\u0107 znaczenie swojej [&hellip;]<\/p>\n","protected":false},"featured_media":6515,"comment_status":"open","ping_status":"closed","template":"","meta":{"inline_featured_image":false},"product_brand":[],"product_cat":[232,106],"product_tag":[],"class_list":{"0":"post-6514","1":"product","2":"type-product","3":"status-publish","4":"has-post-thumbnail","6":"product_cat-decorations-2","7":"product_cat-plakaty","9":"first","10":"outofstock","11":"sale","12":"taxable","13":"shipping-taxable","14":"purchasable","15":"product-type-variable","16":"has-default-attributes"},"_links":{"self":[{"href":"https:\/\/kanga.exchange\/shop\/wp-json\/wp\/v2\/product\/6514","targetHints":{"allow":["GET"]}}],"collection":[{"href":"https:\/\/kanga.exchange\/shop\/wp-json\/wp\/v2\/product"}],"about":[{"href":"https:\/\/kanga.exchange\/shop\/wp-json\/wp\/v2\/types\/product"}],"replies":[{"embeddable":true,"href":"https:\/\/kanga.exchange\/shop\/wp-json\/wp\/v2\/comments?post=6514"}],"wp:featuredmedia":[{"embeddable":true,"href":"https:\/\/kanga.exchange\/shop\/wp-json\/wp\/v2\/media\/6515"}],"wp:attachment":[{"href":"https:\/\/kanga.exchange\/shop\/wp-json\/wp\/v2\/media?parent=6514"}],"wp:term":[{"taxonomy":"product_brand","embeddable":true,"href":"https:\/\/kanga.exchange\/shop\/wp-json\/wp\/v2\/product_brand?post=6514"},{"taxonomy":"product_cat","embeddable":true,"href":"https:\/\/kanga.exchange\/shop\/wp-json\/wp\/v2\/product_cat?post=6514"},{"taxonomy":"product_tag","embeddable":true,"href":"https:\/\/kanga.exchange\/shop\/wp-json\/wp\/v2\/product_tag?post=6514"}],"curies":[{"name":"wp","href":"https:\/\/api.w.org\/{rel}","templated":true}]}}