{"id":6365,"date":"2023-10-30T11:14:38","date_gmt":"2023-10-30T10:14:38","guid":{"rendered":"https:\/\/kanga.exchange\/shop\/?post_type=product&#038;p=6365"},"modified":"2025-09-19T13:46:59","modified_gmt":"2025-09-19T11:46:59","slug":"ksiazka-kryptowaluty","status":"publish","type":"product","link":"https:\/\/kanga.exchange\/shop\/produkt\/ksiazka-kryptowaluty\/","title":{"rendered":"Ksi\u0105\u017cka Kryptowaluty"},"content":{"rendered":"<p><span style=\"font-weight: 400;\">Co sprawia, \u017ce ta ksi\u0105\u017cka jest wyj\u0105tkowa? Po pierwsze, to \u017ar\u00f3d\u0142o rzetelnej wiedzy. Po drugie to tam odkryjesz, jak Bitcoin, Ethereum i inne kryptowaluty zmieniaj\u0105 oblicze finans\u00f3w i jak mo\u017cna zyska\u0107 na tej rewolucji.<\/span><\/p>\n<p><span style=\"font-weight: 400;\">Ksi\u0105\u017cka ta oferuje 348 stron pe\u0142nych wiedzy, przy zachowaniu wysokiej jako\u015bci dzi\u0119ki papierowi o gramaturze 90 g. Drukarnia, Zak\u0142ad Poligraficzny Mo\u015b &amp; \u0141ukasz Sp.j., zapewni\u0142a doskona\u0142e wykonanie ka\u017cdej strony, aby tre\u015b\u0107 by\u0142a czytelna i trwa\u0142a. Ponadto, ksi\u0105\u017cka posiada tward\u0105 ok\u0142adk\u0119, co dodatkowo zabezpiecza j\u0105 przed uszkodzeniami i nadaje jej elegancki wygl\u0105d.<\/span><\/p>\n<p><span style=\"font-weight: 400;\">Sponsorem g\u0142\u00f3wnym tego wydania jest Kanga Exchange &#8211; firma, kt\u00f3ra jest symbolem profesjonalizmu i zaanga\u017cowania w \u015bwiat kryptowalut.\u00a0<\/span><\/p>\n<p><span style=\"font-weight: 400;\">Zam\u00f3w teraz w naszym <\/span><span style=\"font-weight: 400;\">sklepie krypto<\/span><span style=\"font-weight: 400;\"> i przygotuj si\u0119 na podr\u00f3\u017c przez \u015bwiat cyfrowego bogactwa! Dodatkowo, dla wszystkich entuzjast\u00f3w krypto, oferujemy szeroki wyb\u00f3r <\/span><span style=\"font-weight: 400;\">gad\u017cet\u00f3w kryptowalutowych<\/span><span style=\"font-weight: 400;\"> oraz\u00a0 <\/span><span style=\"font-weight: 400;\">prezenty z motywem krypto<\/span><span style=\"font-weight: 400;\">.<\/span><\/p>\n<p><span style=\"font-weight: 400;\">P\u0142atno\u015b\u0107 Kanga Pay daje rabat -15%.<\/span><\/p>\n","protected":false},"excerpt":{"rendered":"<p>&nbsp;<\/p>\n<p>&nbsp;<\/p>\n","protected":false},"featured_media":6366,"comment_status":"open","ping_status":"closed","template":"","meta":{"inline_featured_image":false},"product_brand":[],"product_cat":[83],"product_tag":[],"class_list":{"0":"post-6365","1":"product","2":"type-product","3":"status-publish","4":"has-post-thumbnail","6":"product_cat-ksiazki","8":"first","9":"instock","10":"sale","11":"taxable","12":"shipping-taxable","13":"purchasable","14":"product-type-simple"},"_links":{"self":[{"href":"https:\/\/kanga.exchange\/shop\/wp-json\/wp\/v2\/product\/6365","targetHints":{"allow":["GET"]}}],"collection":[{"href":"https:\/\/kanga.exchange\/shop\/wp-json\/wp\/v2\/product"}],"about":[{"href":"https:\/\/kanga.exchange\/shop\/wp-json\/wp\/v2\/types\/product"}],"replies":[{"embeddable":true,"href":"https:\/\/kanga.exchange\/shop\/wp-json\/wp\/v2\/comments?post=6365"}],"wp:featuredmedia":[{"embeddable":true,"href":"https:\/\/kanga.exchange\/shop\/wp-json\/wp\/v2\/media\/6366"}],"wp:attachment":[{"href":"https:\/\/kanga.exchange\/shop\/wp-json\/wp\/v2\/media?parent=6365"}],"wp:term":[{"taxonomy":"product_brand","embeddable":true,"href":"https:\/\/kanga.exchange\/shop\/wp-json\/wp\/v2\/product_brand?post=6365"},{"taxonomy":"product_cat","embeddable":true,"href":"https:\/\/kanga.exchange\/shop\/wp-json\/wp\/v2\/product_cat?post=6365"},{"taxonomy":"product_tag","embeddable":true,"href":"https:\/\/kanga.exchange\/shop\/wp-json\/wp\/v2\/product_tag?post=6365"}],"curies":[{"name":"wp","href":"https:\/\/api.w.org\/{rel}","templated":true}]}}