{"id":6279,"date":"2023-10-19T12:24:23","date_gmt":"2023-10-19T10:24:23","guid":{"rendered":"https:\/\/kanga.exchange\/shop\/?post_type=product&#038;p=6279"},"modified":"2025-09-19T11:31:41","modified_gmt":"2025-09-19T09:31:41","slug":"kubek-in-kanga-we-trust","status":"publish","type":"product","link":"https:\/\/kanga.exchange\/shop\/produkt\/kubek-in-kanga-we-trust\/","title":{"rendered":"Kubek In Kanga we trust"},"content":{"rendered":"<p><b>Dlaczego warto <\/b><b>go<\/b> <b>mie\u0107?<\/b><\/p>\n<p><b>Materia\u0142 wykonania<\/b><\/p>\n<p><span style=\"font-weight: 400;\">Nasz kubek wykonany jest z wysokiej jako\u015bci ceramiki, co gwarantuje trwa\u0142o\u015b\u0107 i elegancj\u0119. To nie tylko kubek, to wyj\u0105tkowy element wyposa\u017cenia Twojej kawowej ceremonii.<\/span><\/p>\n<p><b>Design<\/b><\/p>\n<p><span style=\"font-weight: 400;\">Kubek zdobi wyj\u0105tkowy napis &#8222;In Kanga We Trust&#8221; oraz logo Kangi, kt\u00f3re s\u0105 nie tylko pi\u0119kne w swojej prostocie, ale r\u00f3wnie\u017c wyra\u017caj\u0105 Twoj\u0105 wiar\u0119 w przysz\u0142o\u015b\u0107 kryptowalut.<\/span><\/p>\n<p><b>Pojemno\u015b\u0107<\/b><\/p>\n<p><span style=\"font-weight: 400;\">Kubek ma pojemno\u015b\u0107 250 ml, co czyni go idealnym towarzyszem porannej kawy lub herbaty. Z ka\u017cdym \u0142ykiem dostaniesz dawk\u0119 pozytywnej energii i inspiracji na ca\u0142y dzie\u0144.<\/span><\/p>\n<p><span style=\"font-weight: 400;\">To nie tylko kubek, to <\/span><span style=\"font-weight: 400;\">gad\u017cet kryptowalutowy,<\/span><span style=\"font-weight: 400;\"> kt\u00f3ry pozwala wyrazi\u0107 swoj\u0105 to\u017csamo\u015b\u0107 krypto w elegancki spos\u00f3b. To tak\u017ce doskona\u0142y <\/span><span style=\"font-weight: 400;\">prezent z motywem krypto<\/span><span style=\"font-weight: 400;\"> dla Ciebie lub dla bliskiej osoby, kt\u00f3ra podziela Twoj\u0105 pasj\u0119.<\/span><\/p>\n<p><span style=\"font-weight: 400;\">Zam\u00f3w ju\u017c teraz i dodaj nasz kubek do swojej kolekcji <\/span><span style=\"font-weight: 400;\">gad\u017cet\u00f3w kryptowalutowych<\/span><span style=\"font-weight: 400;\">. W naszym <\/span><span style=\"font-weight: 400;\">sklepie krypto<\/span><span style=\"font-weight: 400;\"> znajdziesz wiele innych inspiruj\u0105cych produkt\u00f3w zwi\u0105zanych z kryptowalutami, kt\u00f3re pomog\u0105 Ci wyrazi\u0107 swoj\u0105 pasj\u0119.<\/span><\/p>\n<p><span style=\"font-weight: 400;\">P\u0142atno\u015b\u0107 Kanga Pay daje rabat -15%.<\/span><\/p>\n","protected":false},"excerpt":{"rendered":"<p>Dlaczego warto go mie\u0107? Materia\u0142 wykonania Nasz kubek wykonany jest z wysokiej jako\u015bci ceramiki, co gwarantuje trwa\u0142o\u015b\u0107 i elegancj\u0119. To nie tylko kubek, to wyj\u0105tkowy element wyposa\u017cenia Twojej kawowej ceremonii. Design Kubek zdobi wyj\u0105tkowy napis &#8222;In Kanga We Trust&#8221; oraz logo Kangi, kt\u00f3re s\u0105 nie tylko pi\u0119kne w swojej prostocie, ale r\u00f3wnie\u017c wyra\u017caj\u0105 Twoj\u0105 wiar\u0119 [&hellip;]<\/p>\n","protected":false},"featured_media":6118,"comment_status":"open","ping_status":"closed","template":"","meta":{"inline_featured_image":false},"product_brand":[],"product_cat":[160,57],"product_tag":[],"class_list":{"0":"post-6279","1":"product","2":"type-product","3":"status-publish","4":"has-post-thumbnail","6":"product_cat-gadzetyiakcesoriabiurowe","7":"product_cat-kubki","9":"first","10":"instock","11":"taxable","12":"shipping-taxable","13":"purchasable","14":"product-type-simple"},"_links":{"self":[{"href":"https:\/\/kanga.exchange\/shop\/wp-json\/wp\/v2\/product\/6279","targetHints":{"allow":["GET"]}}],"collection":[{"href":"https:\/\/kanga.exchange\/shop\/wp-json\/wp\/v2\/product"}],"about":[{"href":"https:\/\/kanga.exchange\/shop\/wp-json\/wp\/v2\/types\/product"}],"replies":[{"embeddable":true,"href":"https:\/\/kanga.exchange\/shop\/wp-json\/wp\/v2\/comments?post=6279"}],"wp:featuredmedia":[{"embeddable":true,"href":"https:\/\/kanga.exchange\/shop\/wp-json\/wp\/v2\/media\/6118"}],"wp:attachment":[{"href":"https:\/\/kanga.exchange\/shop\/wp-json\/wp\/v2\/media?parent=6279"}],"wp:term":[{"taxonomy":"product_brand","embeddable":true,"href":"https:\/\/kanga.exchange\/shop\/wp-json\/wp\/v2\/product_brand?post=6279"},{"taxonomy":"product_cat","embeddable":true,"href":"https:\/\/kanga.exchange\/shop\/wp-json\/wp\/v2\/product_cat?post=6279"},{"taxonomy":"product_tag","embeddable":true,"href":"https:\/\/kanga.exchange\/shop\/wp-json\/wp\/v2\/product_tag?post=6279"}],"curies":[{"name":"wp","href":"https:\/\/api.w.org\/{rel}","templated":true}]}}