{"id":6275,"date":"2023-10-19T12:04:43","date_gmt":"2023-10-19T10:04:43","guid":{"rendered":"https:\/\/kanga.exchange\/shop\/?post_type=product&#038;p=6275"},"modified":"2024-09-12T14:54:55","modified_gmt":"2024-09-12T12:54:55","slug":"x","status":"publish","type":"product","link":"https:\/\/kanga.exchange\/shop\/produkt\/x\/","title":{"rendered":"Kubek Krypto za got\u00f3wk\u0119"},"content":{"rendered":"<p><b>Dlaczego warto<\/b> <b>go<\/b><b> mie\u0107?<\/b><\/p>\n<p><b>Materia\u0142 wykonania<\/b><\/p>\n<p><span style=\"font-weight: 400;\">Nasz kubek zosta\u0142 starannie wykonany z najwy\u017cszej jako\u015bci ceramiki, co zapewnia trwa\u0142o\u015b\u0107 i elegancj\u0119. To nie tylko kubek, to unikalny element Twojej codziennej rutyny.<\/span><\/p>\n<p><b>Design<\/b><\/p>\n<p><span style=\"font-weight: 400;\">Na kubku znajduje si\u0119 grafika Kanganauty, kt\u00f3ra \u0142\u0105czy estetyk\u0119 z pasj\u0105 do kryptowalut. Napis &#8222;Wymieniaj krypto za got\u00f3wk\u0119!&#8221; dodaje mu dodatkowego wyrazu i inspiruje do korzystania z cyfrowych walut w codziennym \u017cyciu.<\/span><\/p>\n<p><b>Pojemno\u015b\u0107<\/b><\/p>\n<p><span style=\"font-weight: 400;\">Nasz kubek ma pojemno\u015b\u0107 250 ml, co sprawia, \u017ce jest idealny na porann\u0105 kaw\u0119, herbat\u0119 lub ulubiony nap\u00f3j. Ka\u017cdy \u0142yk przypomina Ci o korzy\u015bciach p\u0142yn\u0105cych z inwestycji w kryptowaluty.<\/span><\/p>\n<p><span style=\"font-weight: 400;\">To nie tylko kubek, to <\/span><span style=\"font-weight: 400;\">gad\u017cet krypto<\/span><span style=\"font-weight: 400;\">, kt\u00f3ry pozwala Ci wyrazi\u0107 swoje przekonania i podkre\u015bla zalety korzystania z cyfrowych walut. To tak\u017ce doskona\u0142y <\/span><span style=\"font-weight: 400;\">prezent z motywem krypto<\/span><span style=\"font-weight: 400;\"> dla Ciebie lub dla bliskiej osoby, kt\u00f3ra podziela Twoj\u0105 fascynacj\u0119 kryptowalutami.<\/span><\/p>\n<p><span style=\"font-weight: 400;\">Jako <\/span><span style=\"font-weight: 400;\">sklep krypto<\/span><span style=\"font-weight: 400;\"> oferujemy szeroki wyb\u00f3r <\/span><span style=\"font-weight: 400;\">gad\u017cet\u00f3w z logo kryptowalut<\/span><span style=\"font-weight: 400;\">, ale ten kubek jest naprawd\u0119 wyj\u0105tkowy. Zam\u00f3w ju\u017c teraz i dodaj nasz kubek do swojej kolekcji <\/span><span style=\"font-weight: 400;\">gad\u017cet\u00f3w kryptowalutowych<\/span><span style=\"font-weight: 400;\">.\u00a0<\/span><\/p>\n","protected":false},"excerpt":{"rendered":"<p><span style=\"font-weight: 400;\">Nasz kubek z grafik\u0105 Kanganauty i motywacyjnym napisem &#8222;Wymieniaj krypto za got\u00f3wk\u0119!&#8221; to nie tylko zwyk\u0142y kubek, to wyraz Twojej przekonania w warto\u015bci cyfrowych walut i \u015bwiata krypto.\u00a0<\/span><\/p>\n<p><span style=\"font-weight: 400;\">P\u0142atno\u015b\u0107 Kanga Pay daje rabat -15%.<\/span><\/p>\n","protected":false},"featured_media":6129,"comment_status":"open","ping_status":"closed","template":"","meta":{"inline_featured_image":false},"product_brand":[],"product_cat":[160,57],"product_tag":[],"class_list":{"0":"post-6275","1":"product","2":"type-product","3":"status-publish","4":"has-post-thumbnail","6":"product_cat-gadzetyiakcesoriabiurowe","7":"product_cat-kubki","9":"first","10":"outofstock","11":"taxable","12":"shipping-taxable","13":"purchasable","14":"product-type-simple"},"_links":{"self":[{"href":"https:\/\/kanga.exchange\/shop\/wp-json\/wp\/v2\/product\/6275","targetHints":{"allow":["GET"]}}],"collection":[{"href":"https:\/\/kanga.exchange\/shop\/wp-json\/wp\/v2\/product"}],"about":[{"href":"https:\/\/kanga.exchange\/shop\/wp-json\/wp\/v2\/types\/product"}],"replies":[{"embeddable":true,"href":"https:\/\/kanga.exchange\/shop\/wp-json\/wp\/v2\/comments?post=6275"}],"wp:featuredmedia":[{"embeddable":true,"href":"https:\/\/kanga.exchange\/shop\/wp-json\/wp\/v2\/media\/6129"}],"wp:attachment":[{"href":"https:\/\/kanga.exchange\/shop\/wp-json\/wp\/v2\/media?parent=6275"}],"wp:term":[{"taxonomy":"product_brand","embeddable":true,"href":"https:\/\/kanga.exchange\/shop\/wp-json\/wp\/v2\/product_brand?post=6275"},{"taxonomy":"product_cat","embeddable":true,"href":"https:\/\/kanga.exchange\/shop\/wp-json\/wp\/v2\/product_cat?post=6275"},{"taxonomy":"product_tag","embeddable":true,"href":"https:\/\/kanga.exchange\/shop\/wp-json\/wp\/v2\/product_tag?post=6275"}],"curies":[{"name":"wp","href":"https:\/\/api.w.org\/{rel}","templated":true}]}}