{"id":18252,"date":"2025-09-12T11:09:53","date_gmt":"2025-09-12T09:09:53","guid":{"rendered":"https:\/\/kanga.exchange\/shop\/?post_type=product&#038;p=18252"},"modified":"2025-09-19T10:49:56","modified_gmt":"2025-09-19T08:49:56","slug":"plakat-btc","status":"publish","type":"product","link":"https:\/\/kanga.exchange\/shop\/produkt\/plakat-btc\/","title":{"rendered":"Plakat BTC"},"content":{"rendered":"<p><span style=\"font-weight: 400;\">Minimalistyczny plakat prezentuje logo Bitcoin (BTC) na pomara\u0144czowym tle z typografi\u0105 BTC.\u00a0<\/span><\/p>\n<p><span style=\"font-weight: 400;\">Bitcoin to pierwsza i najpopularniejsza kryptowaluta, cyfrowa waluta dzia\u0142aj\u0105ca poza kontrol\u0105 bank\u00f3w czy rz\u0105d\u00f3w. Umo\u017cliwia szybkie, bezpieczne przekazywanie pieni\u0119dzy w internecie bez po\u015brednik\u00f3w, ka\u017cda transakcja rejestrowana jest w publicznym, zdecentralizowanym rejestrze blockchain. BTC charakteryzuje si\u0119 ograniczon\u0105 poda\u017c\u0105 21 milion\u00f3w, co chroni przed inflacj\u0105 i zapewnia wysokie bezpiecze\u0144stwo oraz przejrzysto\u015b\u0107. Dzi\u0119ki temu Bitcoin zyska\u0142 uznanie jako alternatywny \u015brodek p\u0142atniczy i spos\u00f3b przechowywania warto\u015bci na ca\u0142ym \u015bwiecie.<\/span><\/p>\n<p>P\u0142atno\u015b\u0107 Kanga Pay daje rabat -15%<\/p>\n","protected":false},"excerpt":{"rendered":"<p>Minimalistyczny plakat prezentuje logo Bitcoin (BTC) na pomara\u0144czowym tle z typografi\u0105 BTC.\u00a0 Bitcoin to pierwsza i najpopularniejsza kryptowaluta, cyfrowa waluta dzia\u0142aj\u0105ca poza kontrol\u0105 bank\u00f3w czy rz\u0105d\u00f3w. Umo\u017cliwia szybkie, bezpieczne przekazywanie pieni\u0119dzy w internecie bez po\u015brednik\u00f3w, ka\u017cda transakcja rejestrowana jest w publicznym, zdecentralizowanym rejestrze blockchain. BTC charakteryzuje si\u0119 ograniczon\u0105 poda\u017c\u0105 21 milion\u00f3w, co chroni przed inflacj\u0105 [&hellip;]<\/p>\n","protected":false},"featured_media":18249,"comment_status":"closed","ping_status":"closed","template":"","meta":{"inline_featured_image":false},"product_brand":[],"product_cat":[106],"product_tag":[],"class_list":{"0":"post-18252","1":"product","2":"type-product","3":"status-publish","4":"has-post-thumbnail","6":"product_cat-plakaty","8":"first","9":"onbackorder","10":"taxable","11":"shipping-taxable","12":"purchasable","13":"product-type-variable","14":"has-default-attributes"},"_links":{"self":[{"href":"https:\/\/kanga.exchange\/shop\/wp-json\/wp\/v2\/product\/18252","targetHints":{"allow":["GET"]}}],"collection":[{"href":"https:\/\/kanga.exchange\/shop\/wp-json\/wp\/v2\/product"}],"about":[{"href":"https:\/\/kanga.exchange\/shop\/wp-json\/wp\/v2\/types\/product"}],"replies":[{"embeddable":true,"href":"https:\/\/kanga.exchange\/shop\/wp-json\/wp\/v2\/comments?post=18252"}],"wp:featuredmedia":[{"embeddable":true,"href":"https:\/\/kanga.exchange\/shop\/wp-json\/wp\/v2\/media\/18249"}],"wp:attachment":[{"href":"https:\/\/kanga.exchange\/shop\/wp-json\/wp\/v2\/media?parent=18252"}],"wp:term":[{"taxonomy":"product_brand","embeddable":true,"href":"https:\/\/kanga.exchange\/shop\/wp-json\/wp\/v2\/product_brand?post=18252"},{"taxonomy":"product_cat","embeddable":true,"href":"https:\/\/kanga.exchange\/shop\/wp-json\/wp\/v2\/product_cat?post=18252"},{"taxonomy":"product_tag","embeddable":true,"href":"https:\/\/kanga.exchange\/shop\/wp-json\/wp\/v2\/product_tag?post=18252"}],"curies":[{"name":"wp","href":"https:\/\/api.w.org\/{rel}","templated":true}]}}