{"id":18242,"date":"2025-09-12T11:13:46","date_gmt":"2025-09-12T09:13:46","guid":{"rendered":"https:\/\/kanga.exchange\/shop\/?post_type=product&#038;p=18242"},"modified":"2025-09-19T10:49:49","modified_gmt":"2025-09-19T08:49:49","slug":"plakat-eth","status":"publish","type":"product","link":"https:\/\/kanga.exchange\/shop\/produkt\/plakat-eth\/","title":{"rendered":"Plakat ETH"},"content":{"rendered":"<p><span style=\"font-weight: 400;\">Minimalistyczny plakat przedstawia logo Ethereum (ETH) na niebieskim tle, z du\u017cym symbolem tej kryptowaluty i typografi\u0105 ETH.\u00a0<\/span><\/p>\n<p><span style=\"font-weight: 400;\">Ethereum to nowoczesny blockchain powsta\u0142y z inicjatywy Vitalika Buterina w 2013 roku. ETH, czyli Ether, s\u0142u\u017cy do przesy\u0142ania cyfrowej warto\u015bci i op\u0142acania transakcji w sieci. Blockchain jest publiczny, przez co ka\u017cda operacja jest widoczna i \u0142atwa do sprawdzenia. Ethereum gwarantuje bezpiecze\u0144stwo, przejrzysto\u015b\u0107 oraz szybkie, niezawodne przekazywanie \u015brodk\u00f3w, dlatego nale\u017cy do najcz\u0119\u015bciej wybieranych kryptowalut na \u015bwiecie.<\/span><\/p>\n<p>P\u0142atno\u015b\u0107 Kanga Pay daje rabat -15%<\/p>\n","protected":false},"excerpt":{"rendered":"<p>Minimalistyczny plakat przedstawia logo Ethereum (ETH) na niebieskim tle, z du\u017cym symbolem tej kryptowaluty i typografi\u0105 ETH.\u00a0 Ethereum to nowoczesny blockchain powsta\u0142y z inicjatywy Vitalika Buterina w 2013 roku. ETH, czyli Ether, s\u0142u\u017cy do przesy\u0142ania cyfrowej warto\u015bci i op\u0142acania transakcji w sieci. Blockchain jest publiczny, przez co ka\u017cda operacja jest widoczna i \u0142atwa do sprawdzenia. [&hellip;]<\/p>\n","protected":false},"featured_media":18239,"comment_status":"closed","ping_status":"closed","template":"","meta":{"inline_featured_image":false},"product_brand":[],"product_cat":[106],"product_tag":[],"class_list":{"0":"post-18242","1":"product","2":"type-product","3":"status-publish","4":"has-post-thumbnail","6":"product_cat-plakaty","8":"first","9":"onbackorder","10":"taxable","11":"shipping-taxable","12":"purchasable","13":"product-type-variable","14":"has-default-attributes"},"_links":{"self":[{"href":"https:\/\/kanga.exchange\/shop\/wp-json\/wp\/v2\/product\/18242","targetHints":{"allow":["GET"]}}],"collection":[{"href":"https:\/\/kanga.exchange\/shop\/wp-json\/wp\/v2\/product"}],"about":[{"href":"https:\/\/kanga.exchange\/shop\/wp-json\/wp\/v2\/types\/product"}],"replies":[{"embeddable":true,"href":"https:\/\/kanga.exchange\/shop\/wp-json\/wp\/v2\/comments?post=18242"}],"wp:featuredmedia":[{"embeddable":true,"href":"https:\/\/kanga.exchange\/shop\/wp-json\/wp\/v2\/media\/18239"}],"wp:attachment":[{"href":"https:\/\/kanga.exchange\/shop\/wp-json\/wp\/v2\/media?parent=18242"}],"wp:term":[{"taxonomy":"product_brand","embeddable":true,"href":"https:\/\/kanga.exchange\/shop\/wp-json\/wp\/v2\/product_brand?post=18242"},{"taxonomy":"product_cat","embeddable":true,"href":"https:\/\/kanga.exchange\/shop\/wp-json\/wp\/v2\/product_cat?post=18242"},{"taxonomy":"product_tag","embeddable":true,"href":"https:\/\/kanga.exchange\/shop\/wp-json\/wp\/v2\/product_tag?post=18242"}],"curies":[{"name":"wp","href":"https:\/\/api.w.org\/{rel}","templated":true}]}}