{"id":18232,"date":"2025-09-12T11:15:57","date_gmt":"2025-09-12T09:15:57","guid":{"rendered":"https:\/\/kanga.exchange\/shop\/?post_type=product&#038;p=18232"},"modified":"2025-09-19T10:49:40","modified_gmt":"2025-09-19T08:49:40","slug":"plakat-kng","status":"publish","type":"product","link":"https:\/\/kanga.exchange\/shop\/produkt\/plakat-kng\/","title":{"rendered":"Plakat KNG"},"content":{"rendered":"<p><span style=\"font-weight: 400;\">Minimalistyczny plakat prezentuje logo KNG na energetycznym, pomara\u0144czowym tle. Wyrazista typografia KNG podkre\u015bla powi\u0105zanie z nowoczesnym ekosystemem Kanga Exchange i funkcj\u0119 tokena u\u017cytkowego na tej gie\u0142dzie.\u00a0<\/span><\/p>\n<p><span style=\"font-weight: 400;\">KNG to token stworzony do rozlicze\u0144, obs\u0142ugi transakcji oraz p\u0142atno\u015bci us\u0142ug na Kanga Exchange, jego ograniczona poda\u017c wynosi 21 milion\u00f3w sztuk. U\u017cytkownicy mog\u0105 korzysta\u0107 z KNG do obni\u017cania prowizji, stakingu z pasywnymi nagrodami i p\u0142atno\u015bci za produkty w Kanga Shop. Dzi\u0119ki du\u017cej p\u0142ynno\u015bci, mo\u017cliwo\u015bci wymiany w kantorach oraz licznym funkcjom dedykowanym inwestorom i entuzjastom blockchain KNG jest kluczowym aktywem rosn\u0105cej spo\u0142eczno\u015bci Kanga.<\/span><\/p>\n<p>P\u0142atno\u015b\u0107 Kanga Pay daje rabat -15%<\/p>\n","protected":false},"excerpt":{"rendered":"<p>Minimalistyczny plakat prezentuje logo KNG na energetycznym, pomara\u0144czowym tle. Wyrazista typografia KNG podkre\u015bla powi\u0105zanie z nowoczesnym ekosystemem Kanga Exchange i funkcj\u0119 tokena u\u017cytkowego na tej gie\u0142dzie.\u00a0 KNG to token stworzony do rozlicze\u0144, obs\u0142ugi transakcji oraz p\u0142atno\u015bci us\u0142ug na Kanga Exchange, jego ograniczona poda\u017c wynosi 21 milion\u00f3w sztuk. U\u017cytkownicy mog\u0105 korzysta\u0107 z KNG do obni\u017cania prowizji, [&hellip;]<\/p>\n","protected":false},"featured_media":18228,"comment_status":"closed","ping_status":"closed","template":"","meta":{"inline_featured_image":false},"product_brand":[],"product_cat":[106],"product_tag":[],"class_list":{"0":"post-18232","1":"product","2":"type-product","3":"status-publish","4":"has-post-thumbnail","6":"product_cat-plakaty","8":"first","9":"onbackorder","10":"taxable","11":"shipping-taxable","12":"purchasable","13":"product-type-variable","14":"has-default-attributes"},"_links":{"self":[{"href":"https:\/\/kanga.exchange\/shop\/wp-json\/wp\/v2\/product\/18232","targetHints":{"allow":["GET"]}}],"collection":[{"href":"https:\/\/kanga.exchange\/shop\/wp-json\/wp\/v2\/product"}],"about":[{"href":"https:\/\/kanga.exchange\/shop\/wp-json\/wp\/v2\/types\/product"}],"replies":[{"embeddable":true,"href":"https:\/\/kanga.exchange\/shop\/wp-json\/wp\/v2\/comments?post=18232"}],"wp:featuredmedia":[{"embeddable":true,"href":"https:\/\/kanga.exchange\/shop\/wp-json\/wp\/v2\/media\/18228"}],"wp:attachment":[{"href":"https:\/\/kanga.exchange\/shop\/wp-json\/wp\/v2\/media?parent=18232"}],"wp:term":[{"taxonomy":"product_brand","embeddable":true,"href":"https:\/\/kanga.exchange\/shop\/wp-json\/wp\/v2\/product_brand?post=18232"},{"taxonomy":"product_cat","embeddable":true,"href":"https:\/\/kanga.exchange\/shop\/wp-json\/wp\/v2\/product_cat?post=18232"},{"taxonomy":"product_tag","embeddable":true,"href":"https:\/\/kanga.exchange\/shop\/wp-json\/wp\/v2\/product_tag?post=18232"}],"curies":[{"name":"wp","href":"https:\/\/api.w.org\/{rel}","templated":true}]}}