{"id":18221,"date":"2025-09-12T11:07:37","date_gmt":"2025-09-12T09:07:37","guid":{"rendered":"https:\/\/kanga.exchange\/shop\/?post_type=product&#038;p=18221"},"modified":"2025-09-19T10:50:00","modified_gmt":"2025-09-19T08:50:00","slug":"plakat-tether","status":"publish","type":"product","link":"https:\/\/kanga.exchange\/shop\/produkt\/plakat-tether\/","title":{"rendered":"Plakat Tether"},"content":{"rendered":"<p><span style=\"font-weight: 400;\">Minimalistyczny plakat prezentuje logo Tether na zielonym tle. Wyrazista typografia USDT podkre\u015bla inspiracj\u0119 cyfrowym dolarem i funkcj\u0119 stabilno\u015bci USDT w \u015bwiecie blockchain.\u00a0<\/span><\/p>\n<p><span style=\"font-weight: 400;\">Tether to stablecoin, czyli kryptowaluta zaprojektowana tak, by jej warto\u015b\u0107 zawsze odpowiada\u0142a 1 USD. USDT zapewnia inwestorom ochron\u0119 kapita\u0142u przed zmienno\u015bci\u0105 cen na rynku krypto,\u00a0 mo\u017cesz \u0142atwo kupi\u0107, sprzeda\u0107 i przechowywa\u0107 USDT na najwi\u0119kszych gie\u0142dach bez powrotu do tradycyjnych walut. Dzi\u0119ki wysokiej p\u0142ynno\u015bci i szybkim transakcjom Tether jest idealny do handlu, zabezpieczania zysk\u00f3w oraz transfer\u00f3w mi\u0119dzy r\u00f3\u017cnymi kryptowalutami, co czyni go jednym z najcz\u0119\u015bciej wybieranych aktyw\u00f3w przez inwestor\u00f3w.<\/span><\/p>\n<p>P\u0142atno\u015b\u0107 Kanga Pay daje rabat -15%<\/p>\n","protected":false},"excerpt":{"rendered":"<p>Minimalistyczny plakat prezentuje logo Tether na zielonym tle. Wyrazista typografia USDT podkre\u015bla inspiracj\u0119 cyfrowym dolarem i funkcj\u0119 stabilno\u015bci USDT w \u015bwiecie blockchain.\u00a0 Tether to stablecoin, czyli kryptowaluta zaprojektowana tak, by jej warto\u015b\u0107 zawsze odpowiada\u0142a 1 USD. USDT zapewnia inwestorom ochron\u0119 kapita\u0142u przed zmienno\u015bci\u0105 cen na rynku krypto,\u00a0 mo\u017cesz \u0142atwo kupi\u0107, sprzeda\u0107 i przechowywa\u0107 USDT na [&hellip;]<\/p>\n","protected":false},"featured_media":18216,"comment_status":"closed","ping_status":"closed","template":"","meta":{"inline_featured_image":false},"product_brand":[],"product_cat":[106],"product_tag":[],"class_list":{"0":"post-18221","1":"product","2":"type-product","3":"status-publish","4":"has-post-thumbnail","6":"product_cat-plakaty","8":"first","9":"onbackorder","10":"taxable","11":"shipping-taxable","12":"purchasable","13":"product-type-variable","14":"has-default-attributes"},"_links":{"self":[{"href":"https:\/\/kanga.exchange\/shop\/wp-json\/wp\/v2\/product\/18221","targetHints":{"allow":["GET"]}}],"collection":[{"href":"https:\/\/kanga.exchange\/shop\/wp-json\/wp\/v2\/product"}],"about":[{"href":"https:\/\/kanga.exchange\/shop\/wp-json\/wp\/v2\/types\/product"}],"replies":[{"embeddable":true,"href":"https:\/\/kanga.exchange\/shop\/wp-json\/wp\/v2\/comments?post=18221"}],"wp:featuredmedia":[{"embeddable":true,"href":"https:\/\/kanga.exchange\/shop\/wp-json\/wp\/v2\/media\/18216"}],"wp:attachment":[{"href":"https:\/\/kanga.exchange\/shop\/wp-json\/wp\/v2\/media?parent=18221"}],"wp:term":[{"taxonomy":"product_brand","embeddable":true,"href":"https:\/\/kanga.exchange\/shop\/wp-json\/wp\/v2\/product_brand?post=18221"},{"taxonomy":"product_cat","embeddable":true,"href":"https:\/\/kanga.exchange\/shop\/wp-json\/wp\/v2\/product_cat?post=18221"},{"taxonomy":"product_tag","embeddable":true,"href":"https:\/\/kanga.exchange\/shop\/wp-json\/wp\/v2\/product_tag?post=18221"}],"curies":[{"name":"wp","href":"https:\/\/api.w.org\/{rel}","templated":true}]}}