{"id":15755,"date":"2025-08-01T13:17:44","date_gmt":"2025-08-01T11:17:44","guid":{"rendered":"https:\/\/kanga.exchange\/shop\/?post_type=product&#038;p=15755"},"modified":"2025-09-19T12:59:58","modified_gmt":"2025-09-19T10:59:58","slug":"co-tylko-zechcesz","status":"publish","type":"product","link":"https:\/\/kanga.exchange\/shop\/produkt\/co-tylko-zechcesz\/","title":{"rendered":"Co tylko zechcesz"},"content":{"rendered":"<p data-start=\"54\" data-end=\"557\">Derek Sivers, muzyk bez do\u015bwiadczenia w biznesie, stworzy\u0142 stron\u0119 do sprzeda\u017cy p\u0142yt. Dziesi\u0119\u0107 lat p\u00f3\u017aniej CD Baby obs\u0142ugiwa\u0142o 150 tys. artyst\u00f3w, zatrudnia\u0142o 85 os\u00f3b i generowa\u0142o 100 mln $ rocznie. Sivers sprzeda\u0142 firm\u0119 za 22 mln, \u0142ami\u0105c niemal wszystkie zasady MBA. W ksi\u0105\u017cce <strong data-start=\"330\" data-end=\"396\">\u201eCo tylko zechcesz \u2013 48 lekcji przedsi\u0119biorczo\u015bci w 48 godzin\u201d<\/strong> dzieli si\u0119 praktycznymi lekcjami: jak zaczyna\u0107 od ma\u0142ego, budowa\u0107 firm\u0119 wok\u00f3\u0142 warto\u015bci, m\u00f3wi\u0107 \u201enie\u201d, dba\u0107 o klient\u00f3w i tworzy\u0107 biznes, kt\u00f3ry daje satysfakcj\u0119.<\/p>\n<p>Tytu\u0142: Co tylko zechcesz &#8211; 48 lekcji przedsi\u0119biorczo\u015bci w 48 godzin<br \/>\nAutor: Sivers Derek<br \/>\nT\u0142umaczenie: Munnich Kasia<br \/>\nWydawnictwo: Ksi\u0119gi Barneja<br \/>\nJ\u0119zyk wydania: polski<\/p>\n","protected":false},"excerpt":{"rendered":"<p>Derek Sivers, muzyk bez do\u015bwiadczenia w biznesie, stworzy\u0142 stron\u0119 do sprzeda\u017cy p\u0142yt. Dziesi\u0119\u0107 lat p\u00f3\u017aniej CD Baby obs\u0142ugiwa\u0142o 150 tys. artyst\u00f3w, zatrudnia\u0142o 85 os\u00f3b i generowa\u0142o 100 mln $ rocznie. Sivers sprzeda\u0142 firm\u0119 za 22 mln, \u0142ami\u0105c niemal wszystkie zasady MBA. W ksi\u0105\u017cce \u201eCo tylko zechcesz \u2013 48 lekcji przedsi\u0119biorczo\u015bci w 48 godzin\u201d dzieli si\u0119 [&hellip;]<\/p>\n","protected":false},"featured_media":15748,"comment_status":"closed","ping_status":"closed","template":"","meta":{"inline_featured_image":false},"product_brand":[],"product_cat":[83],"product_tag":[],"class_list":{"0":"post-15755","1":"product","2":"type-product","3":"status-publish","4":"has-post-thumbnail","6":"product_cat-ksiazki","8":"first","9":"instock","10":"sale","11":"taxable","12":"shipping-taxable","13":"purchasable","14":"product-type-simple"},"_links":{"self":[{"href":"https:\/\/kanga.exchange\/shop\/wp-json\/wp\/v2\/product\/15755","targetHints":{"allow":["GET"]}}],"collection":[{"href":"https:\/\/kanga.exchange\/shop\/wp-json\/wp\/v2\/product"}],"about":[{"href":"https:\/\/kanga.exchange\/shop\/wp-json\/wp\/v2\/types\/product"}],"replies":[{"embeddable":true,"href":"https:\/\/kanga.exchange\/shop\/wp-json\/wp\/v2\/comments?post=15755"}],"wp:featuredmedia":[{"embeddable":true,"href":"https:\/\/kanga.exchange\/shop\/wp-json\/wp\/v2\/media\/15748"}],"wp:attachment":[{"href":"https:\/\/kanga.exchange\/shop\/wp-json\/wp\/v2\/media?parent=15755"}],"wp:term":[{"taxonomy":"product_brand","embeddable":true,"href":"https:\/\/kanga.exchange\/shop\/wp-json\/wp\/v2\/product_brand?post=15755"},{"taxonomy":"product_cat","embeddable":true,"href":"https:\/\/kanga.exchange\/shop\/wp-json\/wp\/v2\/product_cat?post=15755"},{"taxonomy":"product_tag","embeddable":true,"href":"https:\/\/kanga.exchange\/shop\/wp-json\/wp\/v2\/product_tag?post=15755"}],"curies":[{"name":"wp","href":"https:\/\/api.w.org\/{rel}","templated":true}]}}